{"id":15,"date":"2012-04-23T15:40:43","date_gmt":"2012-04-23T15:40:43","guid":{"rendered":"http:\/\/www2.unifap.br\/acessoainformacao\/?page_id=15"},"modified":"2014-07-02T18:42:52","modified_gmt":"2014-07-02T18:42:52","slug":"auditorias-3","status":"publish","type":"page","link":"http:\/\/www2.unifap.br\/acessoainformacao\/auditorias-3\/","title":{"rendered":"Auditorias"},"content":{"rendered":"<p>Nesta se\u00e7\u00e3o s\u00e3o divulgadas informa\u00e7\u00f5es referentes ao resultado de inspe\u00e7\u00f5es, auditorias, presta\u00e7\u00f5es e tomada de contas realizadas na Universidade Federal do Amap\u00e1.<\/p>\n<p><a href=\"http:\/\/www2.unifap.br\/deplan\/certificacoes-de-auditoria\/\">Auditorias<\/a><\/p>\n<p>&nbsp;<\/p>\n<p><span style=\"text-decoration: underline;\"><strong>RELAT\u00d3RIOS DA CGU (Clique no item desejado para acessar)<\/strong><\/span><\/p>\n<ul>\n<li><strong><a href=\"http:\/\/www.cgu.gov.br\/relatorios\/RA201203083\/\" target=\"_blank\">CGU \u2013 Relat\u00f3rio de Auditoria Anual de Contas \u2013 Exerc\u00edcio 2011<\/a><\/strong><\/li>\n<\/ul>\n","protected":false},"excerpt":{"rendered":"<p>Nesta se\u00e7\u00e3o s\u00e3o divulgadas informa\u00e7\u00f5es referentes ao resultado de inspe\u00e7\u00f5es, auditorias, presta\u00e7\u00f5es e tomada de contas realizadas na Universidade Federal do Amap\u00e1. Auditorias &nbsp; RELAT\u00d3RIOS DA CGU (Clique no item desejado para acessar) CGU \u2013 Relat\u00f3rio de Auditoria Anual de&hellip; <\/p>\n<p><a href=\"http:\/\/www2.unifap.br\/acessoainformacao\/auditorias-3\/\" class=\"readmore-button\">Continue Reading<\/a><\/p>\n","protected":false},"author":1,"featured_media":0,"parent":0,"menu_order":5,"comment_status":"closed","ping_status":"closed","template":"template-twocolumns-left.php","meta":{"inline_featured_image":false,"ngg_post_thumbnail":0,"footnotes":""},"class_list":["post-15","page","type-page","status-publish","hentry"],"_links":{"self":[{"href":"http:\/\/www2.unifap.br\/acessoainformacao\/wp-json\/wp\/v2\/pages\/15","targetHints":{"allow":["GET"]}}],"collection":[{"href":"http:\/\/www2.unifap.br\/acessoainformacao\/wp-json\/wp\/v2\/pages"}],"about":[{"href":"http:\/\/www2.unifap.br\/acessoainformacao\/wp-json\/wp\/v2\/types\/page"}],"author":[{"embeddable":true,"href":"http:\/\/www2.unifap.br\/acessoainformacao\/wp-json\/wp\/v2\/users\/1"}],"replies":[{"embeddable":true,"href":"http:\/\/www2.unifap.br\/acessoainformacao\/wp-json\/wp\/v2\/comments?post=15"}],"version-history":[{"count":8,"href":"http:\/\/www2.unifap.br\/acessoainformacao\/wp-json\/wp\/v2\/pages\/15\/revisions"}],"predecessor-version":[{"id":175,"href":"http:\/\/www2.unifap.br\/acessoainformacao\/wp-json\/wp\/v2\/pages\/15\/revisions\/175"}],"wp:attachment":[{"href":"http:\/\/www2.unifap.br\/acessoainformacao\/wp-json\/wp\/v2\/media?parent=15"}],"curies":[{"name":"wp","href":"https:\/\/api.w.org\/{rel}","templated":true}]}}