{"id":17,"date":"2012-04-23T15:40:50","date_gmt":"2012-04-23T15:40:50","guid":{"rendered":"http:\/\/www2.unifap.br\/acessoainformacao\/?page_id=17"},"modified":"2014-07-02T18:42:52","modified_gmt":"2014-07-02T18:42:52","slug":"convenios","status":"publish","type":"page","link":"http:\/\/www2.unifap.br\/acessoainformacao\/convenios\/","title":{"rendered":"Conv\u00eanios"},"content":{"rendered":"<p>Nesta se\u00e7\u00e3o s\u00e3o divulgadas informa\u00e7\u00f5es sobre os repasses e transfer\u00eancias de recursos financeiros efetuados pela Universidade Federal do Amap\u00e1.<\/p>\n","protected":false},"excerpt":{"rendered":"<p>Nesta se\u00e7\u00e3o s\u00e3o divulgadas informa\u00e7\u00f5es sobre os repasses e transfer\u00eancias de recursos financeiros efetuados pela Universidade Federal do Amap\u00e1.<\/p>\n","protected":false},"author":1,"featured_media":0,"parent":0,"menu_order":6,"comment_status":"closed","ping_status":"closed","template":"template-twocolumns-left.php","meta":{"inline_featured_image":false,"ngg_post_thumbnail":0,"footnotes":""},"class_list":["post-17","page","type-page","status-publish","hentry"],"_links":{"self":[{"href":"http:\/\/www2.unifap.br\/acessoainformacao\/wp-json\/wp\/v2\/pages\/17","targetHints":{"allow":["GET"]}}],"collection":[{"href":"http:\/\/www2.unifap.br\/acessoainformacao\/wp-json\/wp\/v2\/pages"}],"about":[{"href":"http:\/\/www2.unifap.br\/acessoainformacao\/wp-json\/wp\/v2\/types\/page"}],"author":[{"embeddable":true,"href":"http:\/\/www2.unifap.br\/acessoainformacao\/wp-json\/wp\/v2\/users\/1"}],"replies":[{"embeddable":true,"href":"http:\/\/www2.unifap.br\/acessoainformacao\/wp-json\/wp\/v2\/comments?post=17"}],"version-history":[{"count":5,"href":"http:\/\/www2.unifap.br\/acessoainformacao\/wp-json\/wp\/v2\/pages\/17\/revisions"}],"predecessor-version":[{"id":190,"href":"http:\/\/www2.unifap.br\/acessoainformacao\/wp-json\/wp\/v2\/pages\/17\/revisions\/190"}],"wp:attachment":[{"href":"http:\/\/www2.unifap.br\/acessoainformacao\/wp-json\/wp\/v2\/media?parent=17"}],"curies":[{"name":"wp","href":"https:\/\/api.w.org\/{rel}","templated":true}]}}