{"id":19,"date":"2012-04-23T15:41:24","date_gmt":"2012-04-23T15:41:24","guid":{"rendered":"http:\/\/www2.unifap.br\/acessoainformacao\/?page_id=19"},"modified":"2014-07-02T18:42:52","modified_gmt":"2014-07-02T18:42:52","slug":"despesas","status":"publish","type":"page","link":"http:\/\/www2.unifap.br\/acessoainformacao\/despesas\/","title":{"rendered":"Despesas"},"content":{"rendered":"<p>Nesta se\u00e7\u00e3o s\u00e3o divulgadas informa\u00e7\u00f5es sobre a execu\u00e7\u00e3o or\u00e7ament\u00e1ria e financeira detalhada da Universidade Federal do Amap\u00e1.<\/p>\n<p>Confira abaixo informa\u00e7\u00f5es sobre a execu\u00e7\u00e3o or\u00e7ament\u00e1ria e financeira detalhada da Universidade Federal do Amap\u00e1. S\u00e3o v\u00e1rios os tipos de consulta:<\/p>\n<p><strong><a href=\"http:\/\/www.portaltransparencia.gov.br\/despesasdiarias\/\" target=\"_blank\">Despesas di\u00e1rias da UNIFAP por meio de consulta ao Portal da Transpar\u00eancia do Governo Federal<\/a><\/strong><\/p>\n<address style=\"padding-left: 30px;\">&gt; Para acessar as despesas di\u00e1rias da UNIFAP, ap\u00f3s clicar no link acima, e escolha o per\u00edodo desejado.<\/address>\n<address style=\"padding-left: 30px;\"> <\/address>\n<p><strong><a href=\"http:\/\/www.portaldatransparencia.gov.br\/PortalComprasDiretasPrincipal2.asp\" target=\"_blank\">Gastos diretos da UNIFAP por meio de consulta ao Portal da Transpar\u00eancia do Governo Federal<\/a><\/strong><\/p>\n<p style=\"padding-left: 30px;\"><em>&gt;Para acessar os gastos diretos da UNIFAP, ap\u00f3s clicar no link acima, escolha o exerc\u00edcio desejado e selecione a op\u00e7\u00e3o &#8220;por \u00d3rg\u00e3o Executor&#8221;. No resultado da consulta, a UNIFAP encontra-se dentro do \u00f3rg\u00e3o superior &#8220;Minist\u00e9rio da Educa\u00e7\u00e3o&#8221;.<\/em><\/p>\n<p><strong><a href=\"http:\/\/www3.transparencia.gov.br\/TransparenciaPublica\/jsp\/diarias\/diariaBuscaAvancada.jsf?consulta2=4&amp;CodigoOrgao=26000\" target=\"_blank\">Despesas com di\u00e1rias e passagens feitas pela UNIFAP por meio da P\u00e1gina da Transpar\u00eancia do MEC<\/a><\/strong><\/p>\n<p style=\"padding-left: 30px;\"><em>&gt; Para acessar as despesas com di\u00e1rias e passagens da UNIFAP, ap\u00f3s clicar no link acima, escolha em Unidade Gestora a Funda\u00e7\u00e3o Universidade Federal do Amap\u00e1, o per\u00edodo desejado, e\/ou servidor.<\/em><\/p>\n<p style=\"padding-left: 30px;\">&nbsp;<\/p>\n","protected":false},"excerpt":{"rendered":"<p>Nesta se\u00e7\u00e3o s\u00e3o divulgadas informa\u00e7\u00f5es sobre a execu\u00e7\u00e3o or\u00e7ament\u00e1ria e financeira detalhada da Universidade Federal do Amap\u00e1. Confira abaixo informa\u00e7\u00f5es sobre a execu\u00e7\u00e3o or\u00e7ament\u00e1ria e financeira detalhada da Universidade Federal do Amap\u00e1. S\u00e3o v\u00e1rios os tipos de consulta: Despesas di\u00e1rias&hellip; <\/p>\n<p><a href=\"http:\/\/www2.unifap.br\/acessoainformacao\/despesas\/\" class=\"readmore-button\">Continue Reading<\/a><\/p>\n","protected":false},"author":1,"featured_media":0,"parent":0,"menu_order":7,"comment_status":"closed","ping_status":"closed","template":"template-twocolumns-left.php","meta":{"inline_featured_image":false,"ngg_post_thumbnail":0,"footnotes":""},"class_list":["post-19","page","type-page","status-publish","hentry"],"_links":{"self":[{"href":"http:\/\/www2.unifap.br\/acessoainformacao\/wp-json\/wp\/v2\/pages\/19","targetHints":{"allow":["GET"]}}],"collection":[{"href":"http:\/\/www2.unifap.br\/acessoainformacao\/wp-json\/wp\/v2\/pages"}],"about":[{"href":"http:\/\/www2.unifap.br\/acessoainformacao\/wp-json\/wp\/v2\/types\/page"}],"author":[{"embeddable":true,"href":"http:\/\/www2.unifap.br\/acessoainformacao\/wp-json\/wp\/v2\/users\/1"}],"replies":[{"embeddable":true,"href":"http:\/\/www2.unifap.br\/acessoainformacao\/wp-json\/wp\/v2\/comments?post=19"}],"version-history":[{"count":22,"href":"http:\/\/www2.unifap.br\/acessoainformacao\/wp-json\/wp\/v2\/pages\/19\/revisions"}],"predecessor-version":[{"id":131,"href":"http:\/\/www2.unifap.br\/acessoainformacao\/wp-json\/wp\/v2\/pages\/19\/revisions\/131"}],"wp:attachment":[{"href":"http:\/\/www2.unifap.br\/acessoainformacao\/wp-json\/wp\/v2\/media?parent=19"}],"curies":[{"name":"wp","href":"https:\/\/api.w.org\/{rel}","templated":true}]}}