{"id":201,"date":"2013-08-17T12:20:28","date_gmt":"2013-08-17T12:20:28","guid":{"rendered":"http:\/\/www2.unifap.br\/acessoainformacao\/?page_id=201"},"modified":"2014-07-02T18:42:52","modified_gmt":"2014-07-02T18:42:52","slug":"informacoes-classificadas","status":"publish","type":"page","link":"http:\/\/www2.unifap.br\/acessoainformacao\/informacoes-classificadas\/","title":{"rendered":"Informa\u00e7\u00f5es Classificadas"},"content":{"rendered":"<p>Esta se\u00e7\u00e3o \u00e9 destinada \u00e0 divulga\u00e7\u00e3o do rol das informa\u00e7\u00f5es classificadas e desclassificadas, conforme estabelece os incisos I e II do Art. 45, do Decreto n\u00ba 7.724\/2012 que regulamenta a Lei de Acesso \u00e0 Informa\u00e7\u00e3o (Lei n\u00ba 12.527, de 18\/11\/2011).<\/p>\n<p><strong>Art. 45.<\/strong> A autoridade m\u00e1xima de cada \u00f3rg\u00e3o ou entidade publicar\u00e1 anualmente, at\u00e9 o dia 1\u00ba de junho, em s\u00edtio na internet:<\/p>\n<p>I &#8211; rol das informa\u00e7\u00f5es desclassificadas nos \u00faltimos doze meses;<\/p>\n<p>II &#8211; rol de informa\u00e7\u00f5es classificadas em cada grau de sigilo, que dever\u00e1 conter:<\/p>\n<p>a) c\u00f3digo de indexa\u00e7\u00e3o de documento;<\/p>\n<p>b) categoria na qual se enquadra a informa\u00e7\u00e3o;<\/p>\n<p>c) indica\u00e7\u00e3o de dispositivo legal que fundamenta a classifica\u00e7\u00e3o; e<\/p>\n<p>d) data da produ\u00e7\u00e3o, data da classifica\u00e7\u00e3o e prazo da classifica\u00e7\u00e3o.<\/p>\n<p>De acordo com o &#8220;<strong><span style=\"text-decoration: underline;\">Guia para publica\u00e7\u00e3o do rol de informa\u00e7\u00f5es classificadas e desclassificadas e de relat\u00f3rios estat\u00edsticos sobre a Lei de Acesso \u00e0<\/span><\/strong><strong><span style=\"text-decoration: underline;\"> <\/span><\/strong><strong><span style=\"text-decoration: underline;\">Informa\u00e7\u00e3o&#8221;<\/span><\/strong> elaborado pelo Governo Federal, somente devem ser inclu\u00eddas no &#8220;Rol de informa\u00e7\u00f5es classificadas&#8221; as informa\u00e7\u00f5es classificadas nos termos do\u00a0\u00a71\u00ba do art. 24 da Lei n\u00ba 12.527\/2011, ou seja, como reservadas, secretas ou ultrassecretas. Por isso, informa\u00e7\u00f5es cujo sigilo seja devido a outras <strong>legisla\u00e7\u00f5es (como fiscais e tribut\u00e1rias), documentos preparat\u00f3rios e informa\u00e7\u00f5es pessoais <\/strong>n\u00e3o est\u00e3o sujeitos aos termos de divulga\u00e7\u00e3o apresentados neste guia.<\/p>\n<p>*\u00a0<strong><span style=\"text-decoration: underline;\">Rol de Informa\u00e7\u00f5es classificadas<\/span><\/strong><\/p>\n<p>N\u00e3o h\u00e1 informa\u00e7\u00f5es classificadas nos termos do\u00a0\u00a71\u00ba do art. 24 da Lei n\u00ba 12.527\/2011.<\/p>\n<p>*\u00a0<strong><span style=\"text-decoration: underline;\">Rol de informa\u00e7\u00f5es desclassificadas<\/span><\/strong><\/p>\n<p>N\u00e3o h\u00e1 informa\u00e7\u00f5es desclassificadas nos termos do\u00a0\u00a71\u00ba do art. 24 da Lei n\u00ba 12.527\/2011.<\/p>\n","protected":false},"excerpt":{"rendered":"<p>Esta se\u00e7\u00e3o \u00e9 destinada \u00e0 divulga\u00e7\u00e3o do rol das informa\u00e7\u00f5es classificadas e desclassificadas, conforme estabelece os incisos I e II do Art. 45, do Decreto n\u00ba 7.724\/2012 que regulamenta a Lei de Acesso \u00e0 Informa\u00e7\u00e3o (Lei n\u00ba 12.527, de 18\/11\/2011).&hellip; <\/p>\n<p><a href=\"http:\/\/www2.unifap.br\/acessoainformacao\/informacoes-classificadas\/\" class=\"readmore-button\">Continue Reading<\/a><\/p>\n","protected":false},"author":1,"featured_media":0,"parent":0,"menu_order":13,"comment_status":"closed","ping_status":"open","template":"template-twocolumns-left.php","meta":{"inline_featured_image":false,"ngg_post_thumbnail":0,"footnotes":""},"class_list":["post-201","page","type-page","status-publish","hentry"],"_links":{"self":[{"href":"http:\/\/www2.unifap.br\/acessoainformacao\/wp-json\/wp\/v2\/pages\/201","targetHints":{"allow":["GET"]}}],"collection":[{"href":"http:\/\/www2.unifap.br\/acessoainformacao\/wp-json\/wp\/v2\/pages"}],"about":[{"href":"http:\/\/www2.unifap.br\/acessoainformacao\/wp-json\/wp\/v2\/types\/page"}],"author":[{"embeddable":true,"href":"http:\/\/www2.unifap.br\/acessoainformacao\/wp-json\/wp\/v2\/users\/1"}],"replies":[{"embeddable":true,"href":"http:\/\/www2.unifap.br\/acessoainformacao\/wp-json\/wp\/v2\/comments?post=201"}],"version-history":[{"count":6,"href":"http:\/\/www2.unifap.br\/acessoainformacao\/wp-json\/wp\/v2\/pages\/201\/revisions"}],"predecessor-version":[{"id":208,"href":"http:\/\/www2.unifap.br\/acessoainformacao\/wp-json\/wp\/v2\/pages\/201\/revisions\/208"}],"wp:attachment":[{"href":"http:\/\/www2.unifap.br\/acessoainformacao\/wp-json\/wp\/v2\/media?parent=201"}],"curies":[{"name":"wp","href":"https:\/\/api.w.org\/{rel}","templated":true}]}}