{"id":21,"date":"2012-04-23T15:41:32","date_gmt":"2012-04-23T15:41:32","guid":{"rendered":"http:\/\/www2.unifap.br\/acessoainformacao\/?page_id=21"},"modified":"2014-07-02T18:42:52","modified_gmt":"2014-07-02T18:42:52","slug":"licitacoes-e-contratos","status":"publish","type":"page","link":"http:\/\/www2.unifap.br\/acessoainformacao\/licitacoes-e-contratos\/","title":{"rendered":"Licita\u00e7\u00f5es e Contratos"},"content":{"rendered":"<p>Nesta se\u00e7\u00e3o s\u00e3o divulgadas as licita\u00e7\u00f5es e contratos realizados pela Universidade Federal do Amap\u00e1.<\/p>\n<p><a href=\"http:\/\/www.unifap.br\/?pages=cpl\" target=\"_blank\">Licita\u00e7\u00f5es (clique aqui)<\/a><\/p>\n<p><a href=\"http:\/\/www2.unifap.br\/deplan\/contratos-2\/\" target=\"_blank\">Contratos (clique aqui)<\/a><\/p>\n","protected":false},"excerpt":{"rendered":"<p>Nesta se\u00e7\u00e3o s\u00e3o divulgadas as licita\u00e7\u00f5es e contratos realizados pela Universidade Federal do Amap\u00e1. Licita\u00e7\u00f5es (clique aqui) Contratos (clique aqui)<\/p>\n","protected":false},"author":1,"featured_media":0,"parent":0,"menu_order":8,"comment_status":"closed","ping_status":"closed","template":"template-twocolumns-left.php","meta":{"inline_featured_image":false,"ngg_post_thumbnail":0,"footnotes":""},"class_list":["post-21","page","type-page","status-publish","hentry"],"_links":{"self":[{"href":"http:\/\/www2.unifap.br\/acessoainformacao\/wp-json\/wp\/v2\/pages\/21","targetHints":{"allow":["GET"]}}],"collection":[{"href":"http:\/\/www2.unifap.br\/acessoainformacao\/wp-json\/wp\/v2\/pages"}],"about":[{"href":"http:\/\/www2.unifap.br\/acessoainformacao\/wp-json\/wp\/v2\/types\/page"}],"author":[{"embeddable":true,"href":"http:\/\/www2.unifap.br\/acessoainformacao\/wp-json\/wp\/v2\/users\/1"}],"replies":[{"embeddable":true,"href":"http:\/\/www2.unifap.br\/acessoainformacao\/wp-json\/wp\/v2\/comments?post=21"}],"version-history":[{"count":7,"href":"http:\/\/www2.unifap.br\/acessoainformacao\/wp-json\/wp\/v2\/pages\/21\/revisions"}],"predecessor-version":[{"id":193,"href":"http:\/\/www2.unifap.br\/acessoainformacao\/wp-json\/wp\/v2\/pages\/21\/revisions\/193"}],"wp:attachment":[{"href":"http:\/\/www2.unifap.br\/acessoainformacao\/wp-json\/wp\/v2\/media?parent=21"}],"curies":[{"name":"wp","href":"https:\/\/api.w.org\/{rel}","templated":true}]}}