{"id":23,"date":"2012-04-23T15:41:40","date_gmt":"2012-04-23T15:41:40","guid":{"rendered":"http:\/\/www2.unifap.br\/acessoainformacao\/?page_id=23"},"modified":"2014-07-02T18:42:52","modified_gmt":"2014-07-02T18:42:52","slug":"servidores","status":"publish","type":"page","link":"http:\/\/www2.unifap.br\/acessoainformacao\/servidores\/","title":{"rendered":"Servidores"},"content":{"rendered":"<p>Nesta se\u00e7\u00e3o s\u00e3o divulgadas informa\u00e7\u00f5es sobre concursos p\u00fablicos de provimento de cargos e rela\u00e7\u00e3o dos servidores p\u00fablicos lotados ou em exerc\u00edcio na Universidade Federal do Amap\u00e1.<\/p>\n<p><a href=\"http:\/\/depsec.unifap.br\/\" target=\"_blank\">Informa\u00e7\u00f5es sobre concursos p\u00fablicos de provimento de cargos (clique aqui)<\/a><\/p>\n<p><a href=\"http:\/\/www.portaltransparencia.gov.br\/servidores\/OrgaoLotacao-ListaServidores.asp?CodOS=15000&amp;DescOS=MINISTERIO%20DA%20EDUCACAO&amp;CodOrg=26286&amp;DescOrg=FUNDACAO%20UNVERSIDADE%20FEDERAL%20DO%20AMAPA\" target=\"_blank\">Rela\u00e7\u00e3o de Servidores P\u00fablicos Lotados na Universidade Federal do Amap\u00e1 (clique aqui)<\/a><\/p>\n<p><a href=\"http:\/\/www.portaltransparencia.gov.br\/servidores\/OrgaoExercicio-ListaServidores.asp?CodOS=15000&amp;DescOS=MINISTERIO%20DA%20EDUCACAO&amp;CodOrg=26286&amp;DescOrg=FUNDACAO%20UNVERSIDADE%20FEDERAL%20DO%20AMAPA\" target=\"_blank\">Rela\u00e7\u00e3o de Servidores P\u00fablicos em Exerc\u00edcio na Universidade Federal do Amap\u00e1 (clique aqui)<\/a><\/p>\n","protected":false},"excerpt":{"rendered":"<p>Nesta se\u00e7\u00e3o s\u00e3o divulgadas informa\u00e7\u00f5es sobre concursos p\u00fablicos de provimento de cargos e rela\u00e7\u00e3o dos servidores p\u00fablicos lotados ou em exerc\u00edcio na Universidade Federal do Amap\u00e1. Informa\u00e7\u00f5es sobre concursos p\u00fablicos de provimento de cargos (clique aqui) Rela\u00e7\u00e3o de Servidores P\u00fablicos&hellip; <\/p>\n<p><a href=\"http:\/\/www2.unifap.br\/acessoainformacao\/servidores\/\" class=\"readmore-button\">Continue Reading<\/a><\/p>\n","protected":false},"author":1,"featured_media":0,"parent":0,"menu_order":9,"comment_status":"closed","ping_status":"closed","template":"template-twocolumns-left.php","meta":{"inline_featured_image":false,"ngg_post_thumbnail":0,"footnotes":""},"class_list":["post-23","page","type-page","status-publish","hentry"],"_links":{"self":[{"href":"http:\/\/www2.unifap.br\/acessoainformacao\/wp-json\/wp\/v2\/pages\/23","targetHints":{"allow":["GET"]}}],"collection":[{"href":"http:\/\/www2.unifap.br\/acessoainformacao\/wp-json\/wp\/v2\/pages"}],"about":[{"href":"http:\/\/www2.unifap.br\/acessoainformacao\/wp-json\/wp\/v2\/types\/page"}],"author":[{"embeddable":true,"href":"http:\/\/www2.unifap.br\/acessoainformacao\/wp-json\/wp\/v2\/users\/1"}],"replies":[{"embeddable":true,"href":"http:\/\/www2.unifap.br\/acessoainformacao\/wp-json\/wp\/v2\/comments?post=23"}],"version-history":[{"count":11,"href":"http:\/\/www2.unifap.br\/acessoainformacao\/wp-json\/wp\/v2\/pages\/23\/revisions"}],"predecessor-version":[{"id":76,"href":"http:\/\/www2.unifap.br\/acessoainformacao\/wp-json\/wp\/v2\/pages\/23\/revisions\/76"}],"wp:attachment":[{"href":"http:\/\/www2.unifap.br\/acessoainformacao\/wp-json\/wp\/v2\/media?parent=23"}],"curies":[{"name":"wp","href":"https:\/\/api.w.org\/{rel}","templated":true}]}}