{"id":253,"date":"2017-03-28T23:01:55","date_gmt":"2017-03-28T23:01:55","guid":{"rendered":"http:\/\/www2.unifap.br\/acessoainformacao\/?page_id=253"},"modified":"2017-03-28T23:35:02","modified_gmt":"2017-03-28T23:35:02","slug":"plano-de-dados-abertos-pda","status":"publish","type":"page","link":"http:\/\/www2.unifap.br\/acessoainformacao\/plano-de-dados-abertos-pda\/","title":{"rendered":"Plano de Dados Abertos &#8211; PDA"},"content":{"rendered":"<p>Visando o atendimento do Decreto n\u00ba 8.777\/2016, que institui a Pol\u00edtica de Dados Abertos do Poder Executivo Federal, a Universidade Federal do Amap\u00e1 constitui atrav\u00e9s da Portaria n\u00ba 584\/2017 a Comiss\u00e3o de Elabora\u00e7\u00e3o e implanta\u00e7\u00e3o do PDA &#8211;\u00a0<a href=\"http:\/\/www2.unifap.br\/acessoainformacao\/files\/2017\/03\/portaria-PDA1.pdf\">portaria PDA<\/a><\/p>\n<p><a href=\"http:\/\/www2.unifap.br\/acessoainformacao\/files\/2017\/03\/Cartilha-T\u00e9cnica-para-Publica\u00e7\u00e3o-de-Dados-Abertos-no-Brasil-v1.pdf\">Cartilha T\u00e9cnica para Publica\u00e7\u00e3o de Dados Abertos no Brasil v1<\/a><\/p>\n<p><a href=\"http:\/\/www2.unifap.br\/acessoainformacao\/files\/2017\/03\/copy_of_manual_elaboracao_plano_dados_abertos.pdf\">copy_of_manual_elaboracao_plano_dados_abertos<\/a><\/p>\n<p><a href=\"http:\/\/www.planalto.gov.br\/ccivil_03\/_Ato2015-2018\/2016\/Decreto\/D8777.htm\">http:\/\/www.planalto.gov.br\/ccivil_03\/_Ato2015-2018\/2016\/Decreto\/D8777.htm<\/a><\/p>\n<p><a href=\"http:\/\/kit.dados.gov.br\/\">http:\/\/kit.dados.gov.br\/<\/a><\/p>\n<p><a href=\"http:\/\/wiki.gtinda.ibge.gov.br\/Plano-de-Dados-Abertos.ashx#PDAs_de_\u00f3rg\u00e3os_e_entidades_integrantes_da_INDA_33\">http:\/\/wiki.gtinda.ibge.gov.br\/Plano-de-Dados-Abertos.ashx#PDAs_de_\u00f3rg\u00e3os_e_entidades_integrantes_da_INDA_33<\/a><\/p>\n<p><a href=\"http:\/\/wiki.gtinda.ibge.gov.br\/\">http:\/\/wiki.gtinda.ibge.gov.br\/<\/a><\/p>\n","protected":false},"excerpt":{"rendered":"<p>Visando o atendimento do Decreto n\u00ba 8.777\/2016, que institui a Pol\u00edtica de Dados Abertos do Poder Executivo Federal, a Universidade Federal do Amap\u00e1 constitui atrav\u00e9s da Portaria n\u00ba 584\/2017 a Comiss\u00e3o de Elabora\u00e7\u00e3o e implanta\u00e7\u00e3o do PDA &#8211;\u00a0portaria PDA Cartilha&hellip; <\/p>\n<p><a href=\"http:\/\/www2.unifap.br\/acessoainformacao\/plano-de-dados-abertos-pda\/\" class=\"readmore-button\">Continue Reading<\/a><\/p>\n","protected":false},"author":5,"featured_media":0,"parent":0,"menu_order":0,"comment_status":"open","ping_status":"open","template":"","meta":{"inline_featured_image":false,"ngg_post_thumbnail":0,"footnotes":""},"class_list":["post-253","page","type-page","status-publish","hentry"],"_links":{"self":[{"href":"http:\/\/www2.unifap.br\/acessoainformacao\/wp-json\/wp\/v2\/pages\/253","targetHints":{"allow":["GET"]}}],"collection":[{"href":"http:\/\/www2.unifap.br\/acessoainformacao\/wp-json\/wp\/v2\/pages"}],"about":[{"href":"http:\/\/www2.unifap.br\/acessoainformacao\/wp-json\/wp\/v2\/types\/page"}],"author":[{"embeddable":true,"href":"http:\/\/www2.unifap.br\/acessoainformacao\/wp-json\/wp\/v2\/users\/5"}],"replies":[{"embeddable":true,"href":"http:\/\/www2.unifap.br\/acessoainformacao\/wp-json\/wp\/v2\/comments?post=253"}],"version-history":[{"count":5,"href":"http:\/\/www2.unifap.br\/acessoainformacao\/wp-json\/wp\/v2\/pages\/253\/revisions"}],"predecessor-version":[{"id":272,"href":"http:\/\/www2.unifap.br\/acessoainformacao\/wp-json\/wp\/v2\/pages\/253\/revisions\/272"}],"wp:attachment":[{"href":"http:\/\/www2.unifap.br\/acessoainformacao\/wp-json\/wp\/v2\/media?parent=253"}],"curies":[{"name":"wp","href":"https:\/\/api.w.org\/{rel}","templated":true}]}}