{"id":29,"date":"2012-04-23T15:42:43","date_gmt":"2012-04-23T15:42:43","guid":{"rendered":"http:\/\/www2.unifap.br\/acessoainformacao\/?page_id=29"},"modified":"2017-05-10T13:46:42","modified_gmt":"2017-05-10T13:46:42","slug":"servico-de-informacao-ao-cidadao-sic","status":"publish","type":"page","link":"http:\/\/www2.unifap.br\/acessoainformacao\/servico-de-informacao-ao-cidadao-sic\/","title":{"rendered":"Servi\u00e7o de Informa\u00e7\u00e3o ao Cidad\u00e3o &#8211; SIC"},"content":{"rendered":"<p>Nesta se\u00e7\u00e3o s\u00e3o divulgadas as informa\u00e7\u00f5es sobre o Sistema de Informa\u00e7\u00f5es ao Cidad\u00e3o (SIC), pertinentes ao seu\u00a0funcionamento, localiza\u00e7\u00e3o e dados de contratos no \u00e2mbito da Universidade Federal do Amap\u00e1. \u00a0 O Sistema de Informa\u00e7\u00f5es ao Cidad\u00e3o (SIC) da Universidade Federal do Amap\u00e1 estar\u00e1 dispon\u00edvel para atendimento ao p\u00fablico a partir de 16 de maio de 2012.<\/p>\n<ul>\n<li><strong>Localiza\u00e7\u00e3o<\/strong><\/li>\n<\/ul>\n<p style=\"padding-left: 60px\">Altos do Pr\u00e9dio da Reitoria da Universidade Federal do Amap\u00e1<\/p>\n<p style=\"padding-left: 60px\">Rodovia Juscelino Kubitschek de Oliveira, km 02, Universidade, Macap\u00e1\/AP &#8211; CEP: 68903-419<\/p>\n<ul>\n<li><strong>Hor\u00e1rio de atendimento<\/strong><\/li>\n<\/ul>\n<p style=\"padding-left: 60px\">Segunda a sexta-feira, das 8:00 \u00e0s 17 h.<\/p>\n<ul>\n<li><strong>Telefone: <\/strong>(96) 3312-1795<strong> <\/strong><\/li>\n<li><strong>E-Mail: <\/strong><a href=\"mailto:sic@unifap.br\">sic@unifap.br<\/a><strong> <\/strong><\/li>\n<\/ul>\n<p style=\"padding-left: 60px\">Observa\u00e7\u00e3o: este e-mail n\u00e3o deve ser usado para encaminhar pedidos de informa\u00e7\u00f5es com base na Lei de Acesso \u00e0 Informa\u00e7\u00e3o. Os pedidos devem ser feitos pessoalmente, no SIC f\u00edsico da CGU, ou de forma eletr\u00f4nica, por meio do e-SIC (Sistema Eletr\u00f4nico do SIC), dispon\u00edvel no endere\u00e7o<\/p>\n<p style=\"padding-left: 60px\"><a href=\"http:\/\/www.acessoainformacao.gov.br\/sistema\" target=\"_blank\"><img decoding=\"async\" class=\"alignleft size-full wp-image-147\" title=\"e-SIC\" alt=\"\" src=\"http:\/\/www2.unifap.br\/acessoainformacao\/files\/2012\/04\/banner_e_sic5.jpg\" width=\"185\" height=\"130\" \/><\/a><\/p>\n<p style=\"padding-left: 60px\"><a href=\"http:\/\/www.acessoainformacao.gov.br\/sistema\">www.acessoainformacao.gov.br\/sistema<\/a>.<\/p>\n<ul>\n<li><strong>Autoridade da UNIFAP respons\u00e1vel pelo monitoramento da implementa\u00e7\u00e3o da Lei:<\/strong><\/li>\n<\/ul>\n<p style=\"padding-left: 60px\">Walter Teixeira Lima Junior ( Portaria n\u00ba 1070\/2016)<\/p>\n<ul>\n<li><b>O SIC \u00e9 um servi\u00e7o que integra as atividades da Ouvidoria da UNIFAP.<\/b><\/li>\n<\/ul>\n<h2>Formul\u00e1rios<\/h2>\n<p><a href=\"http:\/\/www2.unifap.br\/acessoainformacao\/files\/2012\/04\/Formulario-de-solicitacao-de-informacao-pessoa-natural.pdf\" target=\"_blank\">Formul\u00e1rio para pedido de acesso \u00e0 informa\u00e7\u00e3o &#8211; Pessoa natural<\/a><\/p>\n<p><a href=\"http:\/\/www2.unifap.br\/acessoainformacao\/files\/2012\/04\/Formulario-de-solicitacao-de-informacao-pessoa-juridica.pdf\" target=\"_blank\">Formul\u00e1rio para pedido de acesso \u00e0 informa\u00e7\u00e3o &#8211; Pessoa jur\u00eddica<\/a><\/p>\n<p><a href=\"http:\/\/www2.unifap.br\/acessoainformacao\/files\/2012\/04\/FORMUL\u00c1RIO-DE-RECURSOS-PF.pdf\" target=\"_blank\">Formul\u00e1rio para recurso &#8211; Pessoa natural<\/a><\/p>\n<p><a href=\"http:\/\/www2.unifap.br\/acessoainformacao\/files\/2012\/04\/FORMUL\u00c1RIO-DE-RECURSOS-PJ.pdf\" target=\"_blank\">Formul\u00e1rio para recurso &#8211; Pessoa jur\u00eddica<\/a><\/p>\n<p><a href=\"http:\/\/www2.unifap.br\/acessoainformacao\/files\/2012\/04\/FORMUL\u00c1RIO-DE-RECLAMA\u00c7\u00c3O-PF.pdf\" target=\"_blank\">Formul\u00e1rio para reclama\u00e7\u00e3o &#8211; Pessoa natural<\/a><\/p>\n<p><a href=\"http:\/\/www2.unifap.br\/acessoainformacao\/files\/2012\/04\/FORMUL\u00c1RIO-DE-RECLAMA\u00c7\u00c3O-PJ.pdf\" target=\"_blank\">Formul\u00e1rio para reclama\u00e7\u00e3o &#8211; Pessoa jur\u00eddica<\/a><\/p>\n<p>Relat\u00f3rio Servi\u00e7o de Informa\u00e7\u00e3o ao Cidad\u00e3o 2016 &#8211;\u00a0<a href=\"http:\/\/www2.unifap.br\/acessoainformacao\/files\/2012\/04\/Relat\u00f3rio-Pedidos-SIC-2016.pdf\">Relat\u00f3rio Pedidos SIC 2016<\/a>\u00a0e\u00a0<a href=\"http:\/\/www2.unifap.br\/acessoainformacao\/files\/2012\/04\/Relat\u00f3rio-Recursos-2016.pdf\">Relat\u00f3rio Recursos 2016<\/a><\/p>\n","protected":false},"excerpt":{"rendered":"<p>Nesta se\u00e7\u00e3o s\u00e3o divulgadas as informa\u00e7\u00f5es sobre o Sistema de Informa\u00e7\u00f5es ao Cidad\u00e3o (SIC), pertinentes ao seu\u00a0funcionamento, localiza\u00e7\u00e3o e dados de contratos no \u00e2mbito da Universidade Federal do Amap\u00e1. \u00a0 O Sistema de Informa\u00e7\u00f5es ao Cidad\u00e3o (SIC) da Universidade Federal&hellip; <\/p>\n<p><a href=\"http:\/\/www2.unifap.br\/acessoainformacao\/servico-de-informacao-ao-cidadao-sic\/\" class=\"readmore-button\">Continue Reading<\/a><\/p>\n","protected":false},"author":1,"featured_media":0,"parent":0,"menu_order":12,"comment_status":"closed","ping_status":"closed","template":"","meta":{"inline_featured_image":false,"ngg_post_thumbnail":0,"footnotes":""},"class_list":["post-29","page","type-page","status-publish","hentry"],"_links":{"self":[{"href":"http:\/\/www2.unifap.br\/acessoainformacao\/wp-json\/wp\/v2\/pages\/29","targetHints":{"allow":["GET"]}}],"collection":[{"href":"http:\/\/www2.unifap.br\/acessoainformacao\/wp-json\/wp\/v2\/pages"}],"about":[{"href":"http:\/\/www2.unifap.br\/acessoainformacao\/wp-json\/wp\/v2\/types\/page"}],"author":[{"embeddable":true,"href":"http:\/\/www2.unifap.br\/acessoainformacao\/wp-json\/wp\/v2\/users\/1"}],"replies":[{"embeddable":true,"href":"http:\/\/www2.unifap.br\/acessoainformacao\/wp-json\/wp\/v2\/comments?post=29"}],"version-history":[{"count":37,"href":"http:\/\/www2.unifap.br\/acessoainformacao\/wp-json\/wp\/v2\/pages\/29\/revisions"}],"predecessor-version":[{"id":297,"href":"http:\/\/www2.unifap.br\/acessoainformacao\/wp-json\/wp\/v2\/pages\/29\/revisions\/297"}],"wp:attachment":[{"href":"http:\/\/www2.unifap.br\/acessoainformacao\/wp-json\/wp\/v2\/media?parent=29"}],"curies":[{"name":"wp","href":"https:\/\/api.w.org\/{rel}","templated":true}]}}