{"id":5,"date":"2012-04-23T15:39:30","date_gmt":"2012-04-23T15:39:30","guid":{"rendered":"http:\/\/www2.unifap.br\/acessoainformacao\/?page_id=5"},"modified":"2014-07-02T18:42:52","modified_gmt":"2014-07-02T18:42:52","slug":"principal","status":"publish","type":"page","link":"http:\/\/www2.unifap.br\/acessoainformacao\/","title":{"rendered":"Acesso \u00e0 Informa\u00e7\u00e3o"},"content":{"rendered":"<p>Esta se\u00e7\u00e3o re\u00fane e divulga, de forma espont\u00e2nea, dados da Universidade Federal do Amap\u00e1 que s\u00e3o de interesse coletivo ou geral com o objetivo de facilitar o acesso \u00e0 informa\u00e7\u00e3o p\u00fablica, conforme determina a\u00a0<a href=\"http:\/\/www.planalto.gov.br\/ccivil_03\/_Ato2011-2014\/2011\/Lei\/L12527.htm\" target=\"_blank\">Lei de Acesso \u00e0 Informa\u00e7\u00e3o<\/a> (Lei 12.527, de 18\/11\/2011).<\/p>\n<p>&nbsp;<\/p>\n<p><a href=\"http:\/\/www.cgu.gov.br\/acessoainformacaogov\/materiais-interesse\/CartilhaAcessoaInformacao.pdf\"><img decoding=\"async\" class=\"size-full wp-image-115 alignnone\" title=\"Cartilha &quot;Acesso \u00e0 Informa\u00e7\u00e3o P\u00fablica - Uma introdu\u00e7\u00e3o \u00e0 Lei 12.527, de 18 de novembro de 2011&quot;\" src=\"http:\/\/www2.unifap.br\/acessoainformacao\/files\/2012\/04\/cartilha.jpg\" alt=\"\" width=\"96\" height=\"225\" \/><\/a><a href=\"http:\/\/www.cgu.gov.br\/acessoainformacaogov\/materiais-interesse\/CartilhaAcessoaInformacao.pdf\">Cartilha &#8220;Acesso \u00e0 Informa\u00e7\u00e3o P\u00fablica &#8211; Uma introdu\u00e7\u00e3o \u00e0 Lei 12.527, de 18 de novembro de 2011&#8221;<\/a><\/p>\n","protected":false},"excerpt":{"rendered":"<p>Esta se\u00e7\u00e3o re\u00fane e divulga, de forma espont\u00e2nea, dados da Universidade Federal do Amap\u00e1 que s\u00e3o de interesse coletivo ou geral com o objetivo de facilitar o acesso \u00e0 informa\u00e7\u00e3o p\u00fablica, conforme determina a\u00a0Lei de Acesso \u00e0 Informa\u00e7\u00e3o (Lei 12.527,&hellip; <\/p>\n<p><a href=\"http:\/\/www2.unifap.br\/acessoainformacao\/\" class=\"readmore-button\">Continue Reading<\/a><\/p>\n","protected":false},"author":1,"featured_media":0,"parent":0,"menu_order":1,"comment_status":"closed","ping_status":"closed","template":"template-twocolumns-left.php","meta":{"inline_featured_image":false,"ngg_post_thumbnail":0,"footnotes":""},"class_list":["post-5","page","type-page","status-publish","hentry"],"_links":{"self":[{"href":"http:\/\/www2.unifap.br\/acessoainformacao\/wp-json\/wp\/v2\/pages\/5","targetHints":{"allow":["GET"]}}],"collection":[{"href":"http:\/\/www2.unifap.br\/acessoainformacao\/wp-json\/wp\/v2\/pages"}],"about":[{"href":"http:\/\/www2.unifap.br\/acessoainformacao\/wp-json\/wp\/v2\/types\/page"}],"author":[{"embeddable":true,"href":"http:\/\/www2.unifap.br\/acessoainformacao\/wp-json\/wp\/v2\/users\/1"}],"replies":[{"embeddable":true,"href":"http:\/\/www2.unifap.br\/acessoainformacao\/wp-json\/wp\/v2\/comments?post=5"}],"version-history":[{"count":15,"href":"http:\/\/www2.unifap.br\/acessoainformacao\/wp-json\/wp\/v2\/pages\/5\/revisions"}],"predecessor-version":[{"id":250,"href":"http:\/\/www2.unifap.br\/acessoainformacao\/wp-json\/wp\/v2\/pages\/5\/revisions\/250"}],"wp:attachment":[{"href":"http:\/\/www2.unifap.br\/acessoainformacao\/wp-json\/wp\/v2\/media?parent=5"}],"curies":[{"name":"wp","href":"https:\/\/api.w.org\/{rel}","templated":true}]}}