{"id":60,"date":"2012-04-23T16:59:03","date_gmt":"2012-04-23T16:59:03","guid":{"rendered":"http:\/\/www2.unifap.br\/acessoainformacao\/?page_id=60"},"modified":"2014-07-02T18:42:52","modified_gmt":"2014-07-02T18:42:52","slug":"base-juridica-da-estrutura-organizacional","status":"publish","type":"page","link":"http:\/\/www2.unifap.br\/acessoainformacao\/institucional\/base-juridica-da-estrutura-organizacional\/","title":{"rendered":"Base jur\u00eddica da estrutura organizacional"},"content":{"rendered":"<p><a href=\"http:\/\/www.unifap.br\/?fileId=27047\" target=\"_blank\">Decreto n\u00ba 98.997, de 02 de mar\u00e7o de 1990 (Institui a Funda\u00e7\u00e3o Federal do Amap\u00e1)<\/a><\/p>\n","protected":false},"excerpt":{"rendered":"<p>Decreto n\u00ba 98.997, de 02 de mar\u00e7o de 1990 (Institui a Funda\u00e7\u00e3o Federal do Amap\u00e1)<\/p>\n","protected":false},"author":1,"featured_media":0,"parent":7,"menu_order":3,"comment_status":"closed","ping_status":"open","template":"template-twocolumns-left.php","meta":{"inline_featured_image":false,"ngg_post_thumbnail":0,"footnotes":""},"class_list":["post-60","page","type-page","status-publish","hentry"],"_links":{"self":[{"href":"http:\/\/www2.unifap.br\/acessoainformacao\/wp-json\/wp\/v2\/pages\/60","targetHints":{"allow":["GET"]}}],"collection":[{"href":"http:\/\/www2.unifap.br\/acessoainformacao\/wp-json\/wp\/v2\/pages"}],"about":[{"href":"http:\/\/www2.unifap.br\/acessoainformacao\/wp-json\/wp\/v2\/types\/page"}],"author":[{"embeddable":true,"href":"http:\/\/www2.unifap.br\/acessoainformacao\/wp-json\/wp\/v2\/users\/1"}],"replies":[{"embeddable":true,"href":"http:\/\/www2.unifap.br\/acessoainformacao\/wp-json\/wp\/v2\/comments?post=60"}],"version-history":[{"count":4,"href":"http:\/\/www2.unifap.br\/acessoainformacao\/wp-json\/wp\/v2\/pages\/60\/revisions"}],"predecessor-version":[{"id":156,"href":"http:\/\/www2.unifap.br\/acessoainformacao\/wp-json\/wp\/v2\/pages\/60\/revisions\/156"}],"up":[{"embeddable":true,"href":"http:\/\/www2.unifap.br\/acessoainformacao\/wp-json\/wp\/v2\/pages\/7"}],"wp:attachment":[{"href":"http:\/\/www2.unifap.br\/acessoainformacao\/wp-json\/wp\/v2\/media?parent=60"}],"curies":[{"name":"wp","href":"https:\/\/api.w.org\/{rel}","templated":true}]}}