{"id":7,"date":"2012-04-23T15:40:00","date_gmt":"2012-04-23T15:40:00","guid":{"rendered":"http:\/\/www2.unifap.br\/acessoainformacao\/?page_id=7"},"modified":"2014-07-02T18:42:52","modified_gmt":"2014-07-02T18:42:52","slug":"institucional","status":"publish","type":"page","link":"http:\/\/www2.unifap.br\/acessoainformacao\/institucional\/","title":{"rendered":"Institucional"},"content":{"rendered":"<p>Nesta se\u00e7\u00e3o s\u00e3o divulgadas informa\u00e7\u00f5es institucionais e organizacionais da Universidade Federal do Amap\u00e1, compreendendo suas fun\u00e7\u00f5es, compet\u00eancias, estrutura organizacional, rela\u00e7\u00e3o de autoridades, com telefones e endere\u00e7os de contato, agenda de autoridades, hor\u00e1rios de atendimento e legisla\u00e7\u00e3o do \u00f3rg\u00e3o\/entidade.<\/p>\n","protected":false},"excerpt":{"rendered":"<p>Nesta se\u00e7\u00e3o s\u00e3o divulgadas informa\u00e7\u00f5es institucionais e organizacionais da Universidade Federal do Amap\u00e1, compreendendo suas fun\u00e7\u00f5es, compet\u00eancias, estrutura organizacional, rela\u00e7\u00e3o de autoridades, com telefones e endere\u00e7os de contato, agenda de autoridades, hor\u00e1rios de atendimento e legisla\u00e7\u00e3o do \u00f3rg\u00e3o\/entidade.<\/p>\n","protected":false},"author":1,"featured_media":0,"parent":0,"menu_order":3,"comment_status":"closed","ping_status":"closed","template":"template-twocolumns-left.php","meta":{"inline_featured_image":false,"ngg_post_thumbnail":0,"footnotes":""},"class_list":["post-7","page","type-page","status-publish","hentry"],"_links":{"self":[{"href":"http:\/\/www2.unifap.br\/acessoainformacao\/wp-json\/wp\/v2\/pages\/7","targetHints":{"allow":["GET"]}}],"collection":[{"href":"http:\/\/www2.unifap.br\/acessoainformacao\/wp-json\/wp\/v2\/pages"}],"about":[{"href":"http:\/\/www2.unifap.br\/acessoainformacao\/wp-json\/wp\/v2\/types\/page"}],"author":[{"embeddable":true,"href":"http:\/\/www2.unifap.br\/acessoainformacao\/wp-json\/wp\/v2\/users\/1"}],"replies":[{"embeddable":true,"href":"http:\/\/www2.unifap.br\/acessoainformacao\/wp-json\/wp\/v2\/comments?post=7"}],"version-history":[{"count":5,"href":"http:\/\/www2.unifap.br\/acessoainformacao\/wp-json\/wp\/v2\/pages\/7\/revisions"}],"predecessor-version":[{"id":207,"href":"http:\/\/www2.unifap.br\/acessoainformacao\/wp-json\/wp\/v2\/pages\/7\/revisions\/207"}],"wp:attachment":[{"href":"http:\/\/www2.unifap.br\/acessoainformacao\/wp-json\/wp\/v2\/media?parent=7"}],"curies":[{"name":"wp","href":"https:\/\/api.w.org\/{rel}","templated":true}]}}