{"id":177,"date":"2015-03-25T20:37:52","date_gmt":"2015-03-25T20:37:52","guid":{"rendered":"http:\/\/www2.unifap.br\/arthrolab\/?page_id=177"},"modified":"2015-04-21T21:36:26","modified_gmt":"2015-04-21T21:36:26","slug":"atividades-de-pesquisa-2","status":"publish","type":"page","link":"http:\/\/www2.unifap.br\/arthrolab\/atividades-de-pesquisa-2\/","title":{"rendered":"Atividades de Pesquisa"},"content":{"rendered":"<p><b>LINHAS DE PESQUISAS<\/b><\/p>\n<p><b>Taxonomia, bioecologia e controle de esp\u00e9cies de vetores de mal\u00e1ria, arboviroses, Filariose, Doen\u00e7a de Chagas.\u00a0<\/b><\/p>\n<p>Professores- Dr. Raimundo Nonato P. Souto, MsC Ledayane Mayana Costa Barbosa, MsC Ricardo Marcelo dos A. Ferreira e MsC. Beatriz Sa.<\/p>\n<p><b>Taxonomia e bioecologia de esp\u00e9cies de insetos pragas urbanas e de gr\u00e3os armazenados.<\/b><\/p>\n<p>Prof. Dr.\u00a0Raimundo Nonato P. Souto<\/p>\n<p><b>Taxonomia e bioecologia de esp\u00e9cies de insetos de import\u00e2ncia Forense.<\/b><\/p>\n<p>Prof. Dr.\u00a0Raimundo Nonato P. Souto<\/p>\n<p><b>Taxonomia e bioecologia de Aracnida de import\u00e2ncia medico veterin\u00e1ria e humana.<\/b><\/p>\n<p>Prof. Dr.\u00a0Raimundo Nonato P. Souto<\/p>\n<p><b>Estudo da atividade inseticida e repelente de extratos, \u00f3leos essenciais e nanoemuls\u00f5es de origem vegetal<\/b><\/p>\n<p>Prof. Dr.\u00a0Raimundo Nonato P. Souto, Profa. MsC Ledayane M.C. Barbosa, Prof. MsC Ricardo M.A. Ferreira.<\/p>\n<p><b>Cole\u00e7\u00f5es Cient\u00edfica e did\u00e1tica de Arthropoda.<\/b><\/p>\n<p>Prof. Dr.\u00a0Raimundo Nonato P. Souto, Profa. Beatriz Sa, Profa. MsC Ledayane M.C. Barbosa, Prof. MsC Ricardo M.A. Ferreira.<\/p>\n<p><b>Coloniza\u00e7\u00e3o de esp\u00e9cies de Culicidae de import\u00e2ncia vetorial, em laborat\u00f3rio.<\/b><\/p>\n<p>Prof. Dr.\u00a0Raimundo Nonato P. Souto, Profa. MsC Ledayane M.C. Barbosa, Prof. MsC Ricardo M.A. Ferreira.<\/p>\n<p>&nbsp;<\/p>\n<p><b>\u00a0PROJETOS EM ANDAMENTO\u00a0 <\/b><\/p>\n<ul>\n<li><b>\u00a0<\/b><b>MESTRADO <\/b><\/li>\n<\/ul>\n<p>Projeto: <strong>DIPTEROFAUNA EM CARCA\u00c7AS DE SU\u00cdNOS PARCIALMENTE SUBMERSAS EM IGARAP\u00c9 E EM AMBIENTE DE MATA DE GALERIA, FERREIRA GOMES, AMAP\u00c1.<\/strong><\/p>\n<p>Mestranda: Telma Lobato<\/p>\n<p>Orientadores: Prof. Dr. Raimundo Nonato e Dra. Margareth Queiroz<\/p>\n<p><a href=\"http:\/\/www2.unifap.br\/arthrolab\/files\/2015\/03\/DSC_0025.jpg\"><img decoding=\"async\" class=\" wp-image-597 alignnone\" alt=\"DSC_0025\" src=\"http:\/\/www2.unifap.br\/arthrolab\/files\/2015\/03\/DSC_0025-1024x680.jpg\" width=\"185\" height=\"185\" \/><\/a> <a href=\"http:\/\/www2.unifap.br\/arthrolab\/files\/2015\/03\/DSC_0024.jpg\"><img decoding=\"async\" class=\" wp-image-598 alignnone\" alt=\"DSC_0024\" src=\"http:\/\/www2.unifap.br\/arthrolab\/files\/2015\/03\/DSC_0024-1024x680.jpg\" width=\"185\" height=\"185\" \/><\/a><a href=\"http:\/\/www2.unifap.br\/arthrolab\/files\/2015\/03\/DSC_0042.jpg\"><img decoding=\"async\" class=\" wp-image-600 alignnone\" alt=\"DSC_0042\" src=\"http:\/\/www2.unifap.br\/arthrolab\/files\/2015\/03\/DSC_0042-1024x680.jpg\" width=\"185\" height=\"185\" \/><\/a><\/p>\n<p>&nbsp;<\/p>\n<p>&nbsp;<\/p>\n<p>PROJETO<\/p>\n<p>&nbsp;<\/p>\n<ul>\n<li><b>TRABALHO DE CONCLUS\u00c3O DE CURSO<\/b><\/li>\n<\/ul>\n<p>&nbsp;<\/p>\n<ul>\n<li><b>INICIA\u00c7\u00c3O CIENT\u00cdFICA -PIBIC &#8211; CNPq &#8211; SETEC-AP<\/b><\/li>\n<\/ul>\n<p style=\"text-align: justify\">PROJETO \u00a0<b>Composi\u00e7\u00e3o e ecologia de borboletas frug\u00edveras (Insecta: Lepidoptera) em um ambiente de Mata de Galeria, Cerrado amaz\u00f4nico.<\/b><\/p>\n<p style=\"text-align: justify\">ACAD\u00caMICA &#8211; MONIZE AYRES<\/p>\n<p>\u00a0<a href=\"http:\/\/www2.unifap.br\/arthrolab\/files\/2015\/03\/Armadilha-com-iscas-atrativas.jpg\"><img loading=\"lazy\" decoding=\"async\" class=\" wp-image-491 alignnone\" alt=\"Armadilha com iscas atrativas\" src=\"http:\/\/www2.unifap.br\/arthrolab\/files\/2015\/03\/Armadilha-com-iscas-atrativas-768x1024.jpg\" width=\"185\" height=\"185\" \/><\/a><\/p>\n<p>&nbsp;<\/p>\n<p>&nbsp;<\/p>\n","protected":false},"excerpt":{"rendered":"<p>LINHAS DE PESQUISAS Taxonomia, bioecologia e controle de esp\u00e9cies de vetores de mal\u00e1ria, arboviroses, Filariose, Doen\u00e7a de Chagas.\u00a0 Professores- Dr. Raimundo Nonato P. Souto, MsC Ledayane Mayana Costa Barbosa, MsC Ricardo Marcelo dos A. Ferreira e MsC. Beatriz Sa. Taxonomia&hellip; <\/p>\n<p><a href=\"http:\/\/www2.unifap.br\/arthrolab\/atividades-de-pesquisa-2\/\" class=\"readmore-button\">Continue Reading<\/a><\/p>\n","protected":false},"author":84,"featured_media":605,"parent":0,"menu_order":0,"comment_status":"open","ping_status":"open","template":"","meta":{"inline_featured_image":false,"ngg_post_thumbnail":0,"footnotes":""},"class_list":["post-177","page","type-page","status-publish","has-post-thumbnail","hentry"],"_links":{"self":[{"href":"http:\/\/www2.unifap.br\/arthrolab\/wp-json\/wp\/v2\/pages\/177","targetHints":{"allow":["GET"]}}],"collection":[{"href":"http:\/\/www2.unifap.br\/arthrolab\/wp-json\/wp\/v2\/pages"}],"about":[{"href":"http:\/\/www2.unifap.br\/arthrolab\/wp-json\/wp\/v2\/types\/page"}],"author":[{"embeddable":true,"href":"http:\/\/www2.unifap.br\/arthrolab\/wp-json\/wp\/v2\/users\/84"}],"replies":[{"embeddable":true,"href":"http:\/\/www2.unifap.br\/arthrolab\/wp-json\/wp\/v2\/comments?post=177"}],"version-history":[{"count":15,"href":"http:\/\/www2.unifap.br\/arthrolab\/wp-json\/wp\/v2\/pages\/177\/revisions"}],"predecessor-version":[{"id":613,"href":"http:\/\/www2.unifap.br\/arthrolab\/wp-json\/wp\/v2\/pages\/177\/revisions\/613"}],"wp:featuredmedia":[{"embeddable":true,"href":"http:\/\/www2.unifap.br\/arthrolab\/wp-json\/wp\/v2\/media\/605"}],"wp:attachment":[{"href":"http:\/\/www2.unifap.br\/arthrolab\/wp-json\/wp\/v2\/media?parent=177"}],"curies":[{"name":"wp","href":"https:\/\/api.w.org\/{rel}","templated":true}]}}