{"id":202,"date":"2015-03-26T01:23:45","date_gmt":"2015-03-26T01:23:45","guid":{"rendered":"http:\/\/www2.unifap.br\/arthrolab\/?page_id=202"},"modified":"2015-04-23T13:53:26","modified_gmt":"2015-04-23T13:53:26","slug":"orientacoes-concluidas-2","status":"publish","type":"page","link":"http:\/\/www2.unifap.br\/arthrolab\/orientacoes-concluidas-2\/","title":{"rendered":"Orienta\u00e7\u00f5es Conclu\u00eddas"},"content":{"rendered":"<p><b>Orienta\u00e7\u00f5es de gradua\u00e7\u00e3o conclu\u00eddas &#8211; TCC orientadas pelos professores vinculados ao ARTHROLAB<\/b><\/p>\n<ul>\n<li>Fam\u00edlias de cole\u00f3pteras (Insecta: Coleoptera) do campus marco zero da unversidade federal do Amap\u00e1, Macap\u00e1, Amap\u00e1. Autora: Patr\u00edcia Esquerda.<\/li>\n<\/ul>\n<ul>\n<li>O destino dos animais silvestres apreendidos, resgatados e entregues voluntariamente ao Centro de Triagem de Animais Silvestres do Etado do Amap\u00e1. Autora: Dayanne Gloria Sarmento.<\/li>\n<\/ul>\n<ul>\n<li>Ocorr\u00eancia de helmintos e protozo\u00e1rios em humanos, diagn\u00f3sticados na unidade b\u00e1sica de sa\u00fade\/Unifap, Macap\u00e1, Ap, Brasil. Autora: Anaira Suellen Lopes da Costa Trindade<\/li>\n<li><\/li>\n<\/ul>\n","protected":false},"excerpt":{"rendered":"<p>Orienta\u00e7\u00f5es de gradua\u00e7\u00e3o conclu\u00eddas &#8211; TCC orientadas pelos professores vinculados ao ARTHROLAB Fam\u00edlias de cole\u00f3pteras (Insecta: Coleoptera) do campus marco zero da unversidade federal do Amap\u00e1, Macap\u00e1, Amap\u00e1. Autora: Patr\u00edcia Esquerda. O destino dos animais silvestres apreendidos, resgatados e entregues&hellip; <\/p>\n<p><a href=\"http:\/\/www2.unifap.br\/arthrolab\/orientacoes-concluidas-2\/\" class=\"readmore-button\">Continue Reading<\/a><\/p>\n","protected":false},"author":84,"featured_media":0,"parent":0,"menu_order":0,"comment_status":"open","ping_status":"open","template":"","meta":{"inline_featured_image":false,"ngg_post_thumbnail":0,"footnotes":""},"class_list":["post-202","page","type-page","status-publish","hentry"],"_links":{"self":[{"href":"http:\/\/www2.unifap.br\/arthrolab\/wp-json\/wp\/v2\/pages\/202","targetHints":{"allow":["GET"]}}],"collection":[{"href":"http:\/\/www2.unifap.br\/arthrolab\/wp-json\/wp\/v2\/pages"}],"about":[{"href":"http:\/\/www2.unifap.br\/arthrolab\/wp-json\/wp\/v2\/types\/page"}],"author":[{"embeddable":true,"href":"http:\/\/www2.unifap.br\/arthrolab\/wp-json\/wp\/v2\/users\/84"}],"replies":[{"embeddable":true,"href":"http:\/\/www2.unifap.br\/arthrolab\/wp-json\/wp\/v2\/comments?post=202"}],"version-history":[{"count":5,"href":"http:\/\/www2.unifap.br\/arthrolab\/wp-json\/wp\/v2\/pages\/202\/revisions"}],"predecessor-version":[{"id":210,"href":"http:\/\/www2.unifap.br\/arthrolab\/wp-json\/wp\/v2\/pages\/202\/revisions\/210"}],"wp:attachment":[{"href":"http:\/\/www2.unifap.br\/arthrolab\/wp-json\/wp\/v2\/media?parent=202"}],"curies":[{"name":"wp","href":"https:\/\/api.w.org\/{rel}","templated":true}]}}