{"id":227,"date":"2015-03-28T01:49:31","date_gmt":"2015-03-28T01:49:31","guid":{"rendered":"http:\/\/www2.unifap.br\/arthrolab\/?page_id=227"},"modified":"2015-04-23T13:55:54","modified_gmt":"2015-04-23T13:55:54","slug":"orientacoes-em-andamento","status":"publish","type":"page","link":"http:\/\/www2.unifap.br\/arthrolab\/orientacoes-em-andamento\/","title":{"rendered":"Orienta\u00e7\u00f5es em andamento"},"content":{"rendered":"<p><strong>TRABALHO DE CONCLUS\u00c3O DE CURSO<\/strong><\/p>\n<p><strong>PROJETO: Composi\u00e7\u00e3o e Ecologia de Coleoptera pragas de gr\u00e3os armazenados, na cidade de Macap\u00e1.<\/strong><\/p>\n<p>Orientando: Eduardo Galv\u00e3o<\/p>\n<p>ORIENTADOR: Prof. Dr. Raimundo Nonato<\/p>\n<p>Projeto:\u00a0<strong>Composi\u00e7\u00e3o e Ecologia de Lepidoptera pragas de gr\u00e3os armazenados, na cidade de Macap\u00e1.<\/strong><\/p>\n<p>Orientanda: Elziane<\/p>\n<p>ORIENTADOR: Prof. Dr. Raimundo Nonato<\/p>\n<p>Projeto: <strong>A utiliza\u00e7\u00e3o de modelos did\u00e1ticos como aux\u00edlio ao ensino de entomologia.<\/strong><\/p>\n<p>Orientanda: Adria Cruz<\/p>\n<p>Orientador: Prof. Dr. Raimundo Nonato<\/p>\n<p><a href=\"http:\/\/www2.unifap.br\/arthrolab\/files\/2015\/03\/DSC_0012.jpg\"><img decoding=\"async\" class=\"wp-image-378 alignnone\" alt=\"DSC_0012\" src=\"http:\/\/www2.unifap.br\/arthrolab\/files\/2015\/03\/DSC_0012-1024x576.jpg\" width=\"185\" height=\"185\" \/><\/a> <a href=\"http:\/\/www2.unifap.br\/arthrolab\/files\/2015\/03\/DSC_0014_1.jpg\"><img decoding=\"async\" class=\"wp-image-379 alignnone\" alt=\"DSC_0014_1\" src=\"http:\/\/www2.unifap.br\/arthrolab\/files\/2015\/03\/DSC_0014_1-1024x576.jpg\" width=\"185\" height=\"185\" \/><\/a> <a href=\"http:\/\/www2.unifap.br\/arthrolab\/files\/2015\/03\/DSC_0015_1.jpg\"><img decoding=\"async\" class=\"wp-image-380 alignnone\" alt=\"DSC_0015_1\" src=\"http:\/\/www2.unifap.br\/arthrolab\/files\/2015\/03\/DSC_0015_1-1024x576.jpg\" width=\"185\" height=\"185\" \/><\/a> <a href=\"http:\/\/www2.unifap.br\/arthrolab\/files\/2015\/03\/DSC_0016.jpg\"><img loading=\"lazy\" decoding=\"async\" class=\"wp-image-381 alignnone\" alt=\"DSC_0016\" src=\"http:\/\/www2.unifap.br\/arthrolab\/files\/2015\/03\/DSC_0016-1024x576.jpg\" width=\"185\" height=\"185\" \/><\/a> <a href=\"http:\/\/www2.unifap.br\/arthrolab\/files\/2015\/03\/DSC_0026_1.jpg\"><img loading=\"lazy\" decoding=\"async\" class=\"wp-image-382 alignnone\" alt=\"DSC_0026_1\" src=\"http:\/\/www2.unifap.br\/arthrolab\/files\/2015\/03\/DSC_0026_1-1024x576.jpg\" width=\"185\" height=\"185\" \/><\/a><\/p>\n<p><strong>COMPOSI\u00c7\u00c3O DA ARTHROPOFAUNA SINATROPICA DA CIDADE DE MACAP\u00c1<\/strong><\/p>\n<p>Orientanda: Maria Zuleide Ara\u00fajo<\/p>\n<p>ORIENTADOR: Prof. Dr. Raimundo Nonato<\/p>\n<p><strong>Projeto:<\/strong> <b>Tecendo o conhecimento: Estudo aplicado para o Ensino M\u00e9dio sobre a import\u00e2ncia m\u00e9dica das aranhas.<br \/>\n<\/b><\/p>\n<p>Orintanda: Elizandra Moreira<\/p>\n<p><strong>Projeto: Mirmecofauna de import\u00e2ncia forense em um fragmento de Cerrado amaz\u00f4nico no campus Marco Zero da Universidade Federal do Amap\u00e1.<\/strong><\/p>\n<p><strong>Orientanda: Margareth Sales<\/strong><\/p>\n<p><a href=\"http:\/\/www2.unifap.br\/arthrolab\/files\/2015\/03\/SAM_0540.jpg\"><img loading=\"lazy\" decoding=\"async\" class=\"wp-image-386 alignnone\" alt=\"SAMSUNG CAMERA PICTURES\" src=\"http:\/\/www2.unifap.br\/arthrolab\/files\/2015\/03\/SAM_0540-1024x768.jpg\" width=\"185\" height=\"185\" \/><\/a><a href=\"http:\/\/www2.unifap.br\/arthrolab\/files\/2015\/03\/20150420_1616401.jpg\"><img loading=\"lazy\" decoding=\"async\" class=\" wp-image-610 alignnone\" alt=\"20150420_161640[1]\" src=\"http:\/\/www2.unifap.br\/arthrolab\/files\/2015\/03\/20150420_1616401-1024x768.jpg\" width=\"185\" height=\"185\" \/><\/a> <a href=\"http:\/\/www2.unifap.br\/arthrolab\/files\/2015\/03\/SAM_0541.jpg\"><img loading=\"lazy\" decoding=\"async\" class=\"wp-image-387 alignnone\" alt=\"SAMSUNG CAMERA PICTURES\" src=\"http:\/\/www2.unifap.br\/arthrolab\/files\/2015\/03\/SAM_0541-1024x768.jpg\" width=\"185\" height=\"185\" \/><\/a> <a href=\"http:\/\/www2.unifap.br\/arthrolab\/files\/2015\/03\/SAM_0590.jpg\"><img loading=\"lazy\" decoding=\"async\" class=\"wp-image-388 alignnone\" alt=\"SAMSUNG CAMERA PICTURES\" src=\"http:\/\/www2.unifap.br\/arthrolab\/files\/2015\/03\/SAM_0590-1024x768.jpg\" width=\"185\" height=\"185\" \/><\/a> <a href=\"http:\/\/www2.unifap.br\/arthrolab\/files\/2015\/03\/SAM_0655.jpg\"><img loading=\"lazy\" decoding=\"async\" class=\"wp-image-392 alignnone\" alt=\"SAMSUNG CAMERA PICTURES\" src=\"http:\/\/www2.unifap.br\/arthrolab\/files\/2015\/03\/SAM_0655-1024x768.jpg\" width=\"185\" height=\"185\" \/><\/a><\/p>\n<p><a href=\"http:\/\/www2.unifap.br\/arthrolab\/files\/2015\/03\/SAM_0112.jpg\"><img loading=\"lazy\" decoding=\"async\" class=\"wp-image-395 alignnone\" alt=\"SAMSUNG CAMERA PICTURES\" src=\"http:\/\/www2.unifap.br\/arthrolab\/files\/2015\/03\/SAM_0112-1024x768.jpg\" width=\"185\" height=\"185\" \/><\/a><\/p>\n<p>&nbsp;<\/p>\n<p><strong>INICIA\u00c7\u00c3O CIENT\u00cdFICA<br \/>\n<\/strong><\/p>\n<p><strong>Projeto<\/strong>:\u00a0<strong>Composi\u00e7\u00e3o e ecologia de borboletas frug\u00edferas em um ambiente de Cerrado amaz\u00f4nico<\/strong>.<\/p>\n<p><strong>Orientanda: Monize Ayres<\/strong><\/p>\n<p><strong>Orientador:<\/strong> Prof. Dr. Raimundo Nonato<\/p>\n<p><strong>MESTRADO<\/strong><\/p>\n<p><b><b>RIQUEZA, ABUNDANCIA E ALGUNS ASPECTOS ECOL\u00d3GICOS DE CULIC\u00cdDEOS (DIPTERA: CULICIDAE) DE IMPORT\u00c2NCIA M\u00c9DICA NA COMUNIDADE DA RESSACA DA PEDREIRA, MACAP\u00c1-AMAP\u00c1<\/b><\/b><\/p>\n<p>Orientanda: Fernanda Nascimento<\/p>\n<p>Orientador:\u00a0Prof. Dr. Raimundo Nonato<\/p>\n<p>&nbsp;<\/p>\n<p><strong>Projeto: Artropofauna de import\u00e2ncia Forense em um ambiente de ilha na Amaz\u00f4nia oriental<\/strong>.<\/p>\n<p>Orientando: Taires Peniche<\/p>\n<p>Orientador:\u00a0Prof. Dr. Raimundo Nonato<\/p>\n<p>&nbsp;<\/p>\n<p>&nbsp;<\/p>\n","protected":false},"excerpt":{"rendered":"<p>TRABALHO DE CONCLUS\u00c3O DE CURSO PROJETO: Composi\u00e7\u00e3o e Ecologia de Coleoptera pragas de gr\u00e3os armazenados, na cidade de Macap\u00e1. Orientando: Eduardo Galv\u00e3o ORIENTADOR: Prof. Dr. Raimundo Nonato Projeto:\u00a0Composi\u00e7\u00e3o e Ecologia de Lepidoptera pragas de gr\u00e3os armazenados, na cidade de Macap\u00e1.&hellip; <\/p>\n<p><a href=\"http:\/\/www2.unifap.br\/arthrolab\/orientacoes-em-andamento\/\" class=\"readmore-button\">Continue Reading<\/a><\/p>\n","protected":false},"author":84,"featured_media":0,"parent":0,"menu_order":0,"comment_status":"open","ping_status":"open","template":"","meta":{"inline_featured_image":false,"ngg_post_thumbnail":0,"footnotes":""},"class_list":["post-227","page","type-page","status-publish","hentry"],"_links":{"self":[{"href":"http:\/\/www2.unifap.br\/arthrolab\/wp-json\/wp\/v2\/pages\/227","targetHints":{"allow":["GET"]}}],"collection":[{"href":"http:\/\/www2.unifap.br\/arthrolab\/wp-json\/wp\/v2\/pages"}],"about":[{"href":"http:\/\/www2.unifap.br\/arthrolab\/wp-json\/wp\/v2\/types\/page"}],"author":[{"embeddable":true,"href":"http:\/\/www2.unifap.br\/arthrolab\/wp-json\/wp\/v2\/users\/84"}],"replies":[{"embeddable":true,"href":"http:\/\/www2.unifap.br\/arthrolab\/wp-json\/wp\/v2\/comments?post=227"}],"version-history":[{"count":18,"href":"http:\/\/www2.unifap.br\/arthrolab\/wp-json\/wp\/v2\/pages\/227\/revisions"}],"predecessor-version":[{"id":619,"href":"http:\/\/www2.unifap.br\/arthrolab\/wp-json\/wp\/v2\/pages\/227\/revisions\/619"}],"wp:attachment":[{"href":"http:\/\/www2.unifap.br\/arthrolab\/wp-json\/wp\/v2\/media?parent=227"}],"curies":[{"name":"wp","href":"https:\/\/api.w.org\/{rel}","templated":true}]}}