{"id":233,"date":"2015-03-28T14:21:54","date_gmt":"2015-03-28T14:21:54","guid":{"rendered":"http:\/\/www2.unifap.br\/arthrolab\/?page_id=233"},"modified":"2015-04-11T16:08:00","modified_gmt":"2015-04-11T16:08:00","slug":"banco-de-dados","status":"publish","type":"page","link":"http:\/\/www2.unifap.br\/arthrolab\/banco-de-dados\/","title":{"rendered":"Banco de dados"},"content":{"rendered":"<p>O banco de dados alberga informa\u00e7\u00f5es taxon\u00f4micas, bioecol\u00f3gicas e biogeogr\u00e1ficas de esp\u00e9cies de insetos de import\u00e2ncia na transmiss\u00e3o de mal\u00e1ria, dengue, febre amarela, chikungunya e doen\u00e7a de Chagas, bem como, as esp\u00e9cies import\u00e2ncia forense que ocorrem no estado Amap\u00e1. As informa\u00e7\u00f5es armazenadas est\u00e3o a disposi\u00e7\u00e3o dos \u00f3rg\u00e3os governamentais respons\u00e1veis \u00a0pela gest\u00e3o do controle de vetores e \u00e0 Pol\u00edciaT\u00e9cnico Cient\u00edfica &#8211; POLITEC\/AP, respons\u00e1vel pelas pericias forenses.<\/p>\n<p>&nbsp;<\/p>\n","protected":false},"excerpt":{"rendered":"<p>O banco de dados alberga informa\u00e7\u00f5es taxon\u00f4micas, bioecol\u00f3gicas e biogeogr\u00e1ficas de esp\u00e9cies de insetos de import\u00e2ncia na transmiss\u00e3o de mal\u00e1ria, dengue, febre amarela, chikungunya e doen\u00e7a de Chagas, bem como, as esp\u00e9cies import\u00e2ncia forense que ocorrem no estado Amap\u00e1. As&hellip; <\/p>\n<p><a href=\"http:\/\/www2.unifap.br\/arthrolab\/banco-de-dados\/\" class=\"readmore-button\">Continue Reading<\/a><\/p>\n","protected":false},"author":84,"featured_media":0,"parent":0,"menu_order":0,"comment_status":"open","ping_status":"open","template":"","meta":{"inline_featured_image":false,"ngg_post_thumbnail":0,"footnotes":""},"class_list":["post-233","page","type-page","status-publish","hentry"],"_links":{"self":[{"href":"http:\/\/www2.unifap.br\/arthrolab\/wp-json\/wp\/v2\/pages\/233","targetHints":{"allow":["GET"]}}],"collection":[{"href":"http:\/\/www2.unifap.br\/arthrolab\/wp-json\/wp\/v2\/pages"}],"about":[{"href":"http:\/\/www2.unifap.br\/arthrolab\/wp-json\/wp\/v2\/types\/page"}],"author":[{"embeddable":true,"href":"http:\/\/www2.unifap.br\/arthrolab\/wp-json\/wp\/v2\/users\/84"}],"replies":[{"embeddable":true,"href":"http:\/\/www2.unifap.br\/arthrolab\/wp-json\/wp\/v2\/comments?post=233"}],"version-history":[{"count":7,"href":"http:\/\/www2.unifap.br\/arthrolab\/wp-json\/wp\/v2\/pages\/233\/revisions"}],"predecessor-version":[{"id":576,"href":"http:\/\/www2.unifap.br\/arthrolab\/wp-json\/wp\/v2\/pages\/233\/revisions\/576"}],"wp:attachment":[{"href":"http:\/\/www2.unifap.br\/arthrolab\/wp-json\/wp\/v2\/media?parent=233"}],"curies":[{"name":"wp","href":"https:\/\/api.w.org\/{rel}","templated":true}]}}