{"id":253,"date":"2015-03-29T01:59:56","date_gmt":"2015-03-29T01:59:56","guid":{"rendered":"http:\/\/www2.unifap.br\/arthrolab\/?page_id=253"},"modified":"2015-04-06T13:01:02","modified_gmt":"2015-04-06T13:01:02","slug":"ciencias-ao-alcance-de-todos","status":"publish","type":"page","link":"http:\/\/www2.unifap.br\/arthrolab\/ciencias-ao-alcance-de-todos\/","title":{"rendered":"Ci\u00eancias ao alcance de todos"},"content":{"rendered":"<p style=\"text-align: justify\">O Laborat\u00f3rio de Arthropoda &#8211; Setor de Cole\u00e7\u00f5es Biol\u00f3gicas em breve dar\u00e1 inicio ao projeto \u00a0<strong>Ci\u00eancias ao alcance de todos, <\/strong>cujo o objetivo ser\u00e1<strong>\u00a0<\/strong> divulgar o acervo das cole\u00e7\u00f5es biol\u00f3gicas e o banco de dados gerados atrav\u00e9s da execu\u00e7\u00e3o de projetos cient\u00edficos envolvendo as tem\u00e1ticas biodiversidade, entomologia medica e forense. Os espa\u00e7os contemplados para a divulga\u00e7\u00e3o, ser\u00e3o as \u00a0pra\u00e7as p\u00fablicas, Eventos de Ci\u00eancia e Tecnologia, em escolas p\u00fablicas e particulares.<\/p>\n","protected":false},"excerpt":{"rendered":"<p>O Laborat\u00f3rio de Arthropoda &#8211; Setor de Cole\u00e7\u00f5es Biol\u00f3gicas em breve dar\u00e1 inicio ao projeto \u00a0Ci\u00eancias ao alcance de todos, cujo o objetivo ser\u00e1\u00a0 divulgar o acervo das cole\u00e7\u00f5es biol\u00f3gicas e o banco de dados gerados atrav\u00e9s da execu\u00e7\u00e3o de&hellip; <\/p>\n<p><a href=\"http:\/\/www2.unifap.br\/arthrolab\/ciencias-ao-alcance-de-todos\/\" class=\"readmore-button\">Continue Reading<\/a><\/p>\n","protected":false},"author":84,"featured_media":0,"parent":0,"menu_order":0,"comment_status":"open","ping_status":"open","template":"","meta":{"inline_featured_image":false,"ngg_post_thumbnail":0,"footnotes":""},"class_list":["post-253","page","type-page","status-publish","hentry"],"_links":{"self":[{"href":"http:\/\/www2.unifap.br\/arthrolab\/wp-json\/wp\/v2\/pages\/253","targetHints":{"allow":["GET"]}}],"collection":[{"href":"http:\/\/www2.unifap.br\/arthrolab\/wp-json\/wp\/v2\/pages"}],"about":[{"href":"http:\/\/www2.unifap.br\/arthrolab\/wp-json\/wp\/v2\/types\/page"}],"author":[{"embeddable":true,"href":"http:\/\/www2.unifap.br\/arthrolab\/wp-json\/wp\/v2\/users\/84"}],"replies":[{"embeddable":true,"href":"http:\/\/www2.unifap.br\/arthrolab\/wp-json\/wp\/v2\/comments?post=253"}],"version-history":[{"count":3,"href":"http:\/\/www2.unifap.br\/arthrolab\/wp-json\/wp\/v2\/pages\/253\/revisions"}],"predecessor-version":[{"id":425,"href":"http:\/\/www2.unifap.br\/arthrolab\/wp-json\/wp\/v2\/pages\/253\/revisions\/425"}],"wp:attachment":[{"href":"http:\/\/www2.unifap.br\/arthrolab\/wp-json\/wp\/v2\/media?parent=253"}],"curies":[{"name":"wp","href":"https:\/\/api.w.org\/{rel}","templated":true}]}}