{"id":38,"date":"2015-02-19T21:21:48","date_gmt":"2015-02-19T21:21:48","guid":{"rendered":"http:\/\/www2.unifap.br\/arthrolab\/?page_id=38"},"modified":"2015-03-29T01:22:53","modified_gmt":"2015-03-29T01:22:53","slug":"apresentacao","status":"publish","type":"page","link":"http:\/\/www2.unifap.br\/arthrolab\/apresentacao\/","title":{"rendered":"Arthrolab"},"content":{"rendered":"<p><a href=\"http:\/\/www2.unifap.br\/arthrolab\/files\/2015\/02\/logo2.jpg\"><img fetchpriority=\"high\" decoding=\"async\" class=\"wp-image-142 alignleft\" alt=\"logo2\" src=\"http:\/\/www2.unifap.br\/arthrolab\/files\/2015\/02\/logo2.jpg\" width=\"289\" height=\"218\" srcset=\"http:\/\/www2.unifap.br\/arthrolab\/files\/2015\/02\/logo2.jpg 590w, http:\/\/www2.unifap.br\/arthrolab\/files\/2015\/02\/logo2-300x226.jpg 300w, http:\/\/www2.unifap.br\/arthrolab\/files\/2015\/02\/logo2-238x180.jpg 238w\" sizes=\"(max-width: 289px) 100vw, 289px\" \/><\/a>O Laborat\u00f3rio de Arthropoda est\u00e1 subordinado a Coordena\u00e7\u00e3o de Ci\u00eancias Biol\u00f3gicas, Departamento de Ci\u00eancias Biol\u00f3gicas e da Sa\u00fade da UNIFAP. Possui o Grupo de Pesquisa Taxonomia e Bioecologia de insetos de import\u00e2ncia M\u00e9dica e Forense cadastrado no diret\u00f3rio dos grupos de Pesquisa do Brasil CNPq\/Lattes integrado com grupos do Brasil e do exterior que desenvolvem estudos taxon\u00f4micos, bioecol\u00f3gicos e biogeogr\u00e1ficos de esp\u00e9cies de Insecta e de Aracnida com import\u00e2ncia no \u00e2mbito da Entomologia M\u00e9dica, Forense, Urbana e Geral.<\/p>\n","protected":false},"excerpt":{"rendered":"<p>O Laborat\u00f3rio de Arthropoda est\u00e1 subordinado a Coordena\u00e7\u00e3o de Ci\u00eancias Biol\u00f3gicas, Departamento de Ci\u00eancias Biol\u00f3gicas e da Sa\u00fade da UNIFAP. Possui o Grupo de Pesquisa Taxonomia e Bioecologia de insetos de import\u00e2ncia M\u00e9dica e Forense cadastrado no diret\u00f3rio dos grupos&hellip; <\/p>\n<p><a href=\"http:\/\/www2.unifap.br\/arthrolab\/apresentacao\/\" class=\"readmore-button\">Continue Reading<\/a><\/p>\n","protected":false},"author":84,"featured_media":0,"parent":0,"menu_order":0,"comment_status":"open","ping_status":"open","template":"","meta":{"inline_featured_image":false,"ngg_post_thumbnail":0,"footnotes":""},"class_list":["post-38","page","type-page","status-publish","hentry"],"_links":{"self":[{"href":"http:\/\/www2.unifap.br\/arthrolab\/wp-json\/wp\/v2\/pages\/38","targetHints":{"allow":["GET"]}}],"collection":[{"href":"http:\/\/www2.unifap.br\/arthrolab\/wp-json\/wp\/v2\/pages"}],"about":[{"href":"http:\/\/www2.unifap.br\/arthrolab\/wp-json\/wp\/v2\/types\/page"}],"author":[{"embeddable":true,"href":"http:\/\/www2.unifap.br\/arthrolab\/wp-json\/wp\/v2\/users\/84"}],"replies":[{"embeddable":true,"href":"http:\/\/www2.unifap.br\/arthrolab\/wp-json\/wp\/v2\/comments?post=38"}],"version-history":[{"count":9,"href":"http:\/\/www2.unifap.br\/arthrolab\/wp-json\/wp\/v2\/pages\/38\/revisions"}],"predecessor-version":[{"id":249,"href":"http:\/\/www2.unifap.br\/arthrolab\/wp-json\/wp\/v2\/pages\/38\/revisions\/249"}],"wp:attachment":[{"href":"http:\/\/www2.unifap.br\/arthrolab\/wp-json\/wp\/v2\/media?parent=38"}],"curies":[{"name":"wp","href":"https:\/\/api.w.org\/{rel}","templated":true}]}}