{"id":496,"date":"2015-04-08T15:33:05","date_gmt":"2015-04-08T15:33:05","guid":{"rendered":"http:\/\/www2.unifap.br\/arthrolab\/?page_id=496"},"modified":"2015-04-15T00:06:36","modified_gmt":"2015-04-15T00:06:36","slug":"banners-publicados-em-eventos-cientificos","status":"publish","type":"page","link":"http:\/\/www2.unifap.br\/arthrolab\/banners-publicados-em-eventos-cientificos\/","title":{"rendered":"Banners e palestras em eventos cientificos"},"content":{"rendered":"<p><a href=\"http:\/\/www2.unifap.br\/arthrolab\/files\/2015\/04\/Banner.culicideos.forense.pptx\">Banner.culicideos.forense<\/a><\/p>\n<p><a href=\"http:\/\/www2.unifap.br\/arthrolab\/files\/2015\/04\/Poster.culicideos.ppt\">Poster.culicideos<\/a><\/p>\n<p><a href=\"http:\/\/www2.unifap.br\/arthrolab\/files\/2015\/04\/baner-SBPC.ppt\">baner SBPC<\/a><\/p>\n<p><a href=\"http:\/\/www2.unifap.br\/arthrolab\/files\/2015\/04\/ColecaoInsetos.pdf\">ColecaoInsetos<\/a><\/p>\n<p><a href=\"http:\/\/www2.unifap.br\/arthrolab\/files\/2015\/04\/baner-odonata.ppt\">baner odonata<\/a><\/p>\n<p><a href=\"http:\/\/www2.unifap.br\/arthrolab\/files\/2015\/04\/Palestra.Inseticida.vegetal.2006.ppt\">Palestra.Inseticida.vegetal.2006<\/a><\/p>\n<p><a href=\"http:\/\/www2.unifap.br\/arthrolab\/files\/2015\/04\/Banner-Eliziane.pdf\">Banner &#8211; Eliziane<\/a> <a href=\"http:\/\/www2.unifap.br\/arthrolab\/files\/2015\/04\/poster_ppgbio-Eliziane-PRONTOcorrigi.pdf\">poster_ppgbio <\/a><\/p>\n<p><a href=\"http:\/\/www2.unifap.br\/arthrolab\/files\/2015\/04\/Banner-Eliziane.pdf\">Banner &#8211; Eliziane<\/a><\/p>\n<p><a href=\"http:\/\/www2.unifap.br\/arthrolab\/files\/2015\/04\/Banner.joana_.2010.png\"><img decoding=\"async\" class=\" wp-image-577 alignnone\" alt=\"Banner.joana.2010\" src=\"http:\/\/www2.unifap.br\/arthrolab\/files\/2015\/04\/Banner.joana_.2010-921x1024.png\" width=\"185\" height=\"185\" \/><\/a><\/p>\n<p><a href=\"http:\/\/www2.unifap.br\/arthrolab\/files\/2015\/04\/Apresenta\u00e7ao_Workshop_PROBIO1.ppt\">Apresenta\u00e7ao_Workshop_PROBIO<\/a><\/p>\n<p><a href=\"http:\/\/www2.unifap.br\/arthrolab\/files\/2015\/04\/Composi\u00e7\u00e3o-de-formigas-em-carca\u00e7as.pptx\">Composi\u00e7\u00e3o de formigas em carca\u00e7as<\/a><\/p>\n<p><a href=\"http:\/\/www2.unifap.br\/arthrolab\/files\/2015\/04\/Hermetiia-illucens-em-carca\u00e7a.pptx\">Hermetiia illucens em carca\u00e7a<\/a><\/p>\n<p><a href=\"http:\/\/www2.unifap.br\/arthrolab\/files\/2015\/04\/Sarchophagidae-em-carca\u00e7as.pptx\">Sarchophagidae em carca\u00e7as<\/a><\/p>\n<p><a href=\"http:\/\/www2.unifap.br\/arthrolab\/files\/2015\/04\/AtividadeInseticidaAdultos1.pptx\">AtividadeInseticidaAdultos<\/a><\/p>\n<p><a href=\"http:\/\/www2.unifap.br\/arthrolab\/files\/2015\/04\/Efeito-do-veneno-Botropico-em-larvas-de-mosca.ppt\">Efeito do veneno Botropico em larvas de mosca<\/a>s<\/p>\n<p><a href=\"http:\/\/www2.unifap.br\/arthrolab\/files\/2015\/04\/Culicidade-do-Campus-Marco-Zero-Unifap.ppt\">Culicidade do Campus Marco Zero-Unifap<\/a><\/p>\n<p>&nbsp;<\/p>\n<p>&nbsp;<\/p>\n<p>&nbsp;<\/p>\n<p>&nbsp;<\/p>\n<p>&nbsp;<\/p>\n<p>&nbsp;<\/p>\n<p>&nbsp;<\/p>\n","protected":false},"excerpt":{"rendered":"<p>Banner.culicideos.forense Poster.culicideos baner SBPC ColecaoInsetos baner odonata Palestra.Inseticida.vegetal.2006 Banner &#8211; Eliziane poster_ppgbio Banner &#8211; Eliziane Apresenta\u00e7ao_Workshop_PROBIO Composi\u00e7\u00e3o de formigas em carca\u00e7as Hermetiia illucens em carca\u00e7a Sarchophagidae em carca\u00e7as AtividadeInseticidaAdultos Efeito do veneno Botropico em larvas de moscas Culicidade do Campus&hellip; <\/p>\n<p><a href=\"http:\/\/www2.unifap.br\/arthrolab\/banners-publicados-em-eventos-cientificos\/\" class=\"readmore-button\">Continue Reading<\/a><\/p>\n","protected":false},"author":84,"featured_media":0,"parent":0,"menu_order":0,"comment_status":"open","ping_status":"open","template":"","meta":{"inline_featured_image":false,"ngg_post_thumbnail":0,"footnotes":""},"class_list":["post-496","page","type-page","status-publish","hentry"],"_links":{"self":[{"href":"http:\/\/www2.unifap.br\/arthrolab\/wp-json\/wp\/v2\/pages\/496","targetHints":{"allow":["GET"]}}],"collection":[{"href":"http:\/\/www2.unifap.br\/arthrolab\/wp-json\/wp\/v2\/pages"}],"about":[{"href":"http:\/\/www2.unifap.br\/arthrolab\/wp-json\/wp\/v2\/types\/page"}],"author":[{"embeddable":true,"href":"http:\/\/www2.unifap.br\/arthrolab\/wp-json\/wp\/v2\/users\/84"}],"replies":[{"embeddable":true,"href":"http:\/\/www2.unifap.br\/arthrolab\/wp-json\/wp\/v2\/comments?post=496"}],"version-history":[{"count":23,"href":"http:\/\/www2.unifap.br\/arthrolab\/wp-json\/wp\/v2\/pages\/496\/revisions"}],"predecessor-version":[{"id":594,"href":"http:\/\/www2.unifap.br\/arthrolab\/wp-json\/wp\/v2\/pages\/496\/revisions\/594"}],"wp:attachment":[{"href":"http:\/\/www2.unifap.br\/arthrolab\/wp-json\/wp\/v2\/media?parent=496"}],"curies":[{"name":"wp","href":"https:\/\/api.w.org\/{rel}","templated":true}]}}