{"id":53,"date":"2015-03-05T17:38:20","date_gmt":"2015-03-05T17:38:20","guid":{"rendered":"http:\/\/www2.unifap.br\/arthrolab\/?page_id=53"},"modified":"2015-04-02T01:48:38","modified_gmt":"2015-04-02T01:48:38","slug":"atividades-de-ensino","status":"publish","type":"page","link":"http:\/\/www2.unifap.br\/arthrolab\/atividades-de-ensino\/","title":{"rendered":"Atividades de Ensino e Forma\u00e7\u00e3o"},"content":{"rendered":"<p>Os professores realizam atividades de ensino de gradua\u00e7\u00e3o no Curso de Ci\u00eancias Biol\u00f3gicas e de p\u00f3s-gradua\u00e7\u00e3o nos seguintes programas:<br \/>\n\u2022 Programa de P\u00f3s-Gradua\u00e7\u00e3o em Biodiversidade Tropical \u2013 Universidade Federal do Amap\u00e1;<br \/>\n\u2022 Programa de P\u00f3s-Gradua\u00e7\u00e3o em Ci\u00eancias Farmac\u00eauticas \u2013 Universidade Federal do Amap\u00e1;<br \/>\n\u2022 Programa de P\u00f3s-Gradua\u00e7\u00e3o em Ci\u00eancias da Sa\u00fade.<br \/>\n<strong>GRADUA\u00c7\u00c3O<\/strong><br \/>\n\u2022 Zoologia II<br \/>\nDocentes: Dr. Raimundo Nonato P. Souto, MsC Ledayane Barbosa, MsC. Ricardo Marcelo Ferreira e MsC Beatriz S\u00e1.<br \/>\nCarga hor\u00e1ria: 120 horas.<br \/>\n\u2022 Parasitologia Geral<br \/>\nDocentes: Dr. Raimundo Nonato Pican\u00e7o Souto, MsC Ledayane Barbosa, MsC. Ricardo Marcelo dos A. Ferreira e MsC Beatriz S\u00e1.<br \/>\nCarga hor\u00e1ria: 90 horas.<br \/>\n\u2022 Metodologia da Investiga\u00e7\u00e3o Cientifica<br \/>\nDocente: Dr. Raimundo Nonato Pican\u00e7o Souto<br \/>\nCarga hor\u00e1ria: 60 horas.<\/p>\n<p><strong>P\u00d3S-GRADAU\u00c7\u00c3O<\/strong><br \/>\nPrograma: Biodiversidade Tropical &#8211; PPGBIO<br \/>\nT\u00f3picos especiais em Entomologia M\u00e9dica<br \/>\nDocente: Dr. Raimundo Nonato Pican\u00e7o Souto<br \/>\nCarga hor\u00e1ria: 45 horas.<br \/>\nPrograma: Ci\u00eancias da Sa\u00fade &#8211; PPGCS<br \/>\nSemin\u00e1rios Avan\u00e7ados Aplicados as Ci\u00eancias da Sa\u00fade<br \/>\nDocente: Dr. Raimundo Nonato Pican\u00e7o Souto<br \/>\nCarga hor\u00e1ria: 75 horas.<\/p>\n<p>Programa: Ci\u00eancias Farmac\u00eauticas &#8211; PPGCF<br \/>\nSemin\u00e1rio em Ci\u00eancias Farmac\u00eauticas I<\/p>\n<p>Docente: Dr. Raimundo Nonato Pican\u00e7o Souto<br \/>\nCarga hor\u00e1ria: 75 horas.<\/p>\n","protected":false},"excerpt":{"rendered":"<p>Os professores realizam atividades de ensino de gradua\u00e7\u00e3o no Curso de Ci\u00eancias Biol\u00f3gicas e de p\u00f3s-gradua\u00e7\u00e3o nos seguintes programas: \u2022 Programa de P\u00f3s-Gradua\u00e7\u00e3o em Biodiversidade Tropical \u2013 Universidade Federal do Amap\u00e1; \u2022 Programa de P\u00f3s-Gradua\u00e7\u00e3o em Ci\u00eancias Farmac\u00eauticas \u2013 Universidade&hellip; <\/p>\n<p><a href=\"http:\/\/www2.unifap.br\/arthrolab\/atividades-de-ensino\/\" class=\"readmore-button\">Continue Reading<\/a><\/p>\n","protected":false},"author":84,"featured_media":0,"parent":0,"menu_order":0,"comment_status":"open","ping_status":"open","template":"","meta":{"inline_featured_image":false,"ngg_post_thumbnail":0,"footnotes":""},"class_list":["post-53","page","type-page","status-publish","hentry"],"_links":{"self":[{"href":"http:\/\/www2.unifap.br\/arthrolab\/wp-json\/wp\/v2\/pages\/53","targetHints":{"allow":["GET"]}}],"collection":[{"href":"http:\/\/www2.unifap.br\/arthrolab\/wp-json\/wp\/v2\/pages"}],"about":[{"href":"http:\/\/www2.unifap.br\/arthrolab\/wp-json\/wp\/v2\/types\/page"}],"author":[{"embeddable":true,"href":"http:\/\/www2.unifap.br\/arthrolab\/wp-json\/wp\/v2\/users\/84"}],"replies":[{"embeddable":true,"href":"http:\/\/www2.unifap.br\/arthrolab\/wp-json\/wp\/v2\/comments?post=53"}],"version-history":[{"count":3,"href":"http:\/\/www2.unifap.br\/arthrolab\/wp-json\/wp\/v2\/pages\/53\/revisions"}],"predecessor-version":[{"id":360,"href":"http:\/\/www2.unifap.br\/arthrolab\/wp-json\/wp\/v2\/pages\/53\/revisions\/360"}],"wp:attachment":[{"href":"http:\/\/www2.unifap.br\/arthrolab\/wp-json\/wp\/v2\/media?parent=53"}],"curies":[{"name":"wp","href":"https:\/\/api.w.org\/{rel}","templated":true}]}}