{"id":63,"date":"2015-03-05T17:41:36","date_gmt":"2015-03-05T17:41:36","guid":{"rendered":"http:\/\/www2.unifap.br\/arthrolab\/?page_id=63"},"modified":"2015-04-13T15:21:04","modified_gmt":"2015-04-13T15:21:04","slug":"equipe","status":"publish","type":"page","link":"http:\/\/www2.unifap.br\/arthrolab\/apresentacao\/equipe\/","title":{"rendered":"Equipe"},"content":{"rendered":"<p><a href=\"http:\/\/www2.unifap.br\/arthrolab\/files\/2015\/03\/Grupo.jpg\"><img fetchpriority=\"high\" decoding=\"async\" class=\" wp-image-450 alignnone\" alt=\"Grupo\" src=\"http:\/\/www2.unifap.br\/arthrolab\/files\/2015\/03\/Grupo-1024x726.jpg\" width=\"260\" height=\"260\" \/><\/a><\/p>\n<p><a href=\"http:\/\/www2.unifap.br\/arthrolab\/files\/2015\/03\/Nonato.jpg\"><img decoding=\"async\" class=\"wp-image-448 alignnone\" alt=\"Nonato\" src=\"http:\/\/www2.unifap.br\/arthrolab\/files\/2015\/03\/Nonato-789x1024.jpg\" width=\"200\" height=\"250\" \/><\/a><\/p>\n<p><strong>Prof. Dr. Raimundo Nonato Pican\u00e7o Souto<\/strong><\/p>\n<p><img decoding=\"async\" class=\"wp-image-285 alignnone\" alt=\"image4\" src=\"http:\/\/www2.unifap.br\/arthrolab\/files\/2015\/03\/image4-768x1024.jpeg\" width=\"200\" height=\"250\" \/><\/p>\n<p><strong>Profa. MsC Beatriz S\u00e1<\/strong><\/p>\n<p><a href=\"http:\/\/www2.unifap.br\/arthrolab\/files\/2015\/03\/Leda-2.jpg\"><img loading=\"lazy\" decoding=\"async\" class=\"wp-image-444 alignnone\" alt=\"Leda 2\" src=\"http:\/\/www2.unifap.br\/arthrolab\/files\/2015\/03\/Leda-2-585x1024.jpg\" width=\"200\" height=\"250\" \/><\/a><\/p>\n<p><strong><span style=\"line-height: 1.5em\">Profa. MsC Ledayane Mayana Costa Barbosa<\/span><\/strong><\/p>\n<p>&nbsp;<\/p>\n<p><a href=\"http:\/\/www2.unifap.br\/arthrolab\/files\/2015\/03\/DSC_0020.jpg\"><img loading=\"lazy\" decoding=\"async\" class=\" wp-image-518 alignnone\" alt=\"DSC_0020\" src=\"http:\/\/www2.unifap.br\/arthrolab\/files\/2015\/03\/DSC_0020-680x1024.jpg\" width=\"200\" height=\"250\" \/><\/a><\/p>\n<p><strong>Prof. MsC Ricardo Marcelo dos Anjos Ferreira<\/strong><\/p>\n<p><a href=\"http:\/\/www2.unifap.br\/arthrolab\/files\/2015\/03\/Fototecnicalaboratorio-e1427837753484.jpg\"><img loading=\"lazy\" decoding=\"async\" class=\"wp-image-269 alignnone\" style=\"width: 126px;height: 171px\" alt=\"Fototecnicalaboratorio\" src=\"http:\/\/www2.unifap.br\/arthrolab\/files\/2015\/03\/Fototecnicalaboratorio-737x1024.jpg\" width=\"200\" height=\"250\" \/><\/a><\/p>\n<p><strong>T\u00e9cnica de Laborat\u00f3rio &#8211; Karen Carmo<\/strong><\/p>\n<p><strong>PESQUISADORES COLABORADORES<\/strong><\/p>\n<p>&nbsp;<\/p>\n<p>&nbsp;<\/p>\n<p><strong>Dra. Margareth Maria Queiroz\/Fiocruz-RJ<\/strong><\/p>\n<p>&nbsp;<\/p>\n<p>&nbsp;<\/p>\n<p><strong>Prof. Msc. Carlos Dutok\/ Universidad do Oriente-Cuba<\/strong><\/p>\n<p>&nbsp;<\/p>\n<p>&nbsp;<\/p>\n<p>&nbsp;<\/p>\n<p>&nbsp;<\/p>\n","protected":false},"excerpt":{"rendered":"<p>Prof. Dr. Raimundo Nonato Pican\u00e7o Souto Profa. MsC Beatriz S\u00e1 Profa. MsC Ledayane Mayana Costa Barbosa &nbsp; Prof. MsC Ricardo Marcelo dos Anjos Ferreira T\u00e9cnica de Laborat\u00f3rio &#8211; Karen Carmo PESQUISADORES COLABORADORES &nbsp; &nbsp; Dra. Margareth Maria Queiroz\/Fiocruz-RJ &nbsp; &nbsp;&hellip; <\/p>\n<p><a href=\"http:\/\/www2.unifap.br\/arthrolab\/apresentacao\/equipe\/\" class=\"readmore-button\">Continue Reading<\/a><\/p>\n","protected":false},"author":84,"featured_media":0,"parent":38,"menu_order":0,"comment_status":"open","ping_status":"open","template":"","meta":{"inline_featured_image":false,"ngg_post_thumbnail":0,"footnotes":""},"class_list":["post-63","page","type-page","status-publish","hentry"],"_links":{"self":[{"href":"http:\/\/www2.unifap.br\/arthrolab\/wp-json\/wp\/v2\/pages\/63","targetHints":{"allow":["GET"]}}],"collection":[{"href":"http:\/\/www2.unifap.br\/arthrolab\/wp-json\/wp\/v2\/pages"}],"about":[{"href":"http:\/\/www2.unifap.br\/arthrolab\/wp-json\/wp\/v2\/types\/page"}],"author":[{"embeddable":true,"href":"http:\/\/www2.unifap.br\/arthrolab\/wp-json\/wp\/v2\/users\/84"}],"replies":[{"embeddable":true,"href":"http:\/\/www2.unifap.br\/arthrolab\/wp-json\/wp\/v2\/comments?post=63"}],"version-history":[{"count":30,"href":"http:\/\/www2.unifap.br\/arthrolab\/wp-json\/wp\/v2\/pages\/63\/revisions"}],"predecessor-version":[{"id":620,"href":"http:\/\/www2.unifap.br\/arthrolab\/wp-json\/wp\/v2\/pages\/63\/revisions\/620"}],"up":[{"embeddable":true,"href":"http:\/\/www2.unifap.br\/arthrolab\/wp-json\/wp\/v2\/pages\/38"}],"wp:attachment":[{"href":"http:\/\/www2.unifap.br\/arthrolab\/wp-json\/wp\/v2\/media?parent=63"}],"curies":[{"name":"wp","href":"https:\/\/api.w.org\/{rel}","templated":true}]}}