{"id":83,"date":"2015-03-05T18:47:58","date_gmt":"2015-03-05T18:47:58","guid":{"rendered":"http:\/\/www2.unifap.br\/arthrolab\/?page_id=83"},"modified":"2015-03-31T00:08:53","modified_gmt":"2015-03-31T00:08:53","slug":"parcerias-e-projetos-integrados","status":"publish","type":"page","link":"http:\/\/www2.unifap.br\/arthrolab\/parcerias-e-projetos-integrados\/","title":{"rendered":"Parcerias Cientificas"},"content":{"rendered":"<p>O ARTHROLAB mantem parcerias de pesquisas cientificas, atividade did\u00e1tica\u00a0 e de extens\u00e3o com laborat\u00f3rios vinculados aos cursos de gradua\u00e7\u00e3o e de P\u00f3s-gradua\u00e7\u00e3o da UNIFAP e com institui\u00e7\u00f5es de pesquisa nacional e internacional.<\/p>\n<p><strong>INTRAINSTITUCIONAL<br \/>\n<\/strong><\/p>\n<ul>\n<li>Laborat\u00f3rio de Zoologia de Vertebrados do Curso de Ci\u00eancias Biol\u00f3gicas<\/li>\n<li>Laborat\u00f3rio de Invertebrados do Curso de Ci\u00eancias Biol\u00f3gicas<\/li>\n<li>Laborat\u00f3rio de F\u00e1rmacos do Curso de Ci\u00eancias Farmac\u00eauticas<\/li>\n<li>Laborat\u00f3rio de Nanofito do Curso de Ci\u00eancias Farmac\u00eauticas<\/li>\n<li>Laborat\u00f3rio de Parasitologia do Departamento de Ci\u00eancias Biol\u00f3gicas e da Sa\u00fade<\/li>\n<li>Coordena\u00e7\u00e3o de Ci\u00eancias Biol\u00f3gicas do Campus Oiapoque<\/li>\n<li>Programa de P\u00f3s-gradua\u00e7\u00e3o em Biodiversidade Tropical &#8211; PPGBIO<\/li>\n<li>Programa de P\u00f3s-gradua\u00e7\u00e3o em Ci\u00eancias Farmac\u00eauticas &#8211; PPGCF<\/li>\n<li>Programa de\u00a0 P\u00f3s-gradua\u00e7\u00e3o em Ci\u00eancias da Sa\u00fade &#8211; PPGCS<\/li>\n<\/ul>\n<p><strong>INTERINSTITUCIONAL<\/strong><\/p>\n<ul>\n<li>UNIVERSIDAD DO ORIENTE \u2013 Departamento de Farm\u00e1cia \u2013 CUBA<\/li>\n<li>FIOCRUZ \u2013 Laborat\u00f3rio de\u00a0Entomologia Forense e M\u00e9dica\u00a0&#8211; Setor de Entomologia<\/li>\n<li>INPA \u2013 Laborat\u00f3rio de Gen\u00e9tica<\/li>\n<li>Funda\u00e7\u00e3o Oswaldo Cruz &#8211; Centro de Pesquisas Ren\u00e9 Rachou \u2013 Laborat\u00f3rio de Leishmaniose<\/li>\n<li>MUSEU GOELDI \u2013 Laborat\u00f3rio de Mirmecologia<\/li>\n<li>INSTITUTO EVANDRO CHAGAS \u2013 Sec\u00e7\u00e3o de Arbov\u00edrus e de Mal\u00e1ria<\/li>\n<li>INSTITUTO DE PESQUISAS CIENT\u00cdFICAS E TECNOL\u00d3GICAS DO ESTADO AMAP\u00c1 \u2013 Cole\u00e7\u00e3o Entomofauna e Carcinofauna, Laborat\u00f3rio de Entomologia M\u00e9dica<\/li>\n<li>POLITEC \u2013 AMAP\u00c1 &#8211; Laborat\u00f3rio de Pericias Forenses<\/li>\n<li>EMBRAPA-AMAP\u00c1 \u2013 Laborat\u00f3rio de Entomologia Agr\u00edcola<\/li>\n<li>LACEN-AMAP\u00c1 &#8211; Laborat\u00f3rio de Entomologia Medica<\/li>\n<li>CVS- Laborat\u00f3rio de Entomologia M\u00e9dica &#8211; SECRETARIA DE SA\u00daDE DO AMAP\u00c1<\/li>\n<li>CRDT- SECRETARIA DE SA\u00daDE DO AMAP\u00c1 \u2013 Laborat\u00f3rio de Leishmaniose<\/li>\n<\/ul>\n<p><b>\u00a0<\/b><\/p>\n<p><b>\u00a0<\/b><\/p>\n","protected":false},"excerpt":{"rendered":"<p>O ARTHROLAB mantem parcerias de pesquisas cientificas, atividade did\u00e1tica\u00a0 e de extens\u00e3o com laborat\u00f3rios vinculados aos cursos de gradua\u00e7\u00e3o e de P\u00f3s-gradua\u00e7\u00e3o da UNIFAP e com institui\u00e7\u00f5es de pesquisa nacional e internacional. INTRAINSTITUCIONAL Laborat\u00f3rio de Zoologia de Vertebrados do Curso&hellip; <\/p>\n<p><a href=\"http:\/\/www2.unifap.br\/arthrolab\/parcerias-e-projetos-integrados\/\" class=\"readmore-button\">Continue Reading<\/a><\/p>\n","protected":false},"author":84,"featured_media":0,"parent":0,"menu_order":0,"comment_status":"open","ping_status":"open","template":"","meta":{"inline_featured_image":false,"ngg_post_thumbnail":0,"footnotes":""},"class_list":["post-83","page","type-page","status-publish","hentry"],"_links":{"self":[{"href":"http:\/\/www2.unifap.br\/arthrolab\/wp-json\/wp\/v2\/pages\/83","targetHints":{"allow":["GET"]}}],"collection":[{"href":"http:\/\/www2.unifap.br\/arthrolab\/wp-json\/wp\/v2\/pages"}],"about":[{"href":"http:\/\/www2.unifap.br\/arthrolab\/wp-json\/wp\/v2\/types\/page"}],"author":[{"embeddable":true,"href":"http:\/\/www2.unifap.br\/arthrolab\/wp-json\/wp\/v2\/users\/84"}],"replies":[{"embeddable":true,"href":"http:\/\/www2.unifap.br\/arthrolab\/wp-json\/wp\/v2\/comments?post=83"}],"version-history":[{"count":8,"href":"http:\/\/www2.unifap.br\/arthrolab\/wp-json\/wp\/v2\/pages\/83\/revisions"}],"predecessor-version":[{"id":261,"href":"http:\/\/www2.unifap.br\/arthrolab\/wp-json\/wp\/v2\/pages\/83\/revisions\/261"}],"wp:attachment":[{"href":"http:\/\/www2.unifap.br\/arthrolab\/wp-json\/wp\/v2\/media?parent=83"}],"curies":[{"name":"wp","href":"https:\/\/api.w.org\/{rel}","templated":true}]}}