{"id":88,"date":"2015-03-09T12:30:37","date_gmt":"2015-03-09T12:30:37","guid":{"rendered":"http:\/\/www2.unifap.br\/arthrolab\/?page_id=88"},"modified":"2015-04-11T17:31:53","modified_gmt":"2015-04-11T17:31:53","slug":"sala-de-pesquisa","status":"publish","type":"page","link":"http:\/\/www2.unifap.br\/arthrolab\/infraestrutura-2\/sala-de-pesquisa\/","title":{"rendered":"Sala de Pesquisa"},"content":{"rendered":"<p>O ARTHROLAB possui uma sala com bancadas, microsc\u00f3pios bacteriol\u00f3gicos, lupas entomol\u00f3gicas, refrigerador\u00a0e freezer -20 C\u00a0destinados as atividades\u00a0 de pesquisas cient\u00edficas.<\/p>\n<p><a href=\"http:\/\/www2.unifap.br\/arthrolab\/files\/2015\/03\/20150331_162737.jpg\"><img fetchpriority=\"high\" decoding=\"async\" class=\"wp-image-278 alignnone\" alt=\"20150331_162737\" src=\"http:\/\/www2.unifap.br\/arthrolab\/files\/2015\/03\/20150331_162737-1024x768.jpg\" width=\"286\" height=\"213\" \/><\/a><\/p>\n","protected":false},"excerpt":{"rendered":"<p>O ARTHROLAB possui uma sala com bancadas, microsc\u00f3pios bacteriol\u00f3gicos, lupas entomol\u00f3gicas, refrigerador\u00a0e freezer -20 C\u00a0destinados as atividades\u00a0 de pesquisas cient\u00edficas.<\/p>\n","protected":false},"author":84,"featured_media":0,"parent":59,"menu_order":0,"comment_status":"open","ping_status":"open","template":"","meta":{"inline_featured_image":false,"ngg_post_thumbnail":0,"footnotes":""},"class_list":["post-88","page","type-page","status-publish","hentry"],"_links":{"self":[{"href":"http:\/\/www2.unifap.br\/arthrolab\/wp-json\/wp\/v2\/pages\/88","targetHints":{"allow":["GET"]}}],"collection":[{"href":"http:\/\/www2.unifap.br\/arthrolab\/wp-json\/wp\/v2\/pages"}],"about":[{"href":"http:\/\/www2.unifap.br\/arthrolab\/wp-json\/wp\/v2\/types\/page"}],"author":[{"embeddable":true,"href":"http:\/\/www2.unifap.br\/arthrolab\/wp-json\/wp\/v2\/users\/84"}],"replies":[{"embeddable":true,"href":"http:\/\/www2.unifap.br\/arthrolab\/wp-json\/wp\/v2\/comments?post=88"}],"version-history":[{"count":5,"href":"http:\/\/www2.unifap.br\/arthrolab\/wp-json\/wp\/v2\/pages\/88\/revisions"}],"predecessor-version":[{"id":585,"href":"http:\/\/www2.unifap.br\/arthrolab\/wp-json\/wp\/v2\/pages\/88\/revisions\/585"}],"up":[{"embeddable":true,"href":"http:\/\/www2.unifap.br\/arthrolab\/wp-json\/wp\/v2\/pages\/59"}],"wp:attachment":[{"href":"http:\/\/www2.unifap.br\/arthrolab\/wp-json\/wp\/v2\/media?parent=88"}],"curies":[{"name":"wp","href":"https:\/\/api.w.org\/{rel}","templated":true}]}}