{"id":91,"date":"2015-03-09T12:31:08","date_gmt":"2015-03-09T12:31:08","guid":{"rendered":"http:\/\/www2.unifap.br\/arthrolab\/?page_id=91"},"modified":"2015-04-09T20:54:33","modified_gmt":"2015-04-09T20:54:33","slug":"sala-de-aula-pratica","status":"publish","type":"page","link":"http:\/\/www2.unifap.br\/arthrolab\/infraestrutura-2\/sala-de-aula-pratica\/","title":{"rendered":"Sala de aula pr\u00e1tica"},"content":{"rendered":"<p>O Laborat\u00f3rio possui uma sala\u00a0com bancadas,\u00a0lupas binoculares, microsc\u00f3pios bacteriol\u00f3gicos e data show, utilizados nas aulas praticas das disciplinas Zoologia II e Parasitologia Geral para a gradua\u00e7\u00e3o e de T\u00f3picos especiais em Biodiversidade do Programa de mestrado e doutorado em Biodiversidade Tropical &#8211; PPGBIO.<\/p>\n<p><a href=\"http:\/\/www2.unifap.br\/arthrolab\/files\/2015\/03\/20141205_122116.jpg\"><img decoding=\"async\" class=\"wp-image-77 alignnone\" alt=\"20141205_122116\" src=\"http:\/\/www2.unifap.br\/arthrolab\/files\/2015\/03\/20141205_122116-1024x604.jpg\" width=\"185\" height=\"185\" \/><\/a><a href=\"http:\/\/www2.unifap.br\/arthrolab\/files\/2015\/03\/DSC02302.jpg\"><img decoding=\"async\" class=\" wp-image-568 alignnone\" alt=\"DSC02302\" src=\"http:\/\/www2.unifap.br\/arthrolab\/files\/2015\/03\/DSC02302-1024x768.jpg\" width=\"185\" height=\"185\" \/><\/a> <a href=\"http:\/\/www2.unifap.br\/arthrolab\/files\/2015\/03\/DSC02303.jpg\"><img decoding=\"async\" class=\" wp-image-569 alignnone\" alt=\"DSC02303\" src=\"http:\/\/www2.unifap.br\/arthrolab\/files\/2015\/03\/DSC02303-1024x768.jpg\" width=\"185\" height=\"185\" \/><\/a><\/p>\n<p><a href=\"http:\/\/www2.unifap.br\/arthrolab\/files\/2015\/03\/20141203_104052.jpg\"><img loading=\"lazy\" decoding=\"async\" class=\"wp-image-78 alignnone\" style=\"width: 355px;height: 221px\" alt=\"20141203_104052\" src=\"http:\/\/www2.unifap.br\/arthrolab\/files\/2015\/03\/20141203_104052-1024x608.jpg\" width=\"185\" height=\"185\" \/><\/a><\/p>\n<p>&nbsp;<\/p>\n<p>&nbsp;<\/p>\n<p>&nbsp;<\/p>\n<p>&nbsp;<\/p>\n","protected":false},"excerpt":{"rendered":"<p>O Laborat\u00f3rio possui uma sala\u00a0com bancadas,\u00a0lupas binoculares, microsc\u00f3pios bacteriol\u00f3gicos e data show, utilizados nas aulas praticas das disciplinas Zoologia II e Parasitologia Geral para a gradua\u00e7\u00e3o e de T\u00f3picos especiais em Biodiversidade do Programa de mestrado e doutorado em Biodiversidade&hellip; <\/p>\n<p><a href=\"http:\/\/www2.unifap.br\/arthrolab\/infraestrutura-2\/sala-de-aula-pratica\/\" class=\"readmore-button\">Continue Reading<\/a><\/p>\n","protected":false},"author":84,"featured_media":0,"parent":59,"menu_order":0,"comment_status":"open","ping_status":"open","template":"","meta":{"inline_featured_image":false,"ngg_post_thumbnail":0,"footnotes":""},"class_list":["post-91","page","type-page","status-publish","hentry"],"_links":{"self":[{"href":"http:\/\/www2.unifap.br\/arthrolab\/wp-json\/wp\/v2\/pages\/91","targetHints":{"allow":["GET"]}}],"collection":[{"href":"http:\/\/www2.unifap.br\/arthrolab\/wp-json\/wp\/v2\/pages"}],"about":[{"href":"http:\/\/www2.unifap.br\/arthrolab\/wp-json\/wp\/v2\/types\/page"}],"author":[{"embeddable":true,"href":"http:\/\/www2.unifap.br\/arthrolab\/wp-json\/wp\/v2\/users\/84"}],"replies":[{"embeddable":true,"href":"http:\/\/www2.unifap.br\/arthrolab\/wp-json\/wp\/v2\/comments?post=91"}],"version-history":[{"count":14,"href":"http:\/\/www2.unifap.br\/arthrolab\/wp-json\/wp\/v2\/pages\/91\/revisions"}],"predecessor-version":[{"id":571,"href":"http:\/\/www2.unifap.br\/arthrolab\/wp-json\/wp\/v2\/pages\/91\/revisions\/571"}],"up":[{"embeddable":true,"href":"http:\/\/www2.unifap.br\/arthrolab\/wp-json\/wp\/v2\/pages\/59"}],"wp:attachment":[{"href":"http:\/\/www2.unifap.br\/arthrolab\/wp-json\/wp\/v2\/media?parent=91"}],"curies":[{"name":"wp","href":"https:\/\/api.w.org\/{rel}","templated":true}]}}