{"id":93,"date":"2015-03-09T12:31:44","date_gmt":"2015-03-09T12:31:44","guid":{"rendered":"http:\/\/www2.unifap.br\/arthrolab\/?page_id=93"},"modified":"2015-04-06T23:52:37","modified_gmt":"2015-04-06T23:52:37","slug":"sala-criacao-de-insetos","status":"publish","type":"page","link":"http:\/\/www2.unifap.br\/arthrolab\/infraestrutura-2\/sala-criacao-de-insetos\/","title":{"rendered":"Sala cria\u00e7\u00e3o de insetos"},"content":{"rendered":"<p>O inset\u00e1rio do Laborat\u00f3rio de Arthropoda mantem col\u00f4nias das esp\u00e9cies <em>Aedes aegypti<\/em> cepa Rockfeller e cepa Macap\u00e1 e <em>Culex quinquefasciatus<\/em>, que s\u00e3o utilizadas para fins de estudos biol\u00f3gicos e da atividade inseticida e repelente de substancias de origem vegetal.<\/p>\n<p><a href=\"http:\/\/www2.unifap.br\/arthrolab\/files\/2015\/03\/DSC03240.jpg\"><img decoding=\"async\" class=\"wp-image-363 alignnone\" alt=\"DSC03240\" src=\"http:\/\/www2.unifap.br\/arthrolab\/files\/2015\/03\/DSC03240-768x1024.jpg\" width=\"185\" height=\"185\" \/><\/a> <a href=\"http:\/\/www2.unifap.br\/arthrolab\/files\/2015\/03\/DSC03239.jpg\"><img decoding=\"async\" class=\"wp-image-362 alignnone\" alt=\"DSC03239\" src=\"http:\/\/www2.unifap.br\/arthrolab\/files\/2015\/03\/DSC03239-1024x768.jpg\" width=\"185\" height=\"185\" \/><\/a> <a href=\"http:\/\/www2.unifap.br\/arthrolab\/files\/2015\/03\/DSC03238.jpg\"><img decoding=\"async\" class=\"wp-image-361 alignnone\" alt=\"DSC03238\" src=\"http:\/\/www2.unifap.br\/arthrolab\/files\/2015\/03\/DSC03238-1024x768.jpg\" width=\"185\" height=\"185\" \/><\/a><\/p>\n<p>&nbsp;<\/p>\n<p><a href=\"http:\/\/www2.unifap.br\/arthrolab\/files\/2015\/03\/Karen-2.jpg\"><img loading=\"lazy\" decoding=\"async\" class=\" wp-image-442 alignnone\" alt=\"Karen 2\" src=\"http:\/\/www2.unifap.br\/arthrolab\/files\/2015\/03\/Karen-2-786x1024.jpg\" width=\"185\" height=\"185\" \/><\/a> <a href=\"http:\/\/www2.unifap.br\/arthrolab\/files\/2015\/03\/Leda-3.jpg\"><img loading=\"lazy\" decoding=\"async\" class=\" wp-image-445 alignnone\" alt=\"Leda 3\" src=\"http:\/\/www2.unifap.br\/arthrolab\/files\/2015\/03\/Leda-3-840x1024.jpg\" width=\"185\" height=\"185\" \/><\/a> <a href=\"http:\/\/www2.unifap.br\/arthrolab\/files\/2015\/03\/Nonato-2.jpg\"><img loading=\"lazy\" decoding=\"async\" class=\" wp-image-447 alignnone\" alt=\"Nonato 2\" src=\"http:\/\/www2.unifap.br\/arthrolab\/files\/2015\/03\/Nonato-2-1024x680.jpg\" width=\"185\" height=\"185\" \/><\/a>\n\t\t<style type=\"text\/css\">\n\t\t\t#gallery-1 {\n\t\t\t\tmargin: auto;\n\t\t\t}\n\t\t\t#gallery-1 .gallery-item {\n\t\t\t\tfloat: left;\n\t\t\t\tmargin-top: 10px;\n\t\t\t\ttext-align: center;\n\t\t\t\twidth: 25%;\n\t\t\t}\n\t\t\t#gallery-1 img {\n\t\t\t\tborder: 2px solid #cfcfcf;\n\t\t\t}\n\t\t\t#gallery-1 .gallery-caption {\n\t\t\t\tmargin-left: 0;\n\t\t\t}\n\t\t\t\/* see gallery_shortcode() in wp-includes\/media.php *\/\n\t\t<\/style>\n\t\t<div id='gallery-1' class='gallery galleryid-93 gallery-columns-4 gallery-size-thumbnail'><dl class='gallery-item'>\n\t\t\t<dt class='gallery-icon landscape'>\n\t\t\t\t<a href='http:\/\/www2.unifap.br\/arthrolab\/files\/2015\/03\/scinsetos-1.jpg'><img loading=\"lazy\" decoding=\"async\" width=\"150\" height=\"150\" src=\"http:\/\/www2.unifap.br\/arthrolab\/files\/2015\/03\/scinsetos-1-150x150.jpg\" class=\"attachment-thumbnail size-thumbnail\" alt=\"\" aria-describedby=\"gallery-1-98\" \/><\/a>\n\t\t\t<\/dt>\n\t\t\t\t<dd class='wp-caption-text gallery-caption' id='gallery-1-98'>\n\t\t\t\tBacia com larvas de mosquitos\n\t\t\t\t<\/dd><\/dl><dl class='gallery-item'>\n\t\t\t<dt class='gallery-icon portrait'>\n\t\t\t\t<a href='http:\/\/www2.unifap.br\/arthrolab\/files\/2015\/03\/scinsetos-2.jpg'><img loading=\"lazy\" decoding=\"async\" width=\"150\" height=\"150\" src=\"http:\/\/www2.unifap.br\/arthrolab\/files\/2015\/03\/scinsetos-2-150x150.jpg\" class=\"attachment-thumbnail size-thumbnail\" alt=\"\" aria-describedby=\"gallery-1-99\" \/><\/a>\n\t\t\t<\/dt>\n\t\t\t\t<dd class='wp-caption-text gallery-caption' id='gallery-1-99'>\n\t\t\t\tBOD e gaiolas para acondicionamentos de insetos adultosia\u00e7\u00e3o de insetos &#8211; Arthrola\n\t\t\t\t<\/dd><\/dl><dl class='gallery-item'>\n\t\t\t<dt class='gallery-icon landscape'>\n\t\t\t\t<a href='http:\/\/www2.unifap.br\/arthrolab\/files\/2015\/03\/scinsetos-3.jpg'><img loading=\"lazy\" decoding=\"async\" width=\"150\" height=\"150\" src=\"http:\/\/www2.unifap.br\/arthrolab\/files\/2015\/03\/scinsetos-3-150x150.jpg\" class=\"attachment-thumbnail size-thumbnail\" alt=\"\" aria-describedby=\"gallery-1-100\" \/><\/a>\n\t\t\t<\/dt>\n\t\t\t\t<dd class='wp-caption-text gallery-caption' id='gallery-1-100'>\n\t\t\t\tGaiolas para acondicionamento de mosquitos adultos\n\t\t\t\t<\/dd><\/dl><dl class='gallery-item'>\n\t\t\t<dt class='gallery-icon landscape'>\n\t\t\t\t<a href='http:\/\/www2.unifap.br\/arthrolab\/files\/2015\/03\/scinsetos-4.jpg'><img loading=\"lazy\" decoding=\"async\" width=\"150\" height=\"150\" src=\"http:\/\/www2.unifap.br\/arthrolab\/files\/2015\/03\/scinsetos-4-150x150.jpg\" class=\"attachment-thumbnail size-thumbnail\" alt=\"\" aria-describedby=\"gallery-1-101\" \/><\/a>\n\t\t\t<\/dt>\n\t\t\t\t<dd class='wp-caption-text gallery-caption' id='gallery-1-101'>\n\t\t\t\tInset\u00e1rio\n\t\t\t\t<\/dd><\/dl><br style=\"clear: both\" \/>\n\t\t<\/div>\n<\/p>\n","protected":false},"excerpt":{"rendered":"<p>O inset\u00e1rio do Laborat\u00f3rio de Arthropoda mantem col\u00f4nias das esp\u00e9cies Aedes aegypti cepa Rockfeller e cepa Macap\u00e1 e Culex quinquefasciatus, que s\u00e3o utilizadas para fins de estudos biol\u00f3gicos e da atividade inseticida e repelente de substancias de origem vegetal. &nbsp;<\/p>\n","protected":false},"author":84,"featured_media":0,"parent":59,"menu_order":0,"comment_status":"open","ping_status":"open","template":"","meta":{"inline_featured_image":false,"ngg_post_thumbnail":0,"footnotes":""},"class_list":["post-93","page","type-page","status-publish","hentry"],"_links":{"self":[{"href":"http:\/\/www2.unifap.br\/arthrolab\/wp-json\/wp\/v2\/pages\/93","targetHints":{"allow":["GET"]}}],"collection":[{"href":"http:\/\/www2.unifap.br\/arthrolab\/wp-json\/wp\/v2\/pages"}],"about":[{"href":"http:\/\/www2.unifap.br\/arthrolab\/wp-json\/wp\/v2\/types\/page"}],"author":[{"embeddable":true,"href":"http:\/\/www2.unifap.br\/arthrolab\/wp-json\/wp\/v2\/users\/84"}],"replies":[{"embeddable":true,"href":"http:\/\/www2.unifap.br\/arthrolab\/wp-json\/wp\/v2\/comments?post=93"}],"version-history":[{"count":11,"href":"http:\/\/www2.unifap.br\/arthrolab\/wp-json\/wp\/v2\/pages\/93\/revisions"}],"predecessor-version":[{"id":441,"href":"http:\/\/www2.unifap.br\/arthrolab\/wp-json\/wp\/v2\/pages\/93\/revisions\/441"}],"up":[{"embeddable":true,"href":"http:\/\/www2.unifap.br\/arthrolab\/wp-json\/wp\/v2\/pages\/59"}],"wp:attachment":[{"href":"http:\/\/www2.unifap.br\/arthrolab\/wp-json\/wp\/v2\/media?parent=93"}],"curies":[{"name":"wp","href":"https:\/\/api.w.org\/{rel}","templated":true}]}}