{"id":95,"date":"2015-03-09T12:32:25","date_gmt":"2015-03-09T12:32:25","guid":{"rendered":"http:\/\/www2.unifap.br\/arthrolab\/?page_id=95"},"modified":"2015-04-19T22:04:09","modified_gmt":"2015-04-19T22:04:09","slug":"colecoes-biologicas","status":"publish","type":"page","link":"http:\/\/www2.unifap.br\/arthrolab\/infraestrutura-2\/colecoes-biologicas\/","title":{"rendered":"Cole\u00e7\u00f5es Biol\u00f3gicas"},"content":{"rendered":"<p style=\"text-align: left\"><b>COLE\u00c7\u00c3O DID\u00c1TICA<\/b><\/p>\n<p>As cole\u00e7\u00f5es did\u00e1ticas promovem apoio as aulas pr\u00e1ticas das disciplinas dos cursos de gradua\u00e7\u00e3o e de p\u00f3s-gradu\u00e7\u00e3o e como material did\u00e1tico auxiliar para os est\u00e1gios supervisionados do Curso de Licenciatura em Ci\u00eancias Biol\u00f3gicas. Estas cole\u00e7\u00f5es s\u00e3o tamb\u00e9m disponibilizadas para professores das escolas de ensino fundamental e ensino m\u00e9dio, promovendo um permanente interc\u00e2mbio da universidade com professores e escolas da rede p\u00fablica de ensino e particulares.<\/p>\n<p><a href=\"http:\/\/www2.unifap.br\/arthrolab\/files\/2015\/03\/colecao-9.jpg\"><img decoding=\"async\" class=\" wp-image-132 alignnone\" alt=\"colecao (9)\" src=\"http:\/\/www2.unifap.br\/arthrolab\/files\/2015\/03\/colecao-9-1024x768.jpg\" width=\"185\" height=\"185\" \/><\/a> <a href=\"http:\/\/www2.unifap.br\/arthrolab\/files\/2015\/03\/DSC03941.jpg\"><img decoding=\"async\" class=\" wp-image-174 alignnone\" alt=\"DSC03941\" src=\"http:\/\/www2.unifap.br\/arthrolab\/files\/2015\/03\/DSC03941-1024x768.jpg\" width=\"185\" height=\"185\" \/><\/a> <a href=\"http:\/\/www2.unifap.br\/arthrolab\/files\/2015\/03\/colecao-6.jpg\"><img decoding=\"async\" class=\" wp-image-129 alignnone\" alt=\"colecao (6)\" src=\"http:\/\/www2.unifap.br\/arthrolab\/files\/2015\/03\/colecao-6-1024x768.jpg\" width=\"190\" height=\"185\" \/><\/a> <a href=\"http:\/\/www2.unifap.br\/arthrolab\/files\/2015\/03\/colecao-4.jpg\"><img loading=\"lazy\" decoding=\"async\" class=\" wp-image-127 alignnone\" alt=\"colecao (4)\" src=\"http:\/\/www2.unifap.br\/arthrolab\/files\/2015\/03\/colecao-4-1024x680.jpg\" width=\"185\" height=\"185\" \/><\/a> <a href=\"http:\/\/www2.unifap.br\/arthrolab\/files\/2015\/03\/colecao-3.jpg\"><img loading=\"lazy\" decoding=\"async\" class=\" wp-image-126 alignnone\" alt=\"colecao (3)\" src=\"http:\/\/www2.unifap.br\/arthrolab\/files\/2015\/03\/colecao-3-1024x680.jpg\" width=\"185\" height=\"185\" \/><\/a><a href=\"http:\/\/www2.unifap.br\/arthrolab\/files\/2015\/03\/20150410_112115.jpg\"><img loading=\"lazy\" decoding=\"async\" class=\" wp-image-581 alignnone\" alt=\"20150410_112115\" src=\"http:\/\/www2.unifap.br\/arthrolab\/files\/2015\/03\/20150410_112115-1024x768.jpg\" width=\"185\" height=\"185\" \/><\/a> <a href=\"http:\/\/www2.unifap.br\/arthrolab\/files\/2015\/03\/20150410_112132.jpg\"><img loading=\"lazy\" decoding=\"async\" class=\" wp-image-582 alignnone\" alt=\"20150410_112132\" src=\"http:\/\/www2.unifap.br\/arthrolab\/files\/2015\/03\/20150410_112132-1024x768.jpg\" width=\"185\" height=\"185\" \/><\/a> <a href=\"http:\/\/www2.unifap.br\/arthrolab\/files\/2015\/03\/20150410_112144.jpg\"><img loading=\"lazy\" decoding=\"async\" class=\" wp-image-583 alignnone\" alt=\"20150410_112144\" src=\"http:\/\/www2.unifap.br\/arthrolab\/files\/2015\/03\/20150410_112144-1024x768.jpg\" width=\"185\" height=\"185\" \/><\/a><\/p>\n<h3>COLE\u00c7\u00c3O CIENT\u00cdFICA<\/h3>\n<p><a href=\"http:\/\/www2.unifap.br\/arthrolab\/files\/2015\/03\/colecao-8.jpg\"><img loading=\"lazy\" decoding=\"async\" class=\" wp-image-131 alignnone\" alt=\"colecao (8)\" src=\"http:\/\/www2.unifap.br\/arthrolab\/files\/2015\/03\/colecao-8-768x1024.jpg\" width=\"185\" height=\"185\" \/><\/a> <a href=\"http:\/\/www2.unifap.br\/arthrolab\/files\/2015\/03\/colecao-7.jpg\"><img loading=\"lazy\" decoding=\"async\" class=\" wp-image-130 alignnone\" alt=\"colecao (7)\" src=\"http:\/\/www2.unifap.br\/arthrolab\/files\/2015\/03\/colecao-7-768x1024.jpg\" width=\"185\" height=\"185\" \/><\/a><\/p>\n","protected":false},"excerpt":{"rendered":"<p>COLE\u00c7\u00c3O DID\u00c1TICA As cole\u00e7\u00f5es did\u00e1ticas promovem apoio as aulas pr\u00e1ticas das disciplinas dos cursos de gradua\u00e7\u00e3o e de p\u00f3s-gradu\u00e7\u00e3o e como material did\u00e1tico auxiliar para os est\u00e1gios supervisionados do Curso de Licenciatura em Ci\u00eancias Biol\u00f3gicas. Estas cole\u00e7\u00f5es s\u00e3o tamb\u00e9m disponibilizadas&hellip; <\/p>\n<p><a href=\"http:\/\/www2.unifap.br\/arthrolab\/infraestrutura-2\/colecoes-biologicas\/\" class=\"readmore-button\">Continue Reading<\/a><\/p>\n","protected":false},"author":84,"featured_media":0,"parent":59,"menu_order":0,"comment_status":"open","ping_status":"open","template":"","meta":{"inline_featured_image":false,"ngg_post_thumbnail":0,"footnotes":""},"class_list":["post-95","page","type-page","status-publish","hentry"],"_links":{"self":[{"href":"http:\/\/www2.unifap.br\/arthrolab\/wp-json\/wp\/v2\/pages\/95","targetHints":{"allow":["GET"]}}],"collection":[{"href":"http:\/\/www2.unifap.br\/arthrolab\/wp-json\/wp\/v2\/pages"}],"about":[{"href":"http:\/\/www2.unifap.br\/arthrolab\/wp-json\/wp\/v2\/types\/page"}],"author":[{"embeddable":true,"href":"http:\/\/www2.unifap.br\/arthrolab\/wp-json\/wp\/v2\/users\/84"}],"replies":[{"embeddable":true,"href":"http:\/\/www2.unifap.br\/arthrolab\/wp-json\/wp\/v2\/comments?post=95"}],"version-history":[{"count":13,"href":"http:\/\/www2.unifap.br\/arthrolab\/wp-json\/wp\/v2\/pages\/95\/revisions"}],"predecessor-version":[{"id":621,"href":"http:\/\/www2.unifap.br\/arthrolab\/wp-json\/wp\/v2\/pages\/95\/revisions\/621"}],"up":[{"embeddable":true,"href":"http:\/\/www2.unifap.br\/arthrolab\/wp-json\/wp\/v2\/pages\/59"}],"wp:attachment":[{"href":"http:\/\/www2.unifap.br\/arthrolab\/wp-json\/wp\/v2\/media?parent=95"}],"curies":[{"name":"wp","href":"https:\/\/api.w.org\/{rel}","templated":true}]}}