{"id":184,"date":"2019-07-19T23:11:38","date_gmt":"2019-07-19T23:11:38","guid":{"rendered":"http:\/\/www2.unifap.br\/atau\/?page_id=184"},"modified":"2019-10-03T16:53:10","modified_gmt":"2019-10-03T16:53:10","slug":"etapa-3-eixo-areas-publicas","status":"publish","type":"page","link":"http:\/\/www2.unifap.br\/atau\/sobre-2\/fase-mestre-oscar\/etapa-3-eixo-areas-publicas\/","title":{"rendered":"Etapa 3 &#8211; Eixo \u00e1reas p\u00fablicas"},"content":{"rendered":"<p>A Etapa 3 correspondeu ao eixo das \u00e1reas p\u00fablicas, quando foram discutidas e acordadas coletivamente suas diretrizes de uso e necessidades com os participantes do I Semin\u00e1rio e Oficina sobre Assist\u00eancia T\u00e9cnica no Amap\u00e1<a href=\"#_ftn1\" name=\"_ftnref1\"><sup>[1]<\/sup><\/a> ocorrido nos dias 19 e 20 de agosto de 2017 e cujos encaminhamentos foram retomados no in\u00edcio de 2018.<\/p>\n<p>Foram discutidas e acordadas diretrizes para tr\u00eas \u00e1reas p\u00fablicas do CHMOS. A primeira correspondeu \u00e0 \u00e1rea onde se encontra atualmente a estrutura do Centro Comunit\u00e1rio em condi\u00e7\u00f5es inadequadas para uso devido aos saques de energia e depreda\u00e7\u00e3o das instala\u00e7\u00f5es. As diretrizes acordadas foram reformar o espa\u00e7o de modo a implantar um centro com atendimento social e psicol\u00f3gico, al\u00e9m de realiza\u00e7\u00e3o de cursos, bem como a instala\u00e7\u00e3o de um viveiro de mudas e horta comunit\u00e1ria. A segunda \u00e1rea correspondeu \u00e0 maior de todas e onde se encontra o campo de futebol. Para esta que \u00e9 a principal \u00e1rea coletiva do Conjunto, as diretrizes foram a qualifica\u00e7\u00e3o do espa\u00e7o de modo a permitir a realiza\u00e7\u00e3o de campeonatos al\u00e9m dos treinos das escolinhas de futebol j\u00e1 existentes, com quadra poliesportiva, \u00e1reas de brincadeira e para barracas de alimenta\u00e7\u00e3o. A terceira \u00e1rea corresponde a uma \u00e1rea institucional, atualmente vazia e desocupada onde foi colocada a necessidade de constru\u00e7\u00e3o de um Centro Comercial que associasse feira de verduras e legumes com pequenos com\u00e9rcios e servi\u00e7os locais. Tendo em vista a escassez de equipe e recursos, focalizou-se no projeto do Centro Comercial.<\/p>\n<p><a href=\"http:\/\/www2.unifap.br\/atau\/files\/2019\/07\/centrocomercial_marco2019-1.jpg\"><img decoding=\"async\" class=\"alignnone size-medium wp-image-186\" src=\"http:\/\/www2.unifap.br\/atau\/files\/2019\/07\/centrocomercial_marco2019-1-300x135.jpg\" alt=\"\" width=\"300\" height=\"135\" srcset=\"http:\/\/www2.unifap.br\/atau\/files\/2019\/07\/centrocomercial_marco2019-1-300x135.jpg 300w, http:\/\/www2.unifap.br\/atau\/files\/2019\/07\/centrocomercial_marco2019-1-768x346.jpg 768w, http:\/\/www2.unifap.br\/atau\/files\/2019\/07\/centrocomercial_marco2019-1-1024x461.jpg 1024w, http:\/\/www2.unifap.br\/atau\/files\/2019\/07\/centrocomercial_marco2019-1.jpg 1616w\" sizes=\"(max-width: 300px) 100vw, 300px\" \/><\/a> <a href=\"http:\/\/www2.unifap.br\/atau\/files\/2019\/07\/centrocomercial_marco2019-2.jpg\"><img decoding=\"async\" class=\"alignnone size-medium wp-image-187\" src=\"http:\/\/www2.unifap.br\/atau\/files\/2019\/07\/centrocomercial_marco2019-2-300x135.jpg\" alt=\"\" width=\"300\" height=\"135\" srcset=\"http:\/\/www2.unifap.br\/atau\/files\/2019\/07\/centrocomercial_marco2019-2-300x135.jpg 300w, http:\/\/www2.unifap.br\/atau\/files\/2019\/07\/centrocomercial_marco2019-2-768x346.jpg 768w, http:\/\/www2.unifap.br\/atau\/files\/2019\/07\/centrocomercial_marco2019-2-1024x461.jpg 1024w, http:\/\/www2.unifap.br\/atau\/files\/2019\/07\/centrocomercial_marco2019-2.jpg 1616w\" sizes=\"(max-width: 300px) 100vw, 300px\" \/><\/a> <a href=\"http:\/\/www2.unifap.br\/atau\/files\/2019\/07\/centrocomercial_marco2019-3.jpg\"><img decoding=\"async\" class=\"alignnone size-medium wp-image-188\" src=\"http:\/\/www2.unifap.br\/atau\/files\/2019\/07\/centrocomercial_marco2019-3-300x135.jpg\" alt=\"\" width=\"300\" height=\"135\" srcset=\"http:\/\/www2.unifap.br\/atau\/files\/2019\/07\/centrocomercial_marco2019-3-300x135.jpg 300w, http:\/\/www2.unifap.br\/atau\/files\/2019\/07\/centrocomercial_marco2019-3-768x346.jpg 768w, http:\/\/www2.unifap.br\/atau\/files\/2019\/07\/centrocomercial_marco2019-3-1024x461.jpg 1024w, http:\/\/www2.unifap.br\/atau\/files\/2019\/07\/centrocomercial_marco2019-3.jpg 1616w\" sizes=\"(max-width: 300px) 100vw, 300px\" \/><\/a><\/p>\n<p>&nbsp;<\/p>\n<p><a href=\"#_ftnref1\" name=\"_ftn1\">[1]<\/a> O I Semin\u00e1rio e Oficina sobre Assist\u00eancia T\u00e9cnica em HIS no Amap\u00e1 foi organizado pela equipe do ATAU-UNIFAP e patrocinado pelo Conselho de Arquitetura e Urbanismo do Amap\u00e1 (CAU-AP) contou com participa\u00e7\u00e3o do arquiteto da Assessoria T\u00e9cnica a movimentos sociais USINA-CTAH de S\u00e3o Paulo e professor da FAUUSP, Jos\u00e9 Eduardo Baravelli.<\/p>\n","protected":false},"excerpt":{"rendered":"<p>A Etapa 3 correspondeu ao eixo das \u00e1reas p\u00fablicas, quando foram discutidas e acordadas coletivamente suas diretrizes de uso e necessidades com os participantes do I Semin\u00e1rio e Oficina sobre Assist\u00eancia T\u00e9cnica no Amap\u00e1[1] ocorrido nos dias 19 e 20 de agosto de 2017 e cujos encaminhamentos foram retomados no in\u00edcio de 2018. Foram discutidas&#8230;<\/p>\n","protected":false},"author":1333,"featured_media":0,"parent":198,"menu_order":4,"comment_status":"closed","ping_status":"closed","template":"","meta":{"inline_featured_image":false,"ngg_post_thumbnail":0,"footnotes":""},"class_list":["post-184","page","type-page","status-publish","hentry","entry"],"_links":{"self":[{"href":"http:\/\/www2.unifap.br\/atau\/wp-json\/wp\/v2\/pages\/184","targetHints":{"allow":["GET"]}}],"collection":[{"href":"http:\/\/www2.unifap.br\/atau\/wp-json\/wp\/v2\/pages"}],"about":[{"href":"http:\/\/www2.unifap.br\/atau\/wp-json\/wp\/v2\/types\/page"}],"author":[{"embeddable":true,"href":"http:\/\/www2.unifap.br\/atau\/wp-json\/wp\/v2\/users\/1333"}],"replies":[{"embeddable":true,"href":"http:\/\/www2.unifap.br\/atau\/wp-json\/wp\/v2\/comments?post=184"}],"version-history":[{"count":2,"href":"http:\/\/www2.unifap.br\/atau\/wp-json\/wp\/v2\/pages\/184\/revisions"}],"predecessor-version":[{"id":191,"href":"http:\/\/www2.unifap.br\/atau\/wp-json\/wp\/v2\/pages\/184\/revisions\/191"}],"up":[{"embeddable":true,"href":"http:\/\/www2.unifap.br\/atau\/wp-json\/wp\/v2\/pages\/198"}],"wp:attachment":[{"href":"http:\/\/www2.unifap.br\/atau\/wp-json\/wp\/v2\/media?parent=184"}],"curies":[{"name":"wp","href":"https:\/\/api.w.org\/{rel}","templated":true}]}}