{"id":198,"date":"2019-10-03T16:50:40","date_gmt":"2019-10-03T16:50:40","guid":{"rendered":"http:\/\/www2.unifap.br\/atau\/?page_id=198"},"modified":"2020-07-15T15:00:01","modified_gmt":"2020-07-15T15:00:01","slug":"fase-mestre-oscar","status":"publish","type":"page","link":"http:\/\/www2.unifap.br\/atau\/sobre-2\/fase-mestre-oscar\/","title":{"rendered":"[2017-2018] Fase Mestre Oscar"},"content":{"rendered":"<p style=\"text-align: justify\">O Conjunto Habitacional Mestre Oscar Santos conta com 528 unidades habitacionais t\u00e9rreas e \u00e9 resultado do Programa Minha Casa Minha Vida entregue pelo Poder P\u00fablico Municipal em 2013.<\/p>\n<p style=\"text-align: justify\">Com base em visitas de campo e pesquisa realizada em Trabalhos de Conclus\u00e3o de Curso, constatou-se que muitas fam\u00edlias j\u00e1 est\u00e3o promovendo reformas e amplia\u00e7\u00f5es sem acompanhamento t\u00e9cnico adequado. Assim, a proposta da extens\u00e3o visou principalmente prestar assessoria t\u00e9cnica para a elabora\u00e7\u00e3o dos projetos de reforma ou amplia\u00e7\u00e3o das unidades (selecionadas a partir de question\u00e1rio a ser aplicado) com as devidas aprova\u00e7\u00f5es nos \u00f3rg\u00e3os competentes. Outra frente de trabalho que se colocou focalizou as \u00e1reas p\u00fablicas do referido Conjunto.<\/p>\n<p><a href=\"http:\/\/www2.unifap.br\/atau\/files\/2019\/10\/P1100172.jpg\"><img fetchpriority=\"high\" decoding=\"async\" class=\"alignnone size-medium wp-image-233\" src=\"http:\/\/www2.unifap.br\/atau\/files\/2019\/10\/P1100172-300x225.jpg\" alt=\"\" width=\"300\" height=\"225\" srcset=\"http:\/\/www2.unifap.br\/atau\/files\/2019\/10\/P1100172-300x225.jpg 300w, http:\/\/www2.unifap.br\/atau\/files\/2019\/10\/P1100172-768x576.jpg 768w, http:\/\/www2.unifap.br\/atau\/files\/2019\/10\/P1100172-1024x768.jpg 1024w\" sizes=\"(max-width: 300px) 100vw, 300px\" \/><\/a>&nbsp;<\/p>\n<p>Foto: Acervo ATAU<\/p>\n<p>&nbsp;<\/p>\n","protected":false},"excerpt":{"rendered":"<p>O Conjunto Habitacional Mestre Oscar Santos conta com 528 unidades habitacionais t\u00e9rreas e \u00e9 resultado do Programa Minha Casa Minha Vida entregue pelo Poder P\u00fablico Municipal em 2013. Com base em visitas de campo e pesquisa realizada em Trabalhos de Conclus\u00e3o de Curso, constatou-se que muitas fam\u00edlias j\u00e1 est\u00e3o promovendo reformas e amplia\u00e7\u00f5es sem acompanhamento&#8230;<\/p>\n","protected":false},"author":1333,"featured_media":0,"parent":92,"menu_order":0,"comment_status":"closed","ping_status":"closed","template":"","meta":{"inline_featured_image":false,"ngg_post_thumbnail":0,"footnotes":""},"class_list":["post-198","page","type-page","status-publish","hentry","entry"],"_links":{"self":[{"href":"http:\/\/www2.unifap.br\/atau\/wp-json\/wp\/v2\/pages\/198","targetHints":{"allow":["GET"]}}],"collection":[{"href":"http:\/\/www2.unifap.br\/atau\/wp-json\/wp\/v2\/pages"}],"about":[{"href":"http:\/\/www2.unifap.br\/atau\/wp-json\/wp\/v2\/types\/page"}],"author":[{"embeddable":true,"href":"http:\/\/www2.unifap.br\/atau\/wp-json\/wp\/v2\/users\/1333"}],"replies":[{"embeddable":true,"href":"http:\/\/www2.unifap.br\/atau\/wp-json\/wp\/v2\/comments?post=198"}],"version-history":[{"count":10,"href":"http:\/\/www2.unifap.br\/atau\/wp-json\/wp\/v2\/pages\/198\/revisions"}],"predecessor-version":[{"id":347,"href":"http:\/\/www2.unifap.br\/atau\/wp-json\/wp\/v2\/pages\/198\/revisions\/347"}],"up":[{"embeddable":true,"href":"http:\/\/www2.unifap.br\/atau\/wp-json\/wp\/v2\/pages\/92"}],"wp:attachment":[{"href":"http:\/\/www2.unifap.br\/atau\/wp-json\/wp\/v2\/media?parent=198"}],"curies":[{"name":"wp","href":"https:\/\/api.w.org\/{rel}","templated":true}]}}