{"id":199,"date":"2019-10-03T16:50:40","date_gmt":"2019-10-03T16:50:40","guid":{"rendered":"http:\/\/www2.unifap.br\/atau\/?page_id=199"},"modified":"2020-09-25T21:23:18","modified_gmt":"2020-09-25T21:23:18","slug":"fase-casp-congos","status":"publish","type":"page","link":"http:\/\/www2.unifap.br\/atau\/fase-casp-congos\/","title":{"rendered":"[2019] Fase CASP Cong\u00f3s"},"content":{"rendered":"<p><a href=\"http:\/\/www2.unifap.br\/atau\/files\/2020\/09\/linha-do-tempo2-1-scaled.jpg\"><img fetchpriority=\"high\" decoding=\"async\" class=\"alignnone wp-image-442 size-large\" src=\"http:\/\/www2.unifap.br\/atau\/files\/2020\/09\/linha-do-tempo2-1-1024x225.jpg\" alt=\"\" width=\"1024\" height=\"225\" srcset=\"http:\/\/www2.unifap.br\/atau\/files\/2020\/09\/linha-do-tempo2-1-1024x225.jpg 1024w, http:\/\/www2.unifap.br\/atau\/files\/2020\/09\/linha-do-tempo2-1-300x66.jpg 300w, http:\/\/www2.unifap.br\/atau\/files\/2020\/09\/linha-do-tempo2-1-768x169.jpg 768w, http:\/\/www2.unifap.br\/atau\/files\/2020\/09\/linha-do-tempo2-1-1536x338.jpg 1536w, http:\/\/www2.unifap.br\/atau\/files\/2020\/09\/linha-do-tempo2-1-2048x450.jpg 2048w\" sizes=\"(max-width: 1024px) 100vw, 1024px\" \/><\/a><\/p>\n<p>O ATAU Fase CASP estrutura-se em dois eixos principais:<br \/>\nO primeiro eixo, de car\u00e1ter amplo e aberto a todos interessados, diz respeito a rodas de conversa e reuni\u00f5es para discuss\u00e3o de textos que embasam a pr\u00e1tica extensionista, do direito \u00e0 moradia e \u00e0 realidade social vivenciada.<br \/>\nO segundo eixo diz respeito \u00e0 elabora\u00e7\u00e3o do projeto de reforma e melhoria e respectiva obra da sede do CASP em conjunto com discentes e membros do CASP e moradores do Cong\u00f3s.<\/p>\n<p><a href=\"http:\/\/www2.unifap.br\/atau\/files\/2019\/10\/20190809_171657.jpg\"><img decoding=\"async\" class=\"alignnone size-medium wp-image-231\" src=\"http:\/\/www2.unifap.br\/atau\/files\/2019\/10\/20190809_171657-300x225.jpg\" alt=\"\" width=\"300\" height=\"225\" srcset=\"http:\/\/www2.unifap.br\/atau\/files\/2019\/10\/20190809_171657-300x225.jpg 300w, http:\/\/www2.unifap.br\/atau\/files\/2019\/10\/20190809_171657-768x576.jpg 768w, http:\/\/www2.unifap.br\/atau\/files\/2019\/10\/20190809_171657-1024x768.jpg 1024w\" sizes=\"(max-width: 300px) 100vw, 300px\" \/><\/a><\/p>\n<p>Foto: Melissa Matsunaga, 2019.<\/p>\n","protected":false},"excerpt":{"rendered":"<p>O ATAU Fase CASP estrutura-se em dois eixos principais: O primeiro eixo, de car\u00e1ter amplo e aberto a todos interessados, diz respeito a rodas de conversa e reuni\u00f5es para discuss\u00e3o de textos que embasam a pr\u00e1tica extensionista, do direito \u00e0 moradia e \u00e0 realidade social vivenciada. O segundo eixo diz respeito \u00e0 elabora\u00e7\u00e3o do projeto&#8230;<\/p>\n","protected":false},"author":1333,"featured_media":0,"parent":0,"menu_order":0,"comment_status":"closed","ping_status":"closed","template":"","meta":{"inline_featured_image":false,"ngg_post_thumbnail":0,"footnotes":""},"class_list":["post-199","page","type-page","status-publish","hentry","entry"],"_links":{"self":[{"href":"http:\/\/www2.unifap.br\/atau\/wp-json\/wp\/v2\/pages\/199","targetHints":{"allow":["GET"]}}],"collection":[{"href":"http:\/\/www2.unifap.br\/atau\/wp-json\/wp\/v2\/pages"}],"about":[{"href":"http:\/\/www2.unifap.br\/atau\/wp-json\/wp\/v2\/types\/page"}],"author":[{"embeddable":true,"href":"http:\/\/www2.unifap.br\/atau\/wp-json\/wp\/v2\/users\/1333"}],"replies":[{"embeddable":true,"href":"http:\/\/www2.unifap.br\/atau\/wp-json\/wp\/v2\/comments?post=199"}],"version-history":[{"count":9,"href":"http:\/\/www2.unifap.br\/atau\/wp-json\/wp\/v2\/pages\/199\/revisions"}],"predecessor-version":[{"id":443,"href":"http:\/\/www2.unifap.br\/atau\/wp-json\/wp\/v2\/pages\/199\/revisions\/443"}],"wp:attachment":[{"href":"http:\/\/www2.unifap.br\/atau\/wp-json\/wp\/v2\/media?parent=199"}],"curies":[{"name":"wp","href":"https:\/\/api.w.org\/{rel}","templated":true}]}}