{"id":228,"date":"2019-10-03T17:26:55","date_gmt":"2019-10-03T17:26:55","guid":{"rendered":"http:\/\/www2.unifap.br\/atau\/?page_id=228"},"modified":"2019-10-03T17:46:10","modified_gmt":"2019-10-03T17:46:10","slug":"participantes","status":"publish","type":"page","link":"http:\/\/www2.unifap.br\/atau\/fase-casp-congos\/participantes\/","title":{"rendered":"Participantes"},"content":{"rendered":"<p><strong>EQUIPE UNIFAP:<\/strong><\/p>\n<p>Coordena\u00e7\u00e3o: Profa. Melissa Kikumi Matsunaga<\/p>\n<p>Daniely Lima Monteiro (turma 2017)<\/p>\n<p>Mirna Fa\u00e7anha Gomes (turma 2015)<\/p>\n<p>Paulo Victor Pinto Viana (turma 2017)<\/p>\n<p>Rebeca Meneses Pimentel Perez (turma 2017)<\/p>\n<p>&nbsp;<\/p>\n<p><strong>EQUIPE CASP:<\/strong><\/p>\n<p>Izam Cabrero<\/p>\n<p>Dona Carmem Duarte<\/p>\n","protected":false},"excerpt":{"rendered":"<p>EQUIPE UNIFAP: Coordena\u00e7\u00e3o: Profa. Melissa Kikumi Matsunaga Daniely Lima Monteiro (turma 2017) Mirna Fa\u00e7anha Gomes (turma 2015) Paulo Victor Pinto Viana (turma 2017) Rebeca Meneses Pimentel Perez (turma 2017) &nbsp; EQUIPE CASP: Izam Cabrero Dona Carmem Duarte<\/p>\n","protected":false},"author":1333,"featured_media":0,"parent":199,"menu_order":0,"comment_status":"closed","ping_status":"closed","template":"","meta":{"inline_featured_image":false,"ngg_post_thumbnail":0,"footnotes":""},"class_list":["post-228","page","type-page","status-publish","hentry","entry"],"_links":{"self":[{"href":"http:\/\/www2.unifap.br\/atau\/wp-json\/wp\/v2\/pages\/228","targetHints":{"allow":["GET"]}}],"collection":[{"href":"http:\/\/www2.unifap.br\/atau\/wp-json\/wp\/v2\/pages"}],"about":[{"href":"http:\/\/www2.unifap.br\/atau\/wp-json\/wp\/v2\/types\/page"}],"author":[{"embeddable":true,"href":"http:\/\/www2.unifap.br\/atau\/wp-json\/wp\/v2\/users\/1333"}],"replies":[{"embeddable":true,"href":"http:\/\/www2.unifap.br\/atau\/wp-json\/wp\/v2\/comments?post=228"}],"version-history":[{"count":2,"href":"http:\/\/www2.unifap.br\/atau\/wp-json\/wp\/v2\/pages\/228\/revisions"}],"predecessor-version":[{"id":249,"href":"http:\/\/www2.unifap.br\/atau\/wp-json\/wp\/v2\/pages\/228\/revisions\/249"}],"up":[{"embeddable":true,"href":"http:\/\/www2.unifap.br\/atau\/wp-json\/wp\/v2\/pages\/199"}],"wp:attachment":[{"href":"http:\/\/www2.unifap.br\/atau\/wp-json\/wp\/v2\/media?parent=228"}],"curies":[{"name":"wp","href":"https:\/\/api.w.org\/{rel}","templated":true}]}}