{"id":240,"date":"2019-10-03T17:40:45","date_gmt":"2019-10-03T17:40:45","guid":{"rendered":"http:\/\/www2.unifap.br\/atau\/?page_id=240"},"modified":"2019-10-03T17:45:21","modified_gmt":"2019-10-03T17:45:21","slug":"eixo-palavra","status":"publish","type":"page","link":"http:\/\/www2.unifap.br\/atau\/fase-casp-congos\/eixo-palavra\/","title":{"rendered":"Eixo Palavra"},"content":{"rendered":"<p>EIXO palavra, de car\u00e1ter amplo e aberto a todos interessados, diz respeito a rodas de conversa e reuni\u00f5es para discuss\u00e3o de textos que embasam a pr\u00e1tica extensionista, do direito \u00e0 moradia e \u00e0 realidade social vivenciada. Sugest\u00f5es de realiza\u00e7\u00e3o uma vez por m\u00eas:<\/p>\n<p>Discuss\u00e3o sobre texto \u201cExtens\u00e3o ou Comunica\u00e7\u00e3o?\u201d de Paulo Freire&nbsp;em&nbsp;setembro de 2019<\/p>\n<p><a href=\"http:\/\/www2.unifap.br\/atau\/files\/2019\/10\/reuniao-paulo-freire.jpg\"><img fetchpriority=\"high\" decoding=\"async\" class=\"alignnone size-medium wp-image-246\" src=\"http:\/\/www2.unifap.br\/atau\/files\/2019\/10\/reuniao-paulo-freire-300x300.jpg\" alt=\"\" width=\"300\" height=\"300\" srcset=\"http:\/\/www2.unifap.br\/atau\/files\/2019\/10\/reuniao-paulo-freire-300x300.jpg 300w, http:\/\/www2.unifap.br\/atau\/files\/2019\/10\/reuniao-paulo-freire-150x150.jpg 150w, http:\/\/www2.unifap.br\/atau\/files\/2019\/10\/reuniao-paulo-freire-768x768.jpg 768w, http:\/\/www2.unifap.br\/atau\/files\/2019\/10\/reuniao-paulo-freire-1024x1024.jpg 1024w, http:\/\/www2.unifap.br\/atau\/files\/2019\/10\/reuniao-paulo-freire-70x70.jpg 70w, http:\/\/www2.unifap.br\/atau\/files\/2019\/10\/reuniao-paulo-freire.jpg 1181w\" sizes=\"(max-width: 300px) 100vw, 300px\" \/><\/a><br \/>\n&#8212;<br \/>\nA pr\u00f3xima atividade est\u00e1 agendada para dia 8 de outubro:&nbsp;Roda de conversa \u201cMorar no Cong\u00f3s\u201d<\/p>\n<p><a href=\"http:\/\/www2.unifap.br\/atau\/files\/2019\/10\/roda-de-conversa-morar-no-cong\u00f3s_novadata.jpg\"><img decoding=\"async\" class=\"alignnone size-medium wp-image-247\" src=\"http:\/\/www2.unifap.br\/atau\/files\/2019\/10\/roda-de-conversa-morar-no-cong\u00f3s_novadata-300x300.jpg\" alt=\"\" width=\"300\" height=\"300\" srcset=\"http:\/\/www2.unifap.br\/atau\/files\/2019\/10\/roda-de-conversa-morar-no-cong\u00f3s_novadata-300x300.jpg 300w, http:\/\/www2.unifap.br\/atau\/files\/2019\/10\/roda-de-conversa-morar-no-cong\u00f3s_novadata-150x150.jpg 150w, http:\/\/www2.unifap.br\/atau\/files\/2019\/10\/roda-de-conversa-morar-no-cong\u00f3s_novadata-768x768.jpg 768w, http:\/\/www2.unifap.br\/atau\/files\/2019\/10\/roda-de-conversa-morar-no-cong\u00f3s_novadata-1024x1024.jpg 1024w, http:\/\/www2.unifap.br\/atau\/files\/2019\/10\/roda-de-conversa-morar-no-cong\u00f3s_novadata-70x70.jpg 70w, http:\/\/www2.unifap.br\/atau\/files\/2019\/10\/roda-de-conversa-morar-no-cong\u00f3s_novadata.jpg 1181w\" sizes=\"(max-width: 300px) 100vw, 300px\" \/><\/a><\/p>\n","protected":false},"excerpt":{"rendered":"<p>EIXO palavra, de car\u00e1ter amplo e aberto a todos interessados, diz respeito a rodas de conversa e reuni\u00f5es para discuss\u00e3o de textos que embasam a pr\u00e1tica extensionista, do direito \u00e0 moradia e \u00e0 realidade social vivenciada. Sugest\u00f5es de realiza\u00e7\u00e3o uma vez por m\u00eas: Discuss\u00e3o sobre texto \u201cExtens\u00e3o ou Comunica\u00e7\u00e3o?\u201d de Paulo Freire&nbsp;em&nbsp;setembro de 2019 &#8212;&#8230;<\/p>\n","protected":false},"author":1333,"featured_media":0,"parent":199,"menu_order":0,"comment_status":"closed","ping_status":"closed","template":"","meta":{"inline_featured_image":false,"ngg_post_thumbnail":0,"footnotes":""},"class_list":["post-240","page","type-page","status-publish","hentry","entry"],"_links":{"self":[{"href":"http:\/\/www2.unifap.br\/atau\/wp-json\/wp\/v2\/pages\/240","targetHints":{"allow":["GET"]}}],"collection":[{"href":"http:\/\/www2.unifap.br\/atau\/wp-json\/wp\/v2\/pages"}],"about":[{"href":"http:\/\/www2.unifap.br\/atau\/wp-json\/wp\/v2\/types\/page"}],"author":[{"embeddable":true,"href":"http:\/\/www2.unifap.br\/atau\/wp-json\/wp\/v2\/users\/1333"}],"replies":[{"embeddable":true,"href":"http:\/\/www2.unifap.br\/atau\/wp-json\/wp\/v2\/comments?post=240"}],"version-history":[{"count":3,"href":"http:\/\/www2.unifap.br\/atau\/wp-json\/wp\/v2\/pages\/240\/revisions"}],"predecessor-version":[{"id":248,"href":"http:\/\/www2.unifap.br\/atau\/wp-json\/wp\/v2\/pages\/240\/revisions\/248"}],"up":[{"embeddable":true,"href":"http:\/\/www2.unifap.br\/atau\/wp-json\/wp\/v2\/pages\/199"}],"wp:attachment":[{"href":"http:\/\/www2.unifap.br\/atau\/wp-json\/wp\/v2\/media?parent=240"}],"curies":[{"name":"wp","href":"https:\/\/api.w.org\/{rel}","templated":true}]}}