{"id":242,"date":"2019-10-03T17:39:57","date_gmt":"2019-10-03T17:39:57","guid":{"rendered":"http:\/\/www2.unifap.br\/atau\/?page_id=242"},"modified":"2020-07-23T21:26:27","modified_gmt":"2020-07-23T21:26:27","slug":"eixo-reforma","status":"publish","type":"page","link":"http:\/\/www2.unifap.br\/atau\/fase-casp-congos\/eixo-reforma\/","title":{"rendered":"Eixo Reforma"},"content":{"rendered":"<p>O EIXO REFORMA diz respeito \u00e0 elabora\u00e7\u00e3o do projeto de reforma e melhoria e respectiva obra da sede do CASP em conjunto com discentes do curso de Arquitetura e Urbanismo envolvidos, Escrit\u00f3rio-modelo de Engenharia Civil, Escrit\u00f3rio-modelo de Engenharia El\u00e9trica, membros do CASP e moradores do Cong\u00f3s, ou seja, de modo integrado e participativo.<\/p>\n<p>No EIXO REFORMA, at\u00e9 o momento foram desenvolvidas as seguintes atividades:<\/p>\n<ul>\n<li>Levantamento de medidas do im\u00f3vel<\/li>\n<li>Oficina de maquete<\/li>\n<li>Oficina de levantamento de necessidades e desejos<\/li>\n<li>Apresenta\u00e7\u00e3o do estudo preliminar<\/li>\n<li>Reuni\u00f5es de compatibiliza\u00e7\u00e3o com equipes da Engenharia Civil e Engenharia El\u00e9trica<\/li>\n<li>Elabora\u00e7\u00e3o de lista de materiais e or\u00e7amento<\/li>\n<\/ul>\n<p><a href=\"http:\/\/www2.unifap.br\/atau\/files\/2019\/10\/IMG_7525.jpg\"><img fetchpriority=\"high\" decoding=\"async\" class=\"size-medium wp-image-251 alignleft\" src=\"http:\/\/www2.unifap.br\/atau\/files\/2019\/10\/IMG_7525-300x225.jpg\" alt=\"\" width=\"300\" height=\"225\" srcset=\"http:\/\/www2.unifap.br\/atau\/files\/2019\/10\/IMG_7525-300x225.jpg 300w, http:\/\/www2.unifap.br\/atau\/files\/2019\/10\/IMG_7525-768x576.jpg 768w, http:\/\/www2.unifap.br\/atau\/files\/2019\/10\/IMG_7525-1024x768.jpg 1024w\" sizes=\"(max-width: 300px) 100vw, 300px\" \/><\/a><\/p>\n<p>&nbsp;<\/p>\n<p>&nbsp;<\/p>\n<p>&nbsp;<\/p>\n<p>&nbsp;<\/p>\n<p>Oficina de levantamento de necessidades e desejos realizada em 28\/09\/2019. Foto: Daniely Monteiro, 2019<\/p>\n<p>&nbsp;<\/p>\n<p>&nbsp;<\/p>\n<p><span style=\"color: #000000\"><strong>Imagens da Proposta de reforma do CASP:<\/strong><\/span><\/p>\n<p><a href=\"http:\/\/www2.unifap.br\/atau\/files\/2020\/07\/Imagem02.jpg\"><img decoding=\"async\" class=\"alignleft wp-image-376 size-medium\" src=\"http:\/\/www2.unifap.br\/atau\/files\/2020\/07\/Imagem02-300x169.jpg\" alt=\"\" width=\"300\" height=\"169\" srcset=\"http:\/\/www2.unifap.br\/atau\/files\/2020\/07\/Imagem02-300x169.jpg 300w, http:\/\/www2.unifap.br\/atau\/files\/2020\/07\/Imagem02.jpg 567w\" sizes=\"(max-width: 300px) 100vw, 300px\" \/><\/a><a href=\"http:\/\/www2.unifap.br\/atau\/files\/2020\/07\/Imagem01.jpg\"><img decoding=\"async\" class=\"alignleft wp-image-375 size-medium\" src=\"http:\/\/www2.unifap.br\/atau\/files\/2020\/07\/Imagem01-300x169.jpg\" alt=\"\" width=\"300\" height=\"169\" srcset=\"http:\/\/www2.unifap.br\/atau\/files\/2020\/07\/Imagem01-300x169.jpg 300w, http:\/\/www2.unifap.br\/atau\/files\/2020\/07\/Imagem01.jpg 567w\" sizes=\"(max-width: 300px) 100vw, 300px\" \/><\/a> <a href=\"http:\/\/www2.unifap.br\/atau\/files\/2020\/07\/Imagem04.jpg\"><img loading=\"lazy\" decoding=\"async\" class=\"alignleft wp-image-378 size-medium\" src=\"http:\/\/www2.unifap.br\/atau\/files\/2020\/07\/Imagem04-300x169.jpg\" alt=\"\" width=\"300\" height=\"169\" srcset=\"http:\/\/www2.unifap.br\/atau\/files\/2020\/07\/Imagem04-300x169.jpg 300w, http:\/\/www2.unifap.br\/atau\/files\/2020\/07\/Imagem04.jpg 567w\" sizes=\"(max-width: 300px) 100vw, 300px\" \/><\/a> <a href=\"http:\/\/www2.unifap.br\/atau\/files\/2020\/07\/Imagem03.jpg\"><img loading=\"lazy\" decoding=\"async\" class=\"alignleft wp-image-377 size-medium\" src=\"http:\/\/www2.unifap.br\/atau\/files\/2020\/07\/Imagem03-300x169.jpg\" alt=\"\" width=\"300\" height=\"169\" srcset=\"http:\/\/www2.unifap.br\/atau\/files\/2020\/07\/Imagem03-300x169.jpg 300w, http:\/\/www2.unifap.br\/atau\/files\/2020\/07\/Imagem03.jpg 567w\" sizes=\"(max-width: 300px) 100vw, 300px\" \/><\/a> <a href=\"http:\/\/www2.unifap.br\/atau\/files\/2020\/07\/Imagem05.jpg\"><img loading=\"lazy\" decoding=\"async\" class=\"alignleft wp-image-379 size-medium\" src=\"http:\/\/www2.unifap.br\/atau\/files\/2020\/07\/Imagem05-300x169.jpg\" alt=\"\" width=\"300\" height=\"169\" srcset=\"http:\/\/www2.unifap.br\/atau\/files\/2020\/07\/Imagem05-300x169.jpg 300w, http:\/\/www2.unifap.br\/atau\/files\/2020\/07\/Imagem05.jpg 567w\" sizes=\"(max-width: 300px) 100vw, 300px\" \/><\/a> <a href=\"http:\/\/www2.unifap.br\/atau\/files\/2020\/07\/Imagem07.jpg\"><img loading=\"lazy\" decoding=\"async\" class=\"alignleft wp-image-381 size-medium\" src=\"http:\/\/www2.unifap.br\/atau\/files\/2020\/07\/Imagem07-300x169.jpg\" alt=\"\" width=\"300\" height=\"169\" srcset=\"http:\/\/www2.unifap.br\/atau\/files\/2020\/07\/Imagem07-300x169.jpg 300w, http:\/\/www2.unifap.br\/atau\/files\/2020\/07\/Imagem07.jpg 567w\" sizes=\"(max-width: 300px) 100vw, 300px\" \/><\/a><\/p>\n<p>&nbsp;<\/p>\n<p>&nbsp;<\/p>\n<p>&nbsp;<\/p>\n<p>&nbsp;<\/p>\n<p>&nbsp;<\/p>\n<p>&nbsp;<\/p>\n<p>&nbsp;<\/p>\n<p>&nbsp;<\/p>\n<p>&nbsp;<\/p>\n<p>Abril de 2020.<br \/>\nRenderiza\u00e7\u00e3o: Daniely Monteiro.<\/p>\n","protected":false},"excerpt":{"rendered":"<p>O EIXO REFORMA diz respeito \u00e0 elabora\u00e7\u00e3o do projeto de reforma e melhoria e respectiva obra da sede do CASP em conjunto com discentes do curso de Arquitetura e Urbanismo envolvidos, Escrit\u00f3rio-modelo de Engenharia Civil, Escrit\u00f3rio-modelo de Engenharia El\u00e9trica, membros do CASP e moradores do Cong\u00f3s, ou seja, de modo integrado e participativo. No EIXO&#8230;<\/p>\n","protected":false},"author":1333,"featured_media":0,"parent":199,"menu_order":0,"comment_status":"closed","ping_status":"closed","template":"","meta":{"inline_featured_image":false,"ngg_post_thumbnail":0,"footnotes":""},"class_list":["post-242","page","type-page","status-publish","hentry","entry"],"_links":{"self":[{"href":"http:\/\/www2.unifap.br\/atau\/wp-json\/wp\/v2\/pages\/242","targetHints":{"allow":["GET"]}}],"collection":[{"href":"http:\/\/www2.unifap.br\/atau\/wp-json\/wp\/v2\/pages"}],"about":[{"href":"http:\/\/www2.unifap.br\/atau\/wp-json\/wp\/v2\/types\/page"}],"author":[{"embeddable":true,"href":"http:\/\/www2.unifap.br\/atau\/wp-json\/wp\/v2\/users\/1333"}],"replies":[{"embeddable":true,"href":"http:\/\/www2.unifap.br\/atau\/wp-json\/wp\/v2\/comments?post=242"}],"version-history":[{"count":12,"href":"http:\/\/www2.unifap.br\/atau\/wp-json\/wp\/v2\/pages\/242\/revisions"}],"predecessor-version":[{"id":392,"href":"http:\/\/www2.unifap.br\/atau\/wp-json\/wp\/v2\/pages\/242\/revisions\/392"}],"up":[{"embeddable":true,"href":"http:\/\/www2.unifap.br\/atau\/wp-json\/wp\/v2\/pages\/199"}],"wp:attachment":[{"href":"http:\/\/www2.unifap.br\/atau\/wp-json\/wp\/v2\/media?parent=242"}],"curies":[{"name":"wp","href":"https:\/\/api.w.org\/{rel}","templated":true}]}}