{"id":348,"date":"2020-07-15T15:05:18","date_gmt":"2020-07-15T15:05:18","guid":{"rendered":"http:\/\/www2.unifap.br\/atau\/?page_id=348"},"modified":"2022-09-09T09:57:26","modified_gmt":"2022-09-09T09:57:26","slug":"publicacoes","status":"publish","type":"page","link":"http:\/\/www2.unifap.br\/atau\/publicacoes\/","title":{"rendered":"Publica\u00e7\u00f5es"},"content":{"rendered":"<p><img decoding=\"async\" class=\"wp-image-394 alignleft\" src=\"http:\/\/www2.unifap.br\/atau\/files\/2020\/08\/eboo2_capa-209x300.jpg\" alt=\"\" width=\"181\" height=\"260\" srcset=\"http:\/\/www2.unifap.br\/atau\/files\/2020\/08\/eboo2_capa-209x300.jpg 209w, http:\/\/www2.unifap.br\/atau\/files\/2020\/08\/eboo2_capa-712x1024.jpg 712w, http:\/\/www2.unifap.br\/atau\/files\/2020\/08\/eboo2_capa-768x1104.jpg 768w, http:\/\/www2.unifap.br\/atau\/files\/2020\/08\/eboo2_capa-1068x1536.jpg 1068w, http:\/\/www2.unifap.br\/atau\/files\/2020\/08\/eboo2_capa-1425x2048.jpg 1425w, http:\/\/www2.unifap.br\/atau\/files\/2020\/08\/eboo2_capa-scaled.jpg 1781w\" sizes=\"(max-width: 181px) 100vw, 181px\" \/>Neste segundo volume, al\u00e9m da discuss\u00e3o tem\u00e1tica que ensejou o desenvolvimento das atividades no Conjunto Mestre Oscar Santos com o detalhamento dos procedimentos metodol\u00f3gicos, s\u00e3o apresentados os projetos arquitet\u00f4nicos elaborados e tamb\u00e9m a riqueza do material processual de campo como anota\u00e7\u00f5es, fotos e depoimentos das atividades realizadas, publicado em 2020.&nbsp;<\/p>\n<p><a href=\"https:\/\/www.uniedusul.com.br\/publicacao\/o-projeto-de-extensao-universitaria-assistencia-tecnica-em-arquitetura-e-urbanismo-da-unifap-fase-mestre-oscar-2017-2018\/\">MATSUNAGA, Melissa Kikumi; TAKAMATSU, Patr\u00edcia Helena Turola; SILVA, Marcelle Vilar (Orgs). <strong>O Projeto de Extens\u00e3o Universit\u00e1ria Assist\u00eancia T\u00e9cnica em Arquitetura e Urbanismo da UNIFAP \u2013 Fase Mestre Oscar 2017-2018<\/strong>. Maring\u00e1-PR: Uniedusul, 2020.<\/a><\/p>\n<p>&nbsp;<\/p>\n<p>&nbsp;<\/p>\n<p><a href=\"http:\/\/www2.unifap.br\/atau\/files\/2020\/07\/capa_artigoenanpur.jpg\"><img decoding=\"async\" class=\"wp-image-356 alignleft\" src=\"http:\/\/www2.unifap.br\/atau\/files\/2020\/07\/capa_artigoenanpur-222x300.jpg\" alt=\"\" width=\"170\" height=\"230\" srcset=\"http:\/\/www2.unifap.br\/atau\/files\/2020\/07\/capa_artigoenanpur-222x300.jpg 222w, http:\/\/www2.unifap.br\/atau\/files\/2020\/07\/capa_artigoenanpur-759x1024.jpg 759w, http:\/\/www2.unifap.br\/atau\/files\/2020\/07\/capa_artigoenanpur-768x1036.jpg 768w, http:\/\/www2.unifap.br\/atau\/files\/2020\/07\/capa_artigoenanpur.jpg 1128w\" sizes=\"(max-width: 170px) 100vw, 170px\" \/>&nbsp;<\/a>Artigo publicado no XVIII ENANPUR em Natal em 2019:&nbsp;<\/p>\n<p>MATSUNAGA, Melissa Kikumi; SILVA, Marcelle Vilar da; TAKAMATSU, Patricia Helena Turola. <strong>Assist\u00eancia T\u00e9cnica em Arquitetura e Urbanismo via Extens\u00e3o Universit\u00e1ria: a experi\u00eancia do ATAU-UNIFAP<\/strong>. Anais do XVIII Encontro Nacional da Associa\u00e7\u00e3o Nacional de P\u00f3s-gradua\u00e7\u00e3o e Pesquisa em Planejamento Urbano e Regional. Dispon\u00edvel em:&nbsp;<a href=\"http:\/\/anpur.org.br\/xviiienanpur\/anaisadmin\/capapdf.php?reqid=674\">http:\/\/anpur.org.br\/xviiienanpur\/anaisadmin\/capapdf.php?reqid=674<\/a><\/p>\n<p>&nbsp;<\/p>\n<p>&nbsp;<\/p>\n<p><a href=\"http:\/\/www2.unifap.br\/atau\/files\/2020\/07\/capa_ebook.jpg\"><img decoding=\"async\" class=\"wp-image-355 alignleft\" src=\"http:\/\/www2.unifap.br\/atau\/files\/2020\/07\/capa_ebook-211x300.jpg\" alt=\"\" width=\"174\" height=\"247\" srcset=\"http:\/\/www2.unifap.br\/atau\/files\/2020\/07\/capa_ebook-211x300.jpg 211w, http:\/\/www2.unifap.br\/atau\/files\/2020\/07\/capa_ebook-721x1024.jpg 721w, http:\/\/www2.unifap.br\/atau\/files\/2020\/07\/capa_ebook-768x1090.jpg 768w, http:\/\/www2.unifap.br\/atau\/files\/2020\/07\/capa_ebook.jpg 1035w\" sizes=\"(max-width: 174px) 100vw, 174px\" \/>&nbsp;<\/a>A compila\u00e7\u00e3o dos dados da Etapa 1 da Fase Mestre Oscar pode ser conferida no ebook publicado em 2019:<\/p>\n<p><a href=\"http:\/\/www2.unifap.br\/editora\/files\/2019\/07\/dados-socioeconomicos-e-aspectos-da-moradia.pdf\" target=\"_blank\" rel=\"noopener noreferrer\">MATSUNAGA, Melissa Kikumi (coord.).&nbsp;<strong>Dados socioecon\u00f4micos e aspectos da moradia e infraestrutura do Conjunto Habitacional Mestre Oscar Santos em Macap\u00e1 \u2013 ano 2017<\/strong>. Macap\u00e1: UNIFAP, 2019.<\/a><\/p>\n<p>&nbsp;<\/p>\n<p>&nbsp;<\/p>\n<p>&nbsp;<\/p>\n<p>&nbsp;<\/p>\n","protected":false},"excerpt":{"rendered":"<p>Neste segundo volume, al\u00e9m da discuss\u00e3o tem\u00e1tica que ensejou o desenvolvimento das atividades no Conjunto Mestre Oscar Santos com o detalhamento dos procedimentos metodol\u00f3gicos, s\u00e3o apresentados os projetos arquitet\u00f4nicos elaborados e tamb\u00e9m a riqueza do material processual de campo como anota\u00e7\u00f5es, fotos e depoimentos das atividades realizadas, publicado em 2020.&nbsp; MATSUNAGA, Melissa Kikumi; TAKAMATSU, Patr\u00edcia&#8230;<\/p>\n","protected":false},"author":1333,"featured_media":0,"parent":0,"menu_order":0,"comment_status":"closed","ping_status":"closed","template":"","meta":{"inline_featured_image":false,"ngg_post_thumbnail":0,"footnotes":""},"class_list":["post-348","page","type-page","status-publish","hentry","entry"],"_links":{"self":[{"href":"http:\/\/www2.unifap.br\/atau\/wp-json\/wp\/v2\/pages\/348","targetHints":{"allow":["GET"]}}],"collection":[{"href":"http:\/\/www2.unifap.br\/atau\/wp-json\/wp\/v2\/pages"}],"about":[{"href":"http:\/\/www2.unifap.br\/atau\/wp-json\/wp\/v2\/types\/page"}],"author":[{"embeddable":true,"href":"http:\/\/www2.unifap.br\/atau\/wp-json\/wp\/v2\/users\/1333"}],"replies":[{"embeddable":true,"href":"http:\/\/www2.unifap.br\/atau\/wp-json\/wp\/v2\/comments?post=348"}],"version-history":[{"count":12,"href":"http:\/\/www2.unifap.br\/atau\/wp-json\/wp\/v2\/pages\/348\/revisions"}],"predecessor-version":[{"id":448,"href":"http:\/\/www2.unifap.br\/atau\/wp-json\/wp\/v2\/pages\/348\/revisions\/448"}],"wp:attachment":[{"href":"http:\/\/www2.unifap.br\/atau\/wp-json\/wp\/v2\/media?parent=348"}],"curies":[{"name":"wp","href":"https:\/\/api.w.org\/{rel}","templated":true}]}}