{"id":404,"date":"2020-09-23T12:49:46","date_gmt":"2020-09-23T12:49:46","guid":{"rendered":"http:\/\/www2.unifap.br\/atau\/?page_id=404"},"modified":"2020-09-23T13:14:18","modified_gmt":"2020-09-23T13:14:18","slug":"biblioteca-infantil-comunitaria","status":"publish","type":"page","link":"http:\/\/www2.unifap.br\/atau\/sobre-2\/biblioteca-infantil-comunitaria\/","title":{"rendered":"Biblioteca Infantil Comunit\u00e1ria"},"content":{"rendered":"<p><strong>Projeto Biblioteca Infantil Comunit\u00e1ria dos Cong\u00f3s<\/strong><\/p>\n<p>O Projeto Biblioteca Infantil Comunit\u00e1ria dos Cong\u00f3s consiste numa iniciativa dos moradores do bairro, sob lideran\u00e7a de Nildo Costa, em utilizar o espa\u00e7o debaixo de uma arquibancada j\u00e1 existente na Arena do bairro e transform\u00e1-lo num espa\u00e7o de leitura e conv\u00edvio para as crian\u00e7as. Fica localizada na Avenida Evandro Carneiro de Melo (16\u00aa. Avenida do bairro).<\/p>\n<p><a href=\"http:\/\/www2.unifap.br\/atau\/files\/2020\/09\/WhatsApp-Image-2020-01-10-at-18.50.49.jpeg\"><img fetchpriority=\"high\" decoding=\"async\" class=\"alignnone size-medium wp-image-413\" src=\"http:\/\/www2.unifap.br\/atau\/files\/2020\/09\/WhatsApp-Image-2020-01-10-at-18.50.49-300x169.jpeg\" alt=\"\" width=\"300\" height=\"169\" srcset=\"http:\/\/www2.unifap.br\/atau\/files\/2020\/09\/WhatsApp-Image-2020-01-10-at-18.50.49-300x169.jpeg 300w, http:\/\/www2.unifap.br\/atau\/files\/2020\/09\/WhatsApp-Image-2020-01-10-at-18.50.49-1024x576.jpeg 1024w, http:\/\/www2.unifap.br\/atau\/files\/2020\/09\/WhatsApp-Image-2020-01-10-at-18.50.49-768x432.jpeg 768w, http:\/\/www2.unifap.br\/atau\/files\/2020\/09\/WhatsApp-Image-2020-01-10-at-18.50.49.jpeg 1280w\" sizes=\"(max-width: 300px) 100vw, 300px\" \/><\/a>Situa\u00e7\u00e3o anterior da arquibancada.&nbsp;Foto: Nildo Costa<\/p>\n<p><strong>PROPOSTA DE PORTAS-ESTANTES:<\/strong><\/p>\n<p>Para os fechamentos s\u00e3o previstas portas-estantes nos v\u00e3os da estrutura da arquibancada que, uma vez abertas, t\u00eam o intuito de ampliar o espa\u00e7o da biblioteca para al\u00e9m da \u00e1rea embaixo da arquibancada. S\u00e3o previstas em cada v\u00e3o, 2 portas-estantes e cujas medidas devem ser adequadas para cada um dos v\u00e3os existentes da arquibancada, sendo no total&nbsp; 8 estantes.<\/p>\n<ul>\n<li>4 batentes em madeira macaca\u00faba, um para cada v\u00e3o da arquibancada na largura da estante<\/li>\n<li>8 portas-estantes em madeira macaca\u00faba<\/li>\n<li>6 rod\u00edzios para cada estante, total de 48 rod\u00edzios de qualidade<\/li>\n<li>Telhas de policarbonato translucida para o fechamento exterior, fixadas na estrutura de cada porta-estante<\/li>\n<li>Ferrolhos e dobradi\u00e7as met\u00e1licas<\/li>\n<\/ul>\n<p><a href=\"http:\/\/www2.unifap.br\/atau\/files\/2020\/09\/01.jpg\"><img decoding=\"async\" class=\"alignnone size-medium wp-image-417\" src=\"http:\/\/www2.unifap.br\/atau\/files\/2020\/09\/01-300x144.jpg\" alt=\"\" width=\"300\" height=\"144\" srcset=\"http:\/\/www2.unifap.br\/atau\/files\/2020\/09\/01-300x144.jpg 300w, http:\/\/www2.unifap.br\/atau\/files\/2020\/09\/01-1024x490.jpg 1024w, http:\/\/www2.unifap.br\/atau\/files\/2020\/09\/01-768x368.jpg 768w, http:\/\/www2.unifap.br\/atau\/files\/2020\/09\/01-1536x736.jpg 1536w, http:\/\/www2.unifap.br\/atau\/files\/2020\/09\/01.jpg 1616w\" sizes=\"(max-width: 300px) 100vw, 300px\" \/><\/a><a href=\"http:\/\/www2.unifap.br\/atau\/files\/2020\/09\/07.jpg\"><img decoding=\"async\" class=\"alignnone wp-image-419 size-medium\" src=\"http:\/\/www2.unifap.br\/atau\/files\/2020\/09\/07-300x144.jpg\" alt=\"\" width=\"300\" height=\"144\" srcset=\"http:\/\/www2.unifap.br\/atau\/files\/2020\/09\/07-300x144.jpg 300w, http:\/\/www2.unifap.br\/atau\/files\/2020\/09\/07-1024x490.jpg 1024w, http:\/\/www2.unifap.br\/atau\/files\/2020\/09\/07-768x368.jpg 768w, http:\/\/www2.unifap.br\/atau\/files\/2020\/09\/07-1536x736.jpg 1536w, http:\/\/www2.unifap.br\/atau\/files\/2020\/09\/07.jpg 1616w\" sizes=\"(max-width: 300px) 100vw, 300px\" \/><\/a><a href=\"http:\/\/www2.unifap.br\/atau\/files\/2020\/09\/03.jpg\"><img loading=\"lazy\" decoding=\"async\" class=\"alignnone size-medium wp-image-418\" src=\"http:\/\/www2.unifap.br\/atau\/files\/2020\/09\/03-300x144.jpg\" alt=\"\" width=\"300\" height=\"144\" srcset=\"http:\/\/www2.unifap.br\/atau\/files\/2020\/09\/03-300x144.jpg 300w, http:\/\/www2.unifap.br\/atau\/files\/2020\/09\/03-1024x490.jpg 1024w, http:\/\/www2.unifap.br\/atau\/files\/2020\/09\/03-768x368.jpg 768w, http:\/\/www2.unifap.br\/atau\/files\/2020\/09\/03-1536x736.jpg 1536w, http:\/\/www2.unifap.br\/atau\/files\/2020\/09\/03.jpg 1616w\" sizes=\"(max-width: 300px) 100vw, 300px\" \/><\/a><\/p>\n<p><a href=\"http:\/\/www2.unifap.br\/atau\/files\/2020\/09\/portas-estante.jpg\"><img loading=\"lazy\" decoding=\"async\" class=\"alignnone size-medium wp-image-420\" src=\"http:\/\/www2.unifap.br\/atau\/files\/2020\/09\/portas-estante-198x300.jpg\" alt=\"\" width=\"198\" height=\"300\" srcset=\"http:\/\/www2.unifap.br\/atau\/files\/2020\/09\/portas-estante-198x300.jpg 198w, http:\/\/www2.unifap.br\/atau\/files\/2020\/09\/portas-estante-677x1024.jpg 677w, http:\/\/www2.unifap.br\/atau\/files\/2020\/09\/portas-estante-768x1162.jpg 768w, http:\/\/www2.unifap.br\/atau\/files\/2020\/09\/portas-estante-1016x1536.jpg 1016w, http:\/\/www2.unifap.br\/atau\/files\/2020\/09\/portas-estante.jpg 1292w\" sizes=\"(max-width: 198px) 100vw, 198px\" \/><\/a><\/p>\n<p>&nbsp;<\/p>\n","protected":false},"excerpt":{"rendered":"<p>Projeto Biblioteca Infantil Comunit\u00e1ria dos Cong\u00f3s O Projeto Biblioteca Infantil Comunit\u00e1ria dos Cong\u00f3s consiste numa iniciativa dos moradores do bairro, sob lideran\u00e7a de Nildo Costa, em utilizar o espa\u00e7o debaixo de uma arquibancada j\u00e1 existente na Arena do bairro e transform\u00e1-lo num espa\u00e7o de leitura e conv\u00edvio para as crian\u00e7as. Fica localizada na Avenida Evandro&#8230;<\/p>\n","protected":false},"author":1333,"featured_media":0,"parent":92,"menu_order":0,"comment_status":"closed","ping_status":"closed","template":"","meta":{"inline_featured_image":false,"ngg_post_thumbnail":0,"footnotes":""},"class_list":["post-404","page","type-page","status-publish","hentry","entry"],"_links":{"self":[{"href":"http:\/\/www2.unifap.br\/atau\/wp-json\/wp\/v2\/pages\/404","targetHints":{"allow":["GET"]}}],"collection":[{"href":"http:\/\/www2.unifap.br\/atau\/wp-json\/wp\/v2\/pages"}],"about":[{"href":"http:\/\/www2.unifap.br\/atau\/wp-json\/wp\/v2\/types\/page"}],"author":[{"embeddable":true,"href":"http:\/\/www2.unifap.br\/atau\/wp-json\/wp\/v2\/users\/1333"}],"replies":[{"embeddable":true,"href":"http:\/\/www2.unifap.br\/atau\/wp-json\/wp\/v2\/comments?post=404"}],"version-history":[{"count":6,"href":"http:\/\/www2.unifap.br\/atau\/wp-json\/wp\/v2\/pages\/404\/revisions"}],"predecessor-version":[{"id":423,"href":"http:\/\/www2.unifap.br\/atau\/wp-json\/wp\/v2\/pages\/404\/revisions\/423"}],"up":[{"embeddable":true,"href":"http:\/\/www2.unifap.br\/atau\/wp-json\/wp\/v2\/pages\/92"}],"wp:attachment":[{"href":"http:\/\/www2.unifap.br\/atau\/wp-json\/wp\/v2\/media?parent=404"}],"curies":[{"name":"wp","href":"https:\/\/api.w.org\/{rel}","templated":true}]}}