{"id":48,"date":"2017-05-25T18:21:35","date_gmt":"2017-05-25T18:21:35","guid":{"rendered":"http:\/\/www2.unifap.br\/atau\/?page_id=48"},"modified":"2019-10-03T16:54:17","modified_gmt":"2019-10-03T16:54:17","slug":"equipe","status":"publish","type":"page","link":"http:\/\/www2.unifap.br\/atau\/sobre-2\/fase-mestre-oscar\/equipe\/","title":{"rendered":"Participantes"},"content":{"rendered":"<p><a title=\"Docentes\" href=\"http:\/\/www2.unifap.br\/atau\/equipe\/docentes\/\">Docentes<\/a><\/p>\n<p><a title=\"Participantes acad\u00eamicos da 1\u00aa etapa\" href=\"http:\/\/www2.unifap.br\/atau\/equipe\/participantes\/\">Discentes&nbsp;1a Etapa (aplica\u00e7\u00e3o de question\u00e1rios)<\/a><\/p>\n<p><a title=\"Participantes acad\u00eamicos da 2\u00aa etapa\" href=\"http:\/\/www2.unifap.br\/atau\/equipe\/participantes-etapa-2\/\">Discentes 2a Etapa (elabora\u00e7\u00e3o dos projetos de reforma das resid\u00eancias)<\/a><\/p>\n<p>Discentes 3a Etapa (elabora\u00e7\u00e3o dos projetos das \u00e1reas p\u00fablicas)<\/p>\n<p><a title=\"Docentes\" href=\"http:\/\/www2.unifap.br\/atau\/equipe\/docentes\/\">&nbsp;<\/a><\/p>\n<p>&nbsp;<\/p>\n","protected":false},"excerpt":{"rendered":"<p>Docentes Discentes&nbsp;1a Etapa (aplica\u00e7\u00e3o de question\u00e1rios) Discentes 2a Etapa (elabora\u00e7\u00e3o dos projetos de reforma das resid\u00eancias) Discentes 3a Etapa (elabora\u00e7\u00e3o dos projetos das \u00e1reas p\u00fablicas) &nbsp; &nbsp;<\/p>\n","protected":false},"author":1333,"featured_media":0,"parent":198,"menu_order":6,"comment_status":"open","ping_status":"closed","template":"","meta":{"inline_featured_image":false,"ngg_post_thumbnail":0,"footnotes":""},"class_list":["post-48","page","type-page","status-publish","hentry","entry"],"_links":{"self":[{"href":"http:\/\/www2.unifap.br\/atau\/wp-json\/wp\/v2\/pages\/48","targetHints":{"allow":["GET"]}}],"collection":[{"href":"http:\/\/www2.unifap.br\/atau\/wp-json\/wp\/v2\/pages"}],"about":[{"href":"http:\/\/www2.unifap.br\/atau\/wp-json\/wp\/v2\/types\/page"}],"author":[{"embeddable":true,"href":"http:\/\/www2.unifap.br\/atau\/wp-json\/wp\/v2\/users\/1333"}],"replies":[{"embeddable":true,"href":"http:\/\/www2.unifap.br\/atau\/wp-json\/wp\/v2\/comments?post=48"}],"version-history":[{"count":11,"href":"http:\/\/www2.unifap.br\/atau\/wp-json\/wp\/v2\/pages\/48\/revisions"}],"predecessor-version":[{"id":206,"href":"http:\/\/www2.unifap.br\/atau\/wp-json\/wp\/v2\/pages\/48\/revisions\/206"}],"up":[{"embeddable":true,"href":"http:\/\/www2.unifap.br\/atau\/wp-json\/wp\/v2\/pages\/198"}],"wp:attachment":[{"href":"http:\/\/www2.unifap.br\/atau\/wp-json\/wp\/v2\/media?parent=48"}],"curies":[{"name":"wp","href":"https:\/\/api.w.org\/{rel}","templated":true}]}}