{"id":52,"date":"2017-05-25T18:24:16","date_gmt":"2017-05-25T18:24:16","guid":{"rendered":"http:\/\/www2.unifap.br\/atau\/?page_id=52"},"modified":"2022-09-09T10:28:08","modified_gmt":"2022-09-09T10:28:08","slug":"saiu-na-midia","status":"publish","type":"page","link":"http:\/\/www2.unifap.br\/atau\/sobre-2\/saiu-na-midia\/","title":{"rendered":"Saiu na m\u00eddia"},"content":{"rendered":"<p>Saiba aqui a repercuss\u00e3o na m\u00eddia das a\u00e7\u00f5es empreendidas:<\/p>\n<p>14 de fevereiro de 2020: <a href=\"https:\/\/g1.globo.com\/ap\/amapa\/noticia\/2020\/04\/14\/iniciativa-busca-instalar-lavatorios-coletivos-para-atender-moradias-em-areas-alagadas-de-macapa.ghtml\">INICIATIVA BUSCA INSTALAR LAVAT\u00d3RIOS COLETIVOS PARA ATENDER MORADIAS EM \u00c1REAS ALAGADAS DE MACAP\u00c1<\/a><\/p>\n<p class=\"playkit-video-info__ep-title\">11 de fevereiro de 2020: <a href=\"https:\/\/globoplay.globo.com\/v\/8313473\/\">ALUNOS DE ARQUITETURA E URBANISMO DA UNIFAP PROJETAM NOVO ESPA\u00c7O PARA PROJETO SOCIAL NO AP<\/a><\/p>\n<p>25 de mar\u00e7o de 2017: &#8220;<a href=\"http:\/\/www2.unifap.br\/atau\/files\/2017\/05\/20170325-Diario-do-Amap\u00e1.pdf\">RESIDENCIAL MESTRE OSCAR:QUESTION\u00c1RIO PODE MELHORAR A VIDA DE MORADORES<\/a>&#8220;[Diario do Amap\u00e1]<\/p>\n<p>22 de mar\u00e7o de 2017: &#8220;<a href=\"http:\/\/www.blogderocha.com.br\/residencial-mestre-oscar-prefeitura-e-unifap-aplicam-questionarios-para-melhorar-imoveis\/\">RESIDENCIAL MESTRE OSCAR: PREFEITURA E UNIFAP APLICAM QUESTION\u00c1RIOS PARA MELHORAR IM\u00d3VEIS&#8221;<\/a>[Blog de Rocha!]<\/p>\n<p>22 de mar\u00e7o de 2017: <a href=\"https:\/\/macapa.ap.gov.br\/residencial-mestre-oscar-prefeitura-e-unifap-aplicam-questionarios-para-melhorar-imoveis\/\">&#8220;RESIDENCIAL MESTRE OSCAR: PREFEITURA E UNIFAP APLICAM QUESTION\u00c1RIOS PARA MELHORAR IM\u00d3VEIS&#8221;&nbsp;<\/a><a href=\"http:\/\/macapa.ap.gov.br\/612-prefeitura-e-unifap-apresentam-projeto-de-extens%C3%A3o-para-melhorar-im%C3%B3veis-no-residencial-mestre-oscar\">&#8220;<\/a>[ Site Prefeitura de Macap\u00e1]<\/p>\n<p>07 de mar\u00e7o de 2017 :&nbsp;<a href=\"https:\/\/globoplay.globo.com\/v\/5706171\/\">ESTUDANTES DE ARQUITETURA PRESTAM ASSIST\u00caNCIA T\u00c9CNICA PARA MORADORES DO MESTRE OSCAR<\/a><\/p>\n<p>13 de fevereiro de 2017:&nbsp;<a href=\"https:\/\/macapa.ap.gov.br\/prefeitura-e-unifap-apresentam-projeto-de-extensao-para-melhorar-imoveis-no-residencial-mestre-oscar\/\">&#8220;PREFEITURA E UNIFAP APRESENTAM PROJETO DE EXTENS\u00c3O PARA MELHORAR IM\u00d3VEIS NO RESIDENCIAL MESTRE OSCAR&#8221;<\/a>[ Site Prefeitura de Macap\u00e1]<\/p>\n<p>13 de fevereiro de 2017 <a href=\"https:\/\/www.diariodoamapa.com.br\/2017\/02\/13\/parceria-garante-melhorias-em-conjunto-habitacional-da-zona-norte\/\">&#8220;PARCERIA GARANTE MELHORIAS EM CONJUNTO HABITACIONAL NA ZONA NORTE&#8221; [Di\u00e1rio do Amap\u00e1]<\/a><\/p>\n<p>&nbsp;<\/p>\n","protected":false},"excerpt":{"rendered":"<p>Saiba aqui a repercuss\u00e3o na m\u00eddia das a\u00e7\u00f5es empreendidas: 14 de fevereiro de 2020: INICIATIVA BUSCA INSTALAR LAVAT\u00d3RIOS COLETIVOS PARA ATENDER MORADIAS EM \u00c1REAS ALAGADAS DE MACAP\u00c1 11 de fevereiro de 2020: ALUNOS DE ARQUITETURA E URBANISMO DA UNIFAP PROJETAM NOVO ESPA\u00c7O PARA PROJETO SOCIAL NO AP 25 de mar\u00e7o de 2017: &#8220;RESIDENCIAL MESTRE OSCAR:QUESTION\u00c1RIO&#8230;<\/p>\n","protected":false},"author":1333,"featured_media":0,"parent":92,"menu_order":6,"comment_status":"open","ping_status":"closed","template":"","meta":{"inline_featured_image":false,"ngg_post_thumbnail":0,"footnotes":""},"class_list":["post-52","page","type-page","status-publish","hentry","entry"],"_links":{"self":[{"href":"http:\/\/www2.unifap.br\/atau\/wp-json\/wp\/v2\/pages\/52","targetHints":{"allow":["GET"]}}],"collection":[{"href":"http:\/\/www2.unifap.br\/atau\/wp-json\/wp\/v2\/pages"}],"about":[{"href":"http:\/\/www2.unifap.br\/atau\/wp-json\/wp\/v2\/types\/page"}],"author":[{"embeddable":true,"href":"http:\/\/www2.unifap.br\/atau\/wp-json\/wp\/v2\/users\/1333"}],"replies":[{"embeddable":true,"href":"http:\/\/www2.unifap.br\/atau\/wp-json\/wp\/v2\/comments?post=52"}],"version-history":[{"count":11,"href":"http:\/\/www2.unifap.br\/atau\/wp-json\/wp\/v2\/pages\/52\/revisions"}],"predecessor-version":[{"id":449,"href":"http:\/\/www2.unifap.br\/atau\/wp-json\/wp\/v2\/pages\/52\/revisions\/449"}],"up":[{"embeddable":true,"href":"http:\/\/www2.unifap.br\/atau\/wp-json\/wp\/v2\/pages\/92"}],"wp:attachment":[{"href":"http:\/\/www2.unifap.br\/atau\/wp-json\/wp\/v2\/media?parent=52"}],"curies":[{"name":"wp","href":"https:\/\/api.w.org\/{rel}","templated":true}]}}