{"id":76,"date":"2017-05-25T19:16:26","date_gmt":"2017-05-25T19:16:26","guid":{"rendered":"http:\/\/www2.unifap.br\/atau\/?page_id=76"},"modified":"2017-05-25T19:18:42","modified_gmt":"2017-05-25T19:18:42","slug":"docentes","status":"publish","type":"page","link":"http:\/\/www2.unifap.br\/atau\/sobre-2\/fase-mestre-oscar\/equipe\/docentes\/","title":{"rendered":"Docentes"},"content":{"rendered":"<p>O projeto conta com a seguinte equipe de profissionais pertencentes ao quadro do Curso de Arquitetura e Urbanismo da UNIFAP, servidores com Dedica\u00e7\u00e3o Exclusiva.<\/p>\n<p><strong><span style=\"text-decoration: underline\">PROFa COORDENADORA ME. MELISSA KIKUMI MATSUNAGA<\/span> <\/strong>(<a href=\"http:\/\/lattes.cnpq.br\/9003470341774807\">Link para o curriculo lattes<\/a>)<\/p>\n<p>Graduada em Arquitetura e Urbanismo pela Escola de Engenharia de S\u00e3o Carlos da Universidade de S\u00e3o Paulo \u2013 EESC-USP (2005) \u2013 [atual IAU-USP] e Mestre em Arquitetura e Urbanismo \u2013 \u00e1rea de concentra\u00e7\u00e3o Paisagem e Ambiente \u2013 pela Faculdade de Arquitetura e Urbanismo da Universidade de S\u00e3o Paulo \u2013 FAUUSP (2015). Atualmente \u00e9 doutoranda em Urbanismo no PROURB-UFRJ atrav\u00e9s de conv\u00eanio DINTER UNIFAP\/UFRJ. \u00c9 professora do curso de Arquitetura e Urbanismo na Universidade Federal do Amap\u00e1 \u2013 UNIFAP desde 2015. Tem experi\u00eancia profissional na \u00e1rea de projetos com \u00eanfase em urbanismo, habita\u00e7\u00e3o de interesse social, urbaniza\u00e7\u00e3o de assentamentos prec\u00e1rios e paisagismo.<\/p>\n<p><span style=\"text-decoration: underline\"><strong>PROFa PATR\u00cdCIA HELENA TUROLA TAKAMATSU<\/strong> <\/span>\u00a0(<a href=\"http:\/\/lattes.cnpq.br\/9199241420958700\">Link para o curriculo lattes<\/a>)<a href=\"http:\/\/lattes.cnpq.br\/9003470341774807\"><br \/>\n<\/a><\/p>\n<p>Graduada em \u2018Arquitetura e Urbanismo\u201d pela Universidade Federal de Minas Gerais (2009), Mestre interdisciplinar em \u2018Ambiente Constru\u00eddo e Patrim\u00f4nio Sustent\u00e1vel\u201d pela Universidade Federal de Minas Gerais (2013). Atualmente cursa o doutorado em Urbanismo pela Universidade Federal do Rio de Janeiro \u2013 PROURB -UFRJ (2015\u2014) e \u00e9 Professora Assistente B1 do Colegiado Arquitetura e Urbanismo da Universidade Federal do Amap\u00e1 \u2013 CAU-UNIFA desde 2013. Atua nas \u00e1reas de pesquisas em Patrim\u00f4nio Cultural e Conforto para o Ambiente Constru\u00eddos e ferramentas computacionais.\u00a0Tem experi\u00eancia profissional na \u00e1rea de projetos com \u00eanfase em patrim\u00f4nio cultural, urbanismo, tecnologias para arquitetura e habita\u00e7\u00e3o de interesse social.<\/p>\n<p><span style=\"text-decoration: underline\"><strong>PROFa. \u00a0MARCELLE VILAR DA SILVA<\/strong><\/span> \u00a0(<a href=\"http:\/\/lattes.cnpq.br\/0547820452350289\">Link para o curriculo lattes<\/a>)<\/p>\n<p>Mestre em Arquitetura e Urbanismo com \u00eanfase em Desempenho Ambiental e Tecnologia pelo Programa de P\u00f3s Gradua\u00e7\u00e3o em Arquitetura e Urbanismo da UFPA (2013), Especialista em Desenvolvimento Urbano e Meio Ambiente pela Faculdade de Arquitetura e Urbanismo da UFPA (2012) e graduada em Arquitetura e Urbanismo pela Universidade Federal do Par\u00e1 (2010). Atualmente \u00e9 professora efetiva do Curso de Arquitetura e Urbanismo da Universidade Federal do Amap\u00e1 (UNIFAP) desde 2016 das disciplinas de Conforto Ambiental e membro dos grupos de pesquisa Conforto Ambiental e Efici\u00eancia Energ\u00e9tica no Ambiente Constru\u00eddo da UNIFAP e Rede Amaz\u00f4nia Luso Brasileira de pesquisa, parceria da UNIFAP e Faculdade de Arquitetura da Universidade de Lisboa (FAUL). Tem experi\u00eancia na \u00e1rea de Arquitetura e Urbanismo, com \u00eanfase em Conforto Ambiental, atuando principalmente nos seguintes temas: conforto ambiental e efici\u00eancia energ\u00e9tica, ferramentas computacionais, ventila\u00e7\u00e3o <span style=\"text-decoration: underline\">natural, t\u00e9rmica, ilumina\u00e7\u00e3o natural, planejamento urbano.<\/span><\/p>\n<p><span style=\"text-decoration: underline\"><strong>PROF. \u00a0WICTOR ALENCAR CUNHA<\/strong><\/span>\u00a0(<a href=\"http:\/\/lattes.cnpq.br\/0547820452350289\">Link para o curriculo lattes<\/a>)<\/p>\n<p>Graduado \u00a0em Engenharia Civil pela Universidade da Amaz\u00f4nia (2014).\u00a0Especiasta em Engenharia de Estruturas e Materiais (2015). Tem experi\u00eancia na \u00e1rea de Engenharia de Estruturas, com \u00eanfase em Estruturas de Concreto Armado e Concreto Protendido, atuando principalmente no seguinte tema: concreto protendido.\u00a0Atualmente \u00e9 professor efetiva do Curso de Arquitetura e Urbanismo da Universidade Federal do Amap\u00e1 (UNIFAP) desde 2015 lecionando disciplinas das \u00e1reas de Sistemas Estruturais e Tecnologia das Constru\u00e7\u00f5es.<\/p>\n","protected":false},"excerpt":{"rendered":"<p>O projeto conta com a seguinte equipe de profissionais pertencentes ao quadro do Curso de Arquitetura e Urbanismo da UNIFAP, servidores com Dedica\u00e7\u00e3o Exclusiva. PROFa COORDENADORA ME. MELISSA KIKUMI MATSUNAGA (Link para o curriculo lattes) Graduada em Arquitetura e Urbanismo pela Escola de Engenharia de S\u00e3o Carlos da Universidade de S\u00e3o Paulo \u2013 EESC-USP (2005)&#8230;<\/p>\n","protected":false},"author":1333,"featured_media":0,"parent":48,"menu_order":1,"comment_status":"open","ping_status":"open","template":"","meta":{"inline_featured_image":false,"ngg_post_thumbnail":0,"footnotes":""},"class_list":["post-76","page","type-page","status-publish","hentry","entry"],"_links":{"self":[{"href":"http:\/\/www2.unifap.br\/atau\/wp-json\/wp\/v2\/pages\/76","targetHints":{"allow":["GET"]}}],"collection":[{"href":"http:\/\/www2.unifap.br\/atau\/wp-json\/wp\/v2\/pages"}],"about":[{"href":"http:\/\/www2.unifap.br\/atau\/wp-json\/wp\/v2\/types\/page"}],"author":[{"embeddable":true,"href":"http:\/\/www2.unifap.br\/atau\/wp-json\/wp\/v2\/users\/1333"}],"replies":[{"embeddable":true,"href":"http:\/\/www2.unifap.br\/atau\/wp-json\/wp\/v2\/comments?post=76"}],"version-history":[{"count":2,"href":"http:\/\/www2.unifap.br\/atau\/wp-json\/wp\/v2\/pages\/76\/revisions"}],"predecessor-version":[{"id":81,"href":"http:\/\/www2.unifap.br\/atau\/wp-json\/wp\/v2\/pages\/76\/revisions\/81"}],"up":[{"embeddable":true,"href":"http:\/\/www2.unifap.br\/atau\/wp-json\/wp\/v2\/pages\/48"}],"wp:attachment":[{"href":"http:\/\/www2.unifap.br\/atau\/wp-json\/wp\/v2\/media?parent=76"}],"curies":[{"name":"wp","href":"https:\/\/api.w.org\/{rel}","templated":true}]}}