{"id":79,"date":"2017-05-25T19:16:58","date_gmt":"2017-05-25T19:16:58","guid":{"rendered":"http:\/\/www2.unifap.br\/atau\/?page_id=79"},"modified":"2019-10-03T16:52:56","modified_gmt":"2019-10-03T16:52:56","slug":"etapa2","status":"publish","type":"page","link":"http:\/\/www2.unifap.br\/atau\/sobre-2\/fase-mestre-oscar\/etapa2\/","title":{"rendered":"Etapa 2 &#8211; Eixo \u00e1reas particulares"},"content":{"rendered":"<p>A Etapa 2 do ATAU compreendeu a elabora\u00e7\u00e3o dos projetos de reforma das resid\u00eancias selecionadas. Tais projetos foram realizados em di\u00e1logo com os moradores de modo a atender seus desejos e necessidades para melhoria da casa.&nbsp;<\/p>\n<p>&nbsp;<\/p>\n<p>vers\u00e3o abril de 2018<\/p>\n<ol>\n<li><a href=\"http:\/\/www2.unifap.br\/atau\/files\/2018\/04\/ana-jarianejpg.jpg\"><img fetchpriority=\"high\" decoding=\"async\" class=\"alignnone size-medium wp-image-152\" src=\"http:\/\/www2.unifap.br\/atau\/files\/2018\/04\/ana-jarianejpg-300x225.jpg\" alt=\"ana jarianejpg\" width=\"300\" height=\"225\" srcset=\"http:\/\/www2.unifap.br\/atau\/files\/2018\/04\/ana-jarianejpg-300x225.jpg 300w, http:\/\/www2.unifap.br\/atau\/files\/2018\/04\/ana-jarianejpg.jpg 960w\" sizes=\"(max-width: 300px) 100vw, 300px\" \/><\/a><\/li>\n<li><a href=\"http:\/\/www2.unifap.br\/atau\/files\/2018\/04\/dona-maria.jpg\"><img decoding=\"async\" class=\"alignnone size-medium wp-image-160\" src=\"http:\/\/www2.unifap.br\/atau\/files\/2018\/04\/dona-maria-300x225.jpg\" alt=\"dona maria\" width=\"300\" height=\"225\" srcset=\"http:\/\/www2.unifap.br\/atau\/files\/2018\/04\/dona-maria-300x225.jpg 300w, http:\/\/www2.unifap.br\/atau\/files\/2018\/04\/dona-maria.jpg 960w\" sizes=\"(max-width: 300px) 100vw, 300px\" \/><\/a><\/li>\n<li><a href=\"http:\/\/www2.unifap.br\/atau\/files\/2018\/04\/vileni.jpg\"><img decoding=\"async\" class=\"alignnone size-medium wp-image-159\" src=\"http:\/\/www2.unifap.br\/atau\/files\/2018\/04\/vileni-300x225.jpg\" alt=\"vileni\" width=\"300\" height=\"225\" srcset=\"http:\/\/www2.unifap.br\/atau\/files\/2018\/04\/vileni-300x225.jpg 300w, http:\/\/www2.unifap.br\/atau\/files\/2018\/04\/vileni.jpg 960w\" sizes=\"(max-width: 300px) 100vw, 300px\" \/><\/a><\/li>\n<li><a href=\"http:\/\/www2.unifap.br\/atau\/files\/2018\/04\/suellen.jpg\"><img loading=\"lazy\" decoding=\"async\" class=\"alignnone size-medium wp-image-158\" src=\"http:\/\/www2.unifap.br\/atau\/files\/2018\/04\/suellen-300x225.jpg\" alt=\"suellen\" width=\"300\" height=\"225\" srcset=\"http:\/\/www2.unifap.br\/atau\/files\/2018\/04\/suellen-300x225.jpg 300w, http:\/\/www2.unifap.br\/atau\/files\/2018\/04\/suellen.jpg 960w\" sizes=\"(max-width: 300px) 100vw, 300px\" \/><\/a><\/li>\n<li><a href=\"http:\/\/www2.unifap.br\/atau\/files\/2018\/04\/maria-dos-anjos.jpg\"><img loading=\"lazy\" decoding=\"async\" class=\"alignnone size-medium wp-image-157\" src=\"http:\/\/www2.unifap.br\/atau\/files\/2018\/04\/maria-dos-anjos-300x225.jpg\" alt=\"maria dos anjos\" width=\"300\" height=\"225\" srcset=\"http:\/\/www2.unifap.br\/atau\/files\/2018\/04\/maria-dos-anjos-300x225.jpg 300w, http:\/\/www2.unifap.br\/atau\/files\/2018\/04\/maria-dos-anjos.jpg 960w\" sizes=\"(max-width: 300px) 100vw, 300px\" \/><\/a><\/li>\n<li><a href=\"http:\/\/www2.unifap.br\/atau\/files\/2018\/04\/leila.jpg\"><img loading=\"lazy\" decoding=\"async\" class=\"alignnone size-medium wp-image-156\" src=\"http:\/\/www2.unifap.br\/atau\/files\/2018\/04\/leila-300x225.jpg\" alt=\"leila\" width=\"300\" height=\"225\" srcset=\"http:\/\/www2.unifap.br\/atau\/files\/2018\/04\/leila-300x225.jpg 300w, http:\/\/www2.unifap.br\/atau\/files\/2018\/04\/leila.jpg 960w\" sizes=\"(max-width: 300px) 100vw, 300px\" \/><\/a><\/li>\n<li><a href=\"http:\/\/www2.unifap.br\/atau\/files\/2018\/04\/clenilda.jpg\"><img loading=\"lazy\" decoding=\"async\" class=\"alignnone size-medium wp-image-155\" src=\"http:\/\/www2.unifap.br\/atau\/files\/2018\/04\/clenilda-300x225.jpg\" alt=\"clenilda\" width=\"300\" height=\"225\" srcset=\"http:\/\/www2.unifap.br\/atau\/files\/2018\/04\/clenilda-300x225.jpg 300w, http:\/\/www2.unifap.br\/atau\/files\/2018\/04\/clenilda.jpg 960w\" sizes=\"(max-width: 300px) 100vw, 300px\" \/><\/a><\/li>\n<li><a href=\"http:\/\/www2.unifap.br\/atau\/files\/2018\/04\/charles.jpg\"><img loading=\"lazy\" decoding=\"async\" class=\"alignnone size-medium wp-image-154\" src=\"http:\/\/www2.unifap.br\/atau\/files\/2018\/04\/charles-300x225.jpg\" alt=\"charles\" width=\"300\" height=\"225\" srcset=\"http:\/\/www2.unifap.br\/atau\/files\/2018\/04\/charles-300x225.jpg 300w, http:\/\/www2.unifap.br\/atau\/files\/2018\/04\/charles.jpg 960w\" sizes=\"(max-width: 300px) 100vw, 300px\" \/><\/a><\/li>\n<\/ol>\n<p>vers\u00e3o abril de 2018<\/p>\n","protected":false},"excerpt":{"rendered":"<p>A Etapa 2 do ATAU compreendeu a elabora\u00e7\u00e3o dos projetos de reforma das resid\u00eancias selecionadas. Tais projetos foram realizados em di\u00e1logo com os moradores de modo a atender seus desejos e necessidades para melhoria da casa.&nbsp; &nbsp; vers\u00e3o abril de 2018 vers\u00e3o abril de 2018<\/p>\n","protected":false},"author":1333,"featured_media":0,"parent":198,"menu_order":3,"comment_status":"open","ping_status":"closed","template":"","meta":{"inline_featured_image":false,"ngg_post_thumbnail":0,"footnotes":""},"class_list":["post-79","page","type-page","status-publish","hentry","entry"],"_links":{"self":[{"href":"http:\/\/www2.unifap.br\/atau\/wp-json\/wp\/v2\/pages\/79","targetHints":{"allow":["GET"]}}],"collection":[{"href":"http:\/\/www2.unifap.br\/atau\/wp-json\/wp\/v2\/pages"}],"about":[{"href":"http:\/\/www2.unifap.br\/atau\/wp-json\/wp\/v2\/types\/page"}],"author":[{"embeddable":true,"href":"http:\/\/www2.unifap.br\/atau\/wp-json\/wp\/v2\/users\/1333"}],"replies":[{"embeddable":true,"href":"http:\/\/www2.unifap.br\/atau\/wp-json\/wp\/v2\/comments?post=79"}],"version-history":[{"count":7,"href":"http:\/\/www2.unifap.br\/atau\/wp-json\/wp\/v2\/pages\/79\/revisions"}],"predecessor-version":[{"id":178,"href":"http:\/\/www2.unifap.br\/atau\/wp-json\/wp\/v2\/pages\/79\/revisions\/178"}],"up":[{"embeddable":true,"href":"http:\/\/www2.unifap.br\/atau\/wp-json\/wp\/v2\/pages\/198"}],"wp:attachment":[{"href":"http:\/\/www2.unifap.br\/atau\/wp-json\/wp\/v2\/media?parent=79"}],"curies":[{"name":"wp","href":"https:\/\/api.w.org\/{rel}","templated":true}]}}