{"id":92,"date":"2017-05-25T19:30:03","date_gmt":"2017-05-25T19:30:03","guid":{"rendered":"http:\/\/www2.unifap.br\/atau\/?page_id=92"},"modified":"2022-09-09T09:54:33","modified_gmt":"2022-09-09T09:54:33","slug":"sobre-2","status":"publish","type":"page","link":"http:\/\/www2.unifap.br\/atau\/","title":{"rendered":"Projeto de Extens\u00e3o Assist\u00eancia T\u00e9cnica em Arquitetura e Urbanismo &#8211; ATAU"},"content":{"rendered":"\t\t<div data-elementor-type=\"wp-page\" data-elementor-id=\"92\" class=\"elementor elementor-92\">\n\t\t\t\t\t\t<section class=\"elementor-section elementor-top-section elementor-element elementor-element-04b1cb4 elementor-section-boxed elementor-section-height-default elementor-section-height-default\" data-id=\"04b1cb4\" data-element_type=\"section\" data-e-type=\"section\">\n\t\t\t\t\t\t<div class=\"elementor-container elementor-column-gap-default\">\n\t\t\t\t\t<div class=\"elementor-column elementor-col-100 elementor-top-column elementor-element elementor-element-2832f6c\" data-id=\"2832f6c\" data-element_type=\"column\" data-e-type=\"column\">\n\t\t\t<div class=\"elementor-widget-wrap\">\n\t\t\t\t\t\t\t<\/div>\n\t\t<\/div>\n\t\t\t\t\t<\/div>\n\t\t<\/section>\n\t\t\t\t<section class=\"elementor-section elementor-top-section elementor-element elementor-element-6bb6bc71 elementor-section-boxed elementor-section-height-default elementor-section-height-default\" data-id=\"6bb6bc71\" data-element_type=\"section\" data-e-type=\"section\">\n\t\t\t\t\t\t<div class=\"elementor-container elementor-column-gap-default\">\n\t\t\t\t\t<div class=\"elementor-column elementor-col-100 elementor-top-column elementor-element elementor-element-61603f7d\" data-id=\"61603f7d\" data-element_type=\"column\" data-e-type=\"column\">\n\t\t\t<div class=\"elementor-widget-wrap elementor-element-populated\">\n\t\t\t\t\t\t<div class=\"elementor-element elementor-element-50e5828 elementor-widget elementor-widget-text-editor\" data-id=\"50e5828\" data-element_type=\"widget\" data-e-type=\"widget\" data-widget_type=\"text-editor.default\">\n\t\t\t\t<div class=\"elementor-widget-container\">\n\t\t\t\t\t\t\t\t\t<p style=\"text-align: justify\">O Projeto de Extens\u00e3o Universit\u00e1ria \u201cAssist\u00eancia T\u00e9cnica em Arquitetura e Urbanismo\u201d (ATAU) tem o objetivo de prestar assessoria t\u00e9cnica a fam\u00edlias de baixa renda no bojo da Lei Federal No 11.888\/2008 que assegura o direito \u00e0 assist\u00eancia t\u00e9cnica p\u00fablica e gratuita para o projeto e constru\u00e7\u00e3o de habita\u00e7\u00e3o de interesse social como parte do direito \u00e0 moradia, conforme Art. 6 da Constitui\u00e7\u00e3o Federal de 1988.<\/p><p style=\"text-align: justify\">O projeto de extens\u00e3o conta com responsabilidade e orienta\u00e7\u00e3o t\u00e9cnica de docentes do Curso de Arquitetura e Urbanismo da UNIFAP e envolve estudantes numa atividade projetual vertical, ou seja, integrando acad\u00eamicos em est\u00e1gios diferentes do curso. Procura-se com a atividade uma aproxima\u00e7\u00e3o dos estudantes de arquitetura e urbanismo \u00e0 experi\u00eancia profissional al\u00e9m de atender fam\u00edlias de baixa renda que possuem direito \u00e0 assist\u00eancia t\u00e9cnica p\u00fablica e gratuita.<\/p><p style=\"text-align: justify\">O projeto \u00e9 viabilizado a partir do envolvimento dos acad\u00eamicos, sendo portanto imprescind\u00edvel a participa\u00e7\u00e3o dos mesmos em sua execu\u00e7\u00e3o. \u00c9 idealizado e coordenado pela Professora Melissa Kikumi Matsunaga.<\/p><p style=\"text-align: justify\"><a href=\"http:\/\/www2.unifap.br\/atau\/files\/2017\/05\/WhatsApp-Image-2017-02-18-at-12.40.40.jpeg\"><img fetchpriority=\"high\" decoding=\"async\" class=\"alignnone size-medium wp-image-129\" src=\"http:\/\/www2.unifap.br\/atau\/files\/2017\/05\/WhatsApp-Image-2017-02-18-at-12.40.40-300x225.jpeg\" alt=\"ATAU em campo 20170218\" width=\"300\" height=\"225\" srcset=\"http:\/\/www2.unifap.br\/atau\/files\/2017\/05\/WhatsApp-Image-2017-02-18-at-12.40.40-300x225.jpeg 300w, http:\/\/www2.unifap.br\/atau\/files\/2017\/05\/WhatsApp-Image-2017-02-18-at-12.40.40-1024x768.jpeg 1024w, http:\/\/www2.unifap.br\/atau\/files\/2017\/05\/WhatsApp-Image-2017-02-18-at-12.40.40.jpeg 1280w\" sizes=\"(max-width: 300px) 100vw, 300px\" \/><\/a><\/p><p>Foto: Filipe Barbosa, 2017.<\/p><div align=\"justify\"><a href=\"https:\/\/contador.s12.com.br\"><img decoding=\"async\" src=\"https:\/\/contador.s12.com.br\/img-ZDWxyby5A6wwA89x-57.gif\" alt=\"contador gratuito\" border=\"0\" \/><\/a><\/div>\t\t\t\t\t\t\t\t<\/div>\n\t\t\t\t<\/div>\n\t\t\t\t\t<\/div>\n\t\t<\/div>\n\t\t\t\t\t<\/div>\n\t\t<\/section>\n\t\t\t\t<\/div>\n\t\t","protected":false},"excerpt":{"rendered":"<p>O Projeto de Extens\u00e3o Universit\u00e1ria \u201cAssist\u00eancia T\u00e9cnica em Arquitetura e Urbanismo\u201d (ATAU) tem o objetivo de prestar assessoria t\u00e9cnica a fam\u00edlias de baixa renda no bojo da Lei Federal No 11.888\/2008 que assegura o direito \u00e0 assist\u00eancia t\u00e9cnica p\u00fablica e gratuita para o projeto e constru\u00e7\u00e3o de habita\u00e7\u00e3o de interesse social como parte do direito&#8230;<\/p>\n","protected":false},"author":1333,"featured_media":0,"parent":0,"menu_order":1,"comment_status":"open","ping_status":"open","template":"","meta":{"inline_featured_image":false,"ngg_post_thumbnail":0,"footnotes":""},"class_list":["post-92","page","type-page","status-publish","hentry","entry"],"_links":{"self":[{"href":"http:\/\/www2.unifap.br\/atau\/wp-json\/wp\/v2\/pages\/92","targetHints":{"allow":["GET"]}}],"collection":[{"href":"http:\/\/www2.unifap.br\/atau\/wp-json\/wp\/v2\/pages"}],"about":[{"href":"http:\/\/www2.unifap.br\/atau\/wp-json\/wp\/v2\/types\/page"}],"author":[{"embeddable":true,"href":"http:\/\/www2.unifap.br\/atau\/wp-json\/wp\/v2\/users\/1333"}],"replies":[{"embeddable":true,"href":"http:\/\/www2.unifap.br\/atau\/wp-json\/wp\/v2\/comments?post=92"}],"version-history":[{"count":23,"href":"http:\/\/www2.unifap.br\/atau\/wp-json\/wp\/v2\/pages\/92\/revisions"}],"predecessor-version":[{"id":447,"href":"http:\/\/www2.unifap.br\/atau\/wp-json\/wp\/v2\/pages\/92\/revisions\/447"}],"wp:attachment":[{"href":"http:\/\/www2.unifap.br\/atau\/wp-json\/wp\/v2\/media?parent=92"}],"curies":[{"name":"wp","href":"https:\/\/api.w.org\/{rel}","templated":true}]}}