{"id":116,"date":"2016-03-18T20:29:02","date_gmt":"2016-03-18T20:29:02","guid":{"rendered":"http:\/\/www2.unifap.br\/audint\/?page_id=116"},"modified":"2017-08-08T13:29:24","modified_gmt":"2017-08-08T13:29:24","slug":"2016-2","status":"publish","type":"page","link":"http:\/\/www2.unifap.br\/audint\/auditorias\/2017-2\/2016-2\/","title":{"rendered":"2017\/001 &#8211; Contratos com Funda\u00e7\u00f5es de Apoio e suas presta\u00e7\u00f5es de contas"},"content":{"rendered":"<h2><span style=\"color: #000000\"><a href=\"http:\/\/www2.unifap.br\/audint\/auditorias\/2017-2\/2016-2\/\">Relat\u00f3rio de Auditoria &#8211; Contratos com Funda\u00e7\u00f5es de Apoio e suas presta\u00e7\u00f5es de contas<\/a><\/span><\/h2>\n","protected":false},"excerpt":{"rendered":"<p>Relat\u00f3rio de Auditoria &#8211; Contratos com Funda\u00e7\u00f5es de Apoio e suas presta\u00e7\u00f5es de contas<\/p>\n","protected":false},"author":205,"featured_media":0,"parent":514,"menu_order":1,"comment_status":"closed","ping_status":"closed","template":"page-template-full.php","meta":{"inline_featured_image":false,"ngg_post_thumbnail":0,"footnotes":""},"class_list":["post-116","page","type-page","status-publish","hentry","entry"],"_links":{"self":[{"href":"http:\/\/www2.unifap.br\/audint\/wp-json\/wp\/v2\/pages\/116","targetHints":{"allow":["GET"]}}],"collection":[{"href":"http:\/\/www2.unifap.br\/audint\/wp-json\/wp\/v2\/pages"}],"about":[{"href":"http:\/\/www2.unifap.br\/audint\/wp-json\/wp\/v2\/types\/page"}],"author":[{"embeddable":true,"href":"http:\/\/www2.unifap.br\/audint\/wp-json\/wp\/v2\/users\/205"}],"replies":[{"embeddable":true,"href":"http:\/\/www2.unifap.br\/audint\/wp-json\/wp\/v2\/comments?post=116"}],"version-history":[{"count":9,"href":"http:\/\/www2.unifap.br\/audint\/wp-json\/wp\/v2\/pages\/116\/revisions"}],"predecessor-version":[{"id":522,"href":"http:\/\/www2.unifap.br\/audint\/wp-json\/wp\/v2\/pages\/116\/revisions\/522"}],"up":[{"embeddable":true,"href":"http:\/\/www2.unifap.br\/audint\/wp-json\/wp\/v2\/pages\/514"}],"wp:attachment":[{"href":"http:\/\/www2.unifap.br\/audint\/wp-json\/wp\/v2\/media?parent=116"}],"curies":[{"name":"wp","href":"https:\/\/api.w.org\/{rel}","templated":true}]}}