{"id":73,"date":"2016-03-17T18:15:57","date_gmt":"2016-03-17T18:15:57","guid":{"rendered":"http:\/\/www2.unifap.br\/audint\/?page_id=73"},"modified":"2026-03-23T14:32:49","modified_gmt":"2026-03-23T14:32:49","slug":"sobre-a-audint-2","status":"publish","type":"page","link":"http:\/\/www2.unifap.br\/audint\/sobre-a-audint-2\/","title":{"rendered":"SOBRE A AUDINT"},"content":{"rendered":"<h3>Equipe<\/h3>\n<p><strong>Davi de Ara\u00fajo Sampaio <\/strong><br \/>\nGraduado em Direito, doutor em Pol\u00edticas P\u00fablicas, mestre em Planejamento e Pol\u00edticas P\u00fablicas, especializa\u00e7\u00e3o em Advogacia Trabalhista e Direito Tribut\u00e1rio<br \/>\nE-mail: davi.sampaio@unifap.br<br \/>\nCurr\u00edculo Lattes <a href=\"https:\/\/lattes.cnpq.br\/2296887418821729\">https:\/\/lattes.cnpq.br\/2296887418821729<\/a><br \/>\nCargo: Auditor-chefe (Portaria n\u00ba 1394\/2024-Unifap)<\/p>\n<p><strong>Albertina Silva Pereira<\/strong><br \/>\nGraduada em Administra\u00e7\u00e3o, mestre em Pol\u00edticas P\u00fablicas<br \/>\nE-mail: <span style=\"font-weight: 400\">albertinasilva@unifap.br<\/span><br \/>\nCurr\u00edculo Lattes <a href=\"http:\/\/lattes.cnpq.br\/6341093353870150\">http:\/\/lattes.cnpq.br\/6341093353870150<\/a><br \/>\nCargo: Administradora (Substituta &#8211; Portaria n\u00ba 98\/2024-Unifap)<\/p>\n<p><strong>Izaura Caroline Oliveira da Silva Ferreira<\/strong><br \/>\nGraduada em Administra\u00e7\u00e3o, Graduada em Direito, mestranda em Pol\u00edticas P\u00fablicas e Gest\u00e3o da Educa\u00e7\u00e3o Superior, especializa\u00e7\u00e3o em Doc\u00eancia do Ensino Superior<br \/>\nE-mail: izaura.silva@unifap.br<br \/>\nCurr\u00edculo Lattes <a href=\"http:\/\/lattes.cnpq.br\/5336787942623258\" target=\"_blank\" rel=\"noopener\">http:\/\/lattes.cnpq.br\/5336787942623258<\/a><br \/>\nCargo: Administradora&nbsp;<\/p>\n<h3>Sobre a Audint<\/h3>\n<p>A Unidade de Auditoria Interna da Universidade Federal do Amap\u00e1 (AUDINT), criada atrav\u00e9s da Resolu\u00e7\u00e3o n\u00b0 020, de 20 de dezembro de 2001, \u00e9 uma unidade t\u00e9cnica de auditoria e assessoramento, que na estrutura organizacional da UNIFAP est\u00e1 vinculada ao Conselho Diretor (CONDIR) da Institui\u00e7\u00e3o e est\u00e1 sujeita \u00e0 orienta\u00e7\u00e3o normativa e supervis\u00e3o t\u00e9cnica do Sistema de Controle Interno do Poder Executivo Federal, nos termos do art. 15 do Decreto n\u00ba 3.591, de 6 de setembro de 2000.<\/p>\n<p>A AUDINT atua na terceira linha de defesa, prestando servi\u00e7os de avalia\u00e7\u00e3o e de consultoria com base nos pressupostos de autonomia t\u00e9cnica e de objetividade, utilizando um conjunto de procedimentos, tecnicamente normatizados, para o acompanhamento indireto de processos internos administrativos e avalia\u00e7\u00e3o de resultados.<\/p>\n<p>A Instru\u00e7\u00e3o Normativa n\u00ba 03\/2017 da CGU descreve que a Auditoria Interna Governamental \u00e9 uma atividade independente e objetiva de avalia\u00e7\u00e3o e de consultoria, desenhada para adicionar valor e melhorar as opera\u00e7\u00f5es de uma organiza\u00e7\u00e3o. Deve buscar auxiliar as organiza\u00e7\u00f5es p\u00fablicas a realizarem seus objetivos, a partir da aplica\u00e7\u00e3o de uma abordagem sistem\u00e1tica e disciplinada para avaliar e melhorar a efic\u00e1cia dos processos de governan\u00e7a, de gerenciamento de riscos e de controles internos e tem como prop\u00f3sito aumentar e proteger o valor organizacional das institui\u00e7\u00f5es p\u00fablicas, fornecendo avalia\u00e7\u00e3o, assessoria e aconselhamento baseados em risco.<\/p>\n<p>Neste sentido, a Unidade de Auditoria Interna na Universidade Federal do Amap\u00e1 presta atividade independente e tem por finalidade contribuir para o fortalecimento da gest\u00e3o, que consiste em agregar valor ao gerenciamento da a\u00e7\u00e3o governamental e examinar, relatar, orientar, acompanhar, de acordo com os preceitos legais e t\u00e9cnicos, observando os princ\u00edpios da economicidade, efic\u00e1cia e efici\u00eancia dos atos de gest\u00e3o, quanto ao cumprimento das metas, a execu\u00e7\u00e3o dos programas de governo e os or\u00e7amentos da Uni\u00e3o.<\/p>\n","protected":false},"excerpt":{"rendered":"<p>Equipe Davi de Ara\u00fajo Sampaio Graduado em Direito, doutor em Pol\u00edticas P\u00fablicas, mestre em Planejamento e Pol\u00edticas P\u00fablicas, especializa\u00e7\u00e3o em Advogacia Trabalhista e Direito Tribut\u00e1rio E-mail: davi.sampaio@unifap.br Curr\u00edculo Lattes https:\/\/lattes.cnpq.br\/2296887418821729 Cargo: Auditor-chefe (Portaria n\u00ba 1394\/2024-Unifap) Albertina Silva Pereira Graduada em Administra\u00e7\u00e3o, mestre em Pol\u00edticas P\u00fablicas E-mail: albertinasilva@unifap.br Curr\u00edculo Lattes http:\/\/lattes.cnpq.br\/6341093353870150 Cargo: Administradora (Substituta &#8211; Portaria&#8230;<\/p>\n","protected":false},"author":852,"featured_media":0,"parent":0,"menu_order":1,"comment_status":"closed","ping_status":"closed","template":"","meta":{"inline_featured_image":false,"ngg_post_thumbnail":0,"footnotes":""},"class_list":["post-73","page","type-page","status-publish","hentry","entry"],"_links":{"self":[{"href":"http:\/\/www2.unifap.br\/audint\/wp-json\/wp\/v2\/pages\/73","targetHints":{"allow":["GET"]}}],"collection":[{"href":"http:\/\/www2.unifap.br\/audint\/wp-json\/wp\/v2\/pages"}],"about":[{"href":"http:\/\/www2.unifap.br\/audint\/wp-json\/wp\/v2\/types\/page"}],"author":[{"embeddable":true,"href":"http:\/\/www2.unifap.br\/audint\/wp-json\/wp\/v2\/users\/852"}],"replies":[{"embeddable":true,"href":"http:\/\/www2.unifap.br\/audint\/wp-json\/wp\/v2\/comments?post=73"}],"version-history":[{"count":24,"href":"http:\/\/www2.unifap.br\/audint\/wp-json\/wp\/v2\/pages\/73\/revisions"}],"predecessor-version":[{"id":1820,"href":"http:\/\/www2.unifap.br\/audint\/wp-json\/wp\/v2\/pages\/73\/revisions\/1820"}],"wp:attachment":[{"href":"http:\/\/www2.unifap.br\/audint\/wp-json\/wp\/v2\/media?parent=73"}],"curies":[{"name":"wp","href":"https:\/\/api.w.org\/{rel}","templated":true}]}}