{"id":398,"date":"2013-09-09T10:09:16","date_gmt":"2013-09-09T13:09:16","guid":{"rendered":"http:\/\/www2.unifap.br\/biblioteca\/?page_id=398"},"modified":"2026-02-24T19:32:57","modified_gmt":"2026-02-24T22:32:57","slug":"ddpe","status":"publish","type":"page","link":"http:\/\/www2.unifap.br\/biblioteca\/institucional\/equipe\/ddpe\/","title":{"rendered":"DDPE"},"content":{"rendered":"\t\t<div data-elementor-type=\"wp-page\" data-elementor-id=\"398\" class=\"elementor elementor-398\">\n\t\t\t\t\t\t<section class=\"elementor-section elementor-top-section elementor-element elementor-element-2485843d elementor-section-boxed elementor-section-height-default elementor-section-height-default\" data-id=\"2485843d\" data-element_type=\"section\" data-e-type=\"section\">\n\t\t\t\t\t\t<div class=\"elementor-container elementor-column-gap-default\">\n\t\t\t\t\t<div class=\"elementor-column elementor-col-100 elementor-top-column elementor-element elementor-element-23d0b72e\" data-id=\"23d0b72e\" data-element_type=\"column\" data-e-type=\"column\">\n\t\t\t<div class=\"elementor-widget-wrap elementor-element-populated\">\n\t\t\t\t\t\t<div class=\"elementor-element elementor-element-4ab70836 elementor-widget elementor-widget-text-editor\" data-id=\"4ab70836\" data-element_type=\"widget\" data-e-type=\"widget\" data-widget_type=\"text-editor.default\">\n\t\t\t\t<div class=\"elementor-widget-container\">\n\t\t\t\t\t\t\t\t\t<p><b>DIVIS\u00c3O DE DOCUMENTA\u00c7\u00c3O E PROGRAMAS ESPECIAIS &#8211; DDPE &#8211; Contato pelo e-mail: ddpe@unifap.br<\/b><br><b>Chefe<\/b>: Luan Gomes.<br><b>Bibliotec\u00e1ria: <\/b>Aline Farias.<br><b>Bolsista<\/b>: Luciana Beatriz.<\/p>\t\t\t\t\t\t\t\t<\/div>\n\t\t\t\t<\/div>\n\t\t\t\t\t<\/div>\n\t\t<\/div>\n\t\t\t\t\t<\/div>\n\t\t<\/section>\n\t\t\t\t<\/div>\n\t\t","protected":false},"excerpt":{"rendered":"<p>DIVIS\u00c3O DE DOCUMENTA\u00c7\u00c3O E PROGRAMAS ESPECIAIS &#8211; DDPE &#8211; Contato pelo e-mail: ddpe@unifap.brChefe: Luan Gomes.Bibliotec\u00e1ria: Aline Farias.Bolsista: Luciana Beatriz.<\/p>\n","protected":false},"author":25,"featured_media":0,"parent":158,"menu_order":2,"comment_status":"closed","ping_status":"closed","template":"","meta":{"inline_featured_image":false,"ngg_post_thumbnail":0,"footnotes":""},"class_list":["post-398","page","type-page","status-publish","hentry","entry"],"_links":{"self":[{"href":"http:\/\/www2.unifap.br\/biblioteca\/wp-json\/wp\/v2\/pages\/398","targetHints":{"allow":["GET"]}}],"collection":[{"href":"http:\/\/www2.unifap.br\/biblioteca\/wp-json\/wp\/v2\/pages"}],"about":[{"href":"http:\/\/www2.unifap.br\/biblioteca\/wp-json\/wp\/v2\/types\/page"}],"author":[{"embeddable":true,"href":"http:\/\/www2.unifap.br\/biblioteca\/wp-json\/wp\/v2\/users\/25"}],"replies":[{"embeddable":true,"href":"http:\/\/www2.unifap.br\/biblioteca\/wp-json\/wp\/v2\/comments?post=398"}],"version-history":[{"count":57,"href":"http:\/\/www2.unifap.br\/biblioteca\/wp-json\/wp\/v2\/pages\/398\/revisions"}],"predecessor-version":[{"id":3223,"href":"http:\/\/www2.unifap.br\/biblioteca\/wp-json\/wp\/v2\/pages\/398\/revisions\/3223"}],"up":[{"embeddable":true,"href":"http:\/\/www2.unifap.br\/biblioteca\/wp-json\/wp\/v2\/pages\/158"}],"wp:attachment":[{"href":"http:\/\/www2.unifap.br\/biblioteca\/wp-json\/wp\/v2\/media?parent=398"}],"curies":[{"name":"wp","href":"https:\/\/api.w.org\/{rel}","templated":true}]}}