{"id":4,"date":"2009-05-26T15:05:55","date_gmt":"2009-05-26T18:05:55","guid":{"rendered":"http:\/\/pororoca.unifap.br\/biblioteca\/?page_id=4"},"modified":"2019-05-17T18:04:56","modified_gmt":"2019-05-17T21:04:56","slug":"historico","status":"publish","type":"page","link":"http:\/\/www2.unifap.br\/biblioteca\/institucional\/historico\/","title":{"rendered":"Hist\u00f3rico"},"content":{"rendered":"<h1>Em Constru\u00e7\u00e3o&#8230;<\/h1>\n<p>&nbsp;<\/p>\n","protected":false},"excerpt":{"rendered":"<p>Em Constru\u00e7\u00e3o&#8230; &nbsp;<\/p>\n","protected":false},"author":26,"featured_media":0,"parent":7,"menu_order":2,"comment_status":"closed","ping_status":"closed","template":"","meta":{"inline_featured_image":false,"ngg_post_thumbnail":0,"footnotes":""},"class_list":["post-4","page","type-page","status-publish","hentry","entry"],"_links":{"self":[{"href":"http:\/\/www2.unifap.br\/biblioteca\/wp-json\/wp\/v2\/pages\/4","targetHints":{"allow":["GET"]}}],"collection":[{"href":"http:\/\/www2.unifap.br\/biblioteca\/wp-json\/wp\/v2\/pages"}],"about":[{"href":"http:\/\/www2.unifap.br\/biblioteca\/wp-json\/wp\/v2\/types\/page"}],"author":[{"embeddable":true,"href":"http:\/\/www2.unifap.br\/biblioteca\/wp-json\/wp\/v2\/users\/26"}],"replies":[{"embeddable":true,"href":"http:\/\/www2.unifap.br\/biblioteca\/wp-json\/wp\/v2\/comments?post=4"}],"version-history":[{"count":5,"href":"http:\/\/www2.unifap.br\/biblioteca\/wp-json\/wp\/v2\/pages\/4\/revisions"}],"predecessor-version":[{"id":534,"href":"http:\/\/www2.unifap.br\/biblioteca\/wp-json\/wp\/v2\/pages\/4\/revisions\/534"}],"up":[{"embeddable":true,"href":"http:\/\/www2.unifap.br\/biblioteca\/wp-json\/wp\/v2\/pages\/7"}],"wp:attachment":[{"href":"http:\/\/www2.unifap.br\/biblioteca\/wp-json\/wp\/v2\/media?parent=4"}],"curies":[{"name":"wp","href":"https:\/\/api.w.org\/{rel}","templated":true}]}}