{"id":415,"date":"2011-12-12T18:38:46","date_gmt":"2011-12-12T21:38:46","guid":{"rendered":"http:\/\/www2.unifap.br\/biblioteca\/?page_id=415"},"modified":"2025-04-30T17:43:50","modified_gmt":"2025-04-30T20:43:50","slug":"dfpa","status":"publish","type":"page","link":"http:\/\/www2.unifap.br\/biblioteca\/institucional\/equipe\/dfpa\/","title":{"rendered":"DFPA"},"content":{"rendered":"\t\t<div data-elementor-type=\"wp-page\" data-elementor-id=\"415\" class=\"elementor elementor-415\">\n\t\t\t\t\t\t<section class=\"elementor-section elementor-top-section elementor-element elementor-element-1ef961bc elementor-section-boxed elementor-section-height-default elementor-section-height-default\" data-id=\"1ef961bc\" data-element_type=\"section\" data-e-type=\"section\">\n\t\t\t\t\t\t<div class=\"elementor-container elementor-column-gap-default\">\n\t\t\t\t\t<div class=\"elementor-column elementor-col-100 elementor-top-column elementor-element elementor-element-45298ebc\" data-id=\"45298ebc\" data-element_type=\"column\" data-e-type=\"column\">\n\t\t\t<div class=\"elementor-widget-wrap elementor-element-populated\">\n\t\t\t\t\t\t<div class=\"elementor-element elementor-element-7152f30 elementor-widget elementor-widget-text-editor\" data-id=\"7152f30\" data-element_type=\"widget\" data-e-type=\"widget\" data-widget_type=\"text-editor.default\">\n\t\t\t\t<div class=\"elementor-widget-container\">\n\t\t\t\t\t\t\t\t\t<p><b>DIVIS\u00c3O DE FORMA\u00c7\u00c3O E PROCESSAMENTO DO ACERVO &#8211; DFPA &#8211; Contato pelo e-mail: dfpa@unifap.br<\/b><br><b>Chefe<\/b>: Mara Patr\u00edcia Corr\u00eaa Garcia<br>Iradir Ferreira Maia<br><b>Bolsista<\/b>: Caroline<\/p>\t\t\t\t\t\t\t\t<\/div>\n\t\t\t\t<\/div>\n\t\t\t\t\t<\/div>\n\t\t<\/div>\n\t\t\t\t\t<\/div>\n\t\t<\/section>\n\t\t\t\t<\/div>\n\t\t","protected":false},"excerpt":{"rendered":"<p>DIVIS\u00c3O DE FORMA\u00c7\u00c3O E PROCESSAMENTO DO ACERVO &#8211; DFPA &#8211; Contato pelo e-mail: dfpa@unifap.brChefe: Mara Patr\u00edcia Corr\u00eaa GarciaIradir Ferreira MaiaBolsista: Caroline<\/p>\n","protected":false},"author":25,"featured_media":0,"parent":158,"menu_order":3,"comment_status":"closed","ping_status":"closed","template":"","meta":{"inline_featured_image":false,"ngg_post_thumbnail":0,"footnotes":""},"class_list":["post-415","page","type-page","status-publish","hentry","entry"],"_links":{"self":[{"href":"http:\/\/www2.unifap.br\/biblioteca\/wp-json\/wp\/v2\/pages\/415","targetHints":{"allow":["GET"]}}],"collection":[{"href":"http:\/\/www2.unifap.br\/biblioteca\/wp-json\/wp\/v2\/pages"}],"about":[{"href":"http:\/\/www2.unifap.br\/biblioteca\/wp-json\/wp\/v2\/types\/page"}],"author":[{"embeddable":true,"href":"http:\/\/www2.unifap.br\/biblioteca\/wp-json\/wp\/v2\/users\/25"}],"replies":[{"embeddable":true,"href":"http:\/\/www2.unifap.br\/biblioteca\/wp-json\/wp\/v2\/comments?post=415"}],"version-history":[{"count":35,"href":"http:\/\/www2.unifap.br\/biblioteca\/wp-json\/wp\/v2\/pages\/415\/revisions"}],"predecessor-version":[{"id":3164,"href":"http:\/\/www2.unifap.br\/biblioteca\/wp-json\/wp\/v2\/pages\/415\/revisions\/3164"}],"up":[{"embeddable":true,"href":"http:\/\/www2.unifap.br\/biblioteca\/wp-json\/wp\/v2\/pages\/158"}],"wp:attachment":[{"href":"http:\/\/www2.unifap.br\/biblioteca\/wp-json\/wp\/v2\/media?parent=415"}],"curies":[{"name":"wp","href":"https:\/\/api.w.org\/{rel}","templated":true}]}}