{"id":7,"date":"2009-05-26T15:07:46","date_gmt":"2009-05-26T18:07:46","guid":{"rendered":"http:\/\/pororoca.unifap.br\/biblioteca\/?page_id=7"},"modified":"2021-09-17T22:53:50","modified_gmt":"2021-09-18T01:53:50","slug":"institucional","status":"publish","type":"page","link":"http:\/\/www2.unifap.br\/biblioteca\/institucional\/","title":{"rendered":"ADMINISTRA\u00c7\u00c3O"},"content":{"rendered":"<p class=\"MsoNormal\" style=\"margin: 0cm 0cm 0pt;text-align: left\"><strong><span>A BIBLIOTECA CENTRAL<\/span><\/strong><span><br \/>\n<\/span><\/p>\n<p>A Biblioteca Central da UNIFAP \u00e9 \u00f3rg\u00e3o complementar de natureza cient\u00edfica, cultural e t\u00e9cnica.<\/p>\n<p>A Biblioteca Central ser\u00e1 dirigida por profissional d\u00e1 \u00e1rea de biblioteconomia.<br \/>\nA Biblioteca Central conta com um Conselho de Usu\u00e1rios, regulamentado pelo regimento espec\u00edfico.<br \/>\n\u00c0 Biblioteca Central compete:<\/p>\n<p>Prestar  informa\u00e7\u00f5es \u00e0 PROGRAD sobre suas necessidades para o plano de trabalho  anual e apresentar relat\u00f3rios de execu\u00e7\u00e3o de atividades;<\/p>\n<p>Organizar,  manter atualizado e divulgar o acervo bibliogr\u00e1fico e de audiovisual  sobre assuntos necess\u00e1rios aos programas de ensino, pesquisa e extens\u00e3o  da UNIFAP;<\/p>\n<p>Executar  servi\u00e7os bibliogr\u00e1ficos e fornecer informa\u00e7\u00f5es destinadas aos docentes,  discentes, pesquisadores e corpo t\u00e9cnico-administrativo, contribuindo  para o desenvolvimento das atividades fins da Universidade;<\/p>\n<p>Estabelecer e manter interc\u00e2mbio documental com pessoas e institui\u00e7\u00f5es ligadas aos interesses da UNIFAP;<\/p>\n<p>Desenvolver  programas de treinamento de usu\u00e1rios, com vistas a promover a  integra\u00e7\u00e3o entre a biblioteca e a comunidade universit\u00e1ria;<\/p>\n<p>Propor uma pol\u00edtica bibliotecon\u00f4mica \u00e0 Universidade;<\/p>\n<p>Proporcionar est\u00e1gios para os cursos oferecidos pela UNIFAP em \u00e1reas afins \u00e0s atividades da biblioteca.<\/p>\n<p>A Biblioteca Central disp\u00f5e das seguintes unidades de servi\u00e7os:<\/p>\n<p>Divis\u00e3o de Forma\u00e7\u00e3o e Processamento de Acervo;<\/p>\n<p>Divis\u00e3o de Documenta\u00e7\u00e3o e Programas Especiais;<\/p>\n<p>Divis\u00e3o de Informa\u00e7\u00f5es e Aux\u00edlio ao Usu\u00e1rio.<\/p>\n<p>&nbsp;<\/p>\n<p class=\"MsoNormal\" style=\"margin: 0cm 0cm 0pt;text-align: left\"><span>A Biblioteca Central da Universidade Federal do Amap\u00e1 \u00e9 uma unidade administrativa ligada \u00e0 Pr\u00f3-Reitoria de Ensino de Gradua\u00e7\u00e3o-PROGRAD, com estrutura organizacional composta por:<br \/>\n<strong><span>Dire\u00e7\u00e3o<\/span><\/strong><strong><br \/>\n<\/strong> Divis\u00e3o de Informa\u00e7\u00e3o e Aux\u00edlio ao Usu\u00e1rio<br \/>\nDivis\u00e3o de Forma\u00e7\u00e3o e Processamento do Acervo<br \/>\nDivis\u00e3o de Documenta\u00e7\u00e3o e Programas Especiais<\/span><\/p>\n<p class=\"MsoNormal\" style=\"margin: 0cm 0cm 0pt\">&nbsp;<\/p>\n<p class=\"MsoNormal\" style=\"margin: 0cm 0cm 0pt;text-align: center\"><span><strong>Organograma<\/strong><\/span><\/p>\n<p class=\"MsoNormal\" style=\"margin: 0cm 0cm 0pt\"><img fetchpriority=\"high\" decoding=\"async\" class=\"size-large wp-image-209 alignleft\" src=\"http:\/\/www2.unifap.br\/biblioteca\/files\/2009\/05\/imagem11-1024x326.jpg\" alt=\"imagem11\" width=\"506\" height=\"175\" \/><\/p>\n<p class=\"MsoNormal\" style=\"margin: 0cm 0cm 0pt;text-align: center\">&nbsp;<\/p>\n","protected":false},"excerpt":{"rendered":"<p>A BIBLIOTECA CENTRAL A Biblioteca Central da UNIFAP \u00e9 \u00f3rg\u00e3o complementar de natureza cient\u00edfica, cultural e t\u00e9cnica. A Biblioteca Central ser\u00e1 dirigida por profissional d\u00e1 \u00e1rea de biblioteconomia. A Biblioteca Central conta com um Conselho de Usu\u00e1rios, regulamentado pelo regimento espec\u00edfico. \u00c0 Biblioteca Central compete: Prestar informa\u00e7\u00f5es \u00e0 PROGRAD sobre suas necessidades para o plano&#8230;<\/p>\n","protected":false},"author":26,"featured_media":0,"parent":0,"menu_order":1,"comment_status":"closed","ping_status":"closed","template":"","meta":{"inline_featured_image":false,"ngg_post_thumbnail":0,"footnotes":""},"class_list":["post-7","page","type-page","status-publish","hentry","entry"],"_links":{"self":[{"href":"http:\/\/www2.unifap.br\/biblioteca\/wp-json\/wp\/v2\/pages\/7","targetHints":{"allow":["GET"]}}],"collection":[{"href":"http:\/\/www2.unifap.br\/biblioteca\/wp-json\/wp\/v2\/pages"}],"about":[{"href":"http:\/\/www2.unifap.br\/biblioteca\/wp-json\/wp\/v2\/types\/page"}],"author":[{"embeddable":true,"href":"http:\/\/www2.unifap.br\/biblioteca\/wp-json\/wp\/v2\/users\/26"}],"replies":[{"embeddable":true,"href":"http:\/\/www2.unifap.br\/biblioteca\/wp-json\/wp\/v2\/comments?post=7"}],"version-history":[{"count":7,"href":"http:\/\/www2.unifap.br\/biblioteca\/wp-json\/wp\/v2\/pages\/7\/revisions"}],"predecessor-version":[{"id":2279,"href":"http:\/\/www2.unifap.br\/biblioteca\/wp-json\/wp\/v2\/pages\/7\/revisions\/2279"}],"wp:attachment":[{"href":"http:\/\/www2.unifap.br\/biblioteca\/wp-json\/wp\/v2\/media?parent=7"}],"curies":[{"name":"wp","href":"https:\/\/api.w.org\/{rel}","templated":true}]}}