{"id":30,"date":"2009-05-22T10:24:49","date_gmt":"2009-05-22T13:24:49","guid":{"rendered":"http:\/\/pororoca.unifap.br\/biologia\/?page_id=30"},"modified":"2015-03-18T12:54:54","modified_gmt":"2015-03-18T12:54:54","slug":"artrolab","status":"publish","type":"page","link":"http:\/\/www2.unifap.br\/biologia\/laboratorios\/artrolab\/","title":{"rendered":"ARTROLAB"},"content":{"rendered":"<p><a href=\"http:\/\/www2.unifap.br\/biologia\/files\/2009\/05\/logo2.jpg\"><img fetchpriority=\"high\" decoding=\"async\" class=\"wp-image-1474 alignleft\" alt=\"logo2\" src=\"http:\/\/www2.unifap.br\/biologia\/files\/2009\/05\/logo2.jpg\" width=\"289\" height=\"218\" srcset=\"http:\/\/www2.unifap.br\/biologia\/files\/2009\/05\/logo2.jpg 590w, http:\/\/www2.unifap.br\/biologia\/files\/2009\/05\/logo2-300x226.jpg 300w, http:\/\/www2.unifap.br\/biologia\/files\/2009\/05\/logo2-198x150.jpg 198w\" sizes=\"(max-width: 289px) 100vw, 289px\" \/><\/a>O Laborat\u00f3rio de Arthropoda est\u00e1 subordinado a Coordena\u00e7\u00e3o de Ci\u00eancias Biol\u00f3gicas, Departamento de Ci\u00eancias Biol\u00f3gicas e da Sa\u00fade da UNIFAP. Possui o Grupo de Pesquisa <i>Taxonomia e Bioecologia de insetos de import\u00e2ncia M\u00e9dica e Forense <\/i>cadastrado no diret\u00f3rio dos grupos de Pesquisa do Brasil CNPq\/Lattes integrado com grupos do Brasil e do exterior que desenvolvem estudos taxon\u00f4micos, bioecol\u00f3gicos e biogeogr\u00e1ficos de esp\u00e9cies de Insecta e de Aracnida com import\u00e2ncia no \u00e2mbito da Entomologia M\u00e9dica, Forense, Urbana e Geral.<strong><\/strong><\/p>\n<p>Visite nosso blog:\u00a0<a href=\"http:\/\/www2.unifap.br\/arthrolab\/\">www2.unifap.br\/arthrolab\/<\/a><\/p>\n<p>&nbsp;<\/p>\n","protected":false},"excerpt":{"rendered":"<p>O Laborat\u00f3rio de Arthropoda est\u00e1 subordinado a Coordena\u00e7\u00e3o de Ci\u00eancias Biol\u00f3gicas, Departamento de Ci\u00eancias Biol\u00f3gicas e da Sa\u00fade da UNIFAP. Possui o Grupo de Pesquisa Taxonomia e Bioecologia de insetos de import\u00e2ncia M\u00e9dica e Forense cadastrado no diret\u00f3rio dos grupos de Pesquisa do Brasil CNPq\/Lattes integrado com grupos do Brasil e do exterior que desenvolvem&#8230;<\/p>\n","protected":false},"author":58,"featured_media":0,"parent":24,"menu_order":0,"comment_status":"closed","ping_status":"closed","template":"template-twocolumns-left.php","meta":{"inline_featured_image":false,"site-sidebar-layout":"default","site-content-layout":"","ast-site-content-layout":"default","site-content-style":"default","site-sidebar-style":"default","ast-global-header-display":"","ast-banner-title-visibility":"","ast-main-header-display":"","ast-hfb-above-header-display":"","ast-hfb-below-header-display":"","ast-hfb-mobile-header-display":"","site-post-title":"","ast-breadcrumbs-content":"","ast-featured-img":"","footer-sml-layout":"","theme-transparent-header-meta":"","adv-header-id-meta":"","stick-header-meta":"","header-above-stick-meta":"","header-main-stick-meta":"","header-below-stick-meta":"","astra-migrate-meta-layouts":"default","ast-page-background-enabled":"default","ast-page-background-meta":{"desktop":{"background-color":"var(--ast-global-color-4)","background-image":"","background-repeat":"repeat","background-position":"center center","background-size":"auto","background-attachment":"scroll","background-type":"","background-media":"","overlay-type":"","overlay-color":"","overlay-opacity":"","overlay-gradient":""},"tablet":{"background-color":"","background-image":"","background-repeat":"repeat","background-position":"center center","background-size":"auto","background-attachment":"scroll","background-type":"","background-media":"","overlay-type":"","overlay-color":"","overlay-opacity":"","overlay-gradient":""},"mobile":{"background-color":"","background-image":"","background-repeat":"repeat","background-position":"center center","background-size":"auto","background-attachment":"scroll","background-type":"","background-media":"","overlay-type":"","overlay-color":"","overlay-opacity":"","overlay-gradient":""}},"ast-content-background-meta":{"desktop":{"background-color":"var(--ast-global-color-5)","background-image":"","background-repeat":"repeat","background-position":"center center","background-size":"auto","background-attachment":"scroll","background-type":"","background-media":"","overlay-type":"","overlay-color":"","overlay-opacity":"","overlay-gradient":""},"tablet":{"background-color":"var(--ast-global-color-5)","background-image":"","background-repeat":"repeat","background-position":"center center","background-size":"auto","background-attachment":"scroll","background-type":"","background-media":"","overlay-type":"","overlay-color":"","overlay-opacity":"","overlay-gradient":""},"mobile":{"background-color":"var(--ast-global-color-5)","background-image":"","background-repeat":"repeat","background-position":"center center","background-size":"auto","background-attachment":"scroll","background-type":"","background-media":"","overlay-type":"","overlay-color":"","overlay-opacity":"","overlay-gradient":""}},"ngg_post_thumbnail":0,"footnotes":""},"class_list":["post-30","page","type-page","status-publish","hentry"],"_links":{"self":[{"href":"http:\/\/www2.unifap.br\/biologia\/wp-json\/wp\/v2\/pages\/30","targetHints":{"allow":["GET"]}}],"collection":[{"href":"http:\/\/www2.unifap.br\/biologia\/wp-json\/wp\/v2\/pages"}],"about":[{"href":"http:\/\/www2.unifap.br\/biologia\/wp-json\/wp\/v2\/types\/page"}],"author":[{"embeddable":true,"href":"http:\/\/www2.unifap.br\/biologia\/wp-json\/wp\/v2\/users\/58"}],"replies":[{"embeddable":true,"href":"http:\/\/www2.unifap.br\/biologia\/wp-json\/wp\/v2\/comments?post=30"}],"version-history":[{"count":8,"href":"http:\/\/www2.unifap.br\/biologia\/wp-json\/wp\/v2\/pages\/30\/revisions"}],"predecessor-version":[{"id":1476,"href":"http:\/\/www2.unifap.br\/biologia\/wp-json\/wp\/v2\/pages\/30\/revisions\/1476"}],"up":[{"embeddable":true,"href":"http:\/\/www2.unifap.br\/biologia\/wp-json\/wp\/v2\/pages\/24"}],"wp:attachment":[{"href":"http:\/\/www2.unifap.br\/biologia\/wp-json\/wp\/v2\/media?parent=30"}],"curies":[{"name":"wp","href":"https:\/\/api.w.org\/{rel}","templated":true}]}}