{"id":750,"date":"2013-11-21T13:38:58","date_gmt":"2013-11-21T13:38:58","guid":{"rendered":"http:\/\/www2.unifap.br\/biologia\/?page_id=750"},"modified":"2017-02-15T17:52:02","modified_gmt":"2017-02-15T17:52:02","slug":"documentos-parfor","status":"publish","type":"page","link":"http:\/\/www2.unifap.br\/biologia\/plataforma-freire-biologia\/documentos-parfor\/","title":{"rendered":"Documentos ParFor"},"content":{"rendered":"<p><a href=\"http:\/\/www2.unifap.br\/biologia\/files\/2013\/11\/Normatiza\u00e7\u00e3o-ACC-PARFOR.docx\">Normatiza\u00e7\u00e3o ACC<\/a><\/p>\n<p><a href=\"http:\/\/www2.unifap.br\/biologia\/files\/2013\/11\/Regulamento-Est\u00e1gio-Supervisionado-PARFOR.docx\">Regulamento de Est\u00e1gio Supervisionado<\/a><\/p>\n<p><a href=\"http:\/\/www2.unifap.br\/biologia\/files\/2013\/11\/Regulamento-TCC-PARFOR.docx\">Regulamento de TCC<\/a><\/p>\n<p><a href=\"http:\/\/www2.unifap.br\/biologia\/files\/2013\/11\/Disciplinas-Depend\u00eancia.docx\">Disciplinas Pendentes<\/a><\/p>\n<p><a href=\"http:\/\/www2.unifap.br\/biologia\/files\/2009\/12\/PPC-PARFOR.pdf\">PPC &#8211; PARFOR<\/a><\/p>\n<p><a href=\"http:\/\/www2.unifap.br\/biologia\/files\/2016\/07\/PPC-Ap\u00eandice1.pdf\">PPC &#8211; Ap\u00eandice<\/a><\/p>\n","protected":false},"excerpt":{"rendered":"<p>Normatiza\u00e7\u00e3o ACC Regulamento de Est\u00e1gio Supervisionado Regulamento de TCC Disciplinas Pendentes PPC &#8211; PARFOR PPC &#8211; Ap\u00eandice<\/p>\n","protected":false},"author":142,"featured_media":0,"parent":364,"menu_order":0,"comment_status":"open","ping_status":"open","template":"","meta":{"inline_featured_image":false,"site-sidebar-layout":"default","site-content-layout":"","ast-site-content-layout":"default","site-content-style":"default","site-sidebar-style":"default","ast-global-header-display":"","ast-banner-title-visibility":"","ast-main-header-display":"","ast-hfb-above-header-display":"","ast-hfb-below-header-display":"","ast-hfb-mobile-header-display":"","site-post-title":"","ast-breadcrumbs-content":"","ast-featured-img":"","footer-sml-layout":"","theme-transparent-header-meta":"","adv-header-id-meta":"","stick-header-meta":"","header-above-stick-meta":"","header-main-stick-meta":"","header-below-stick-meta":"","astra-migrate-meta-layouts":"default","ast-page-background-enabled":"default","ast-page-background-meta":{"desktop":{"background-color":"var(--ast-global-color-4)","background-image":"","background-repeat":"repeat","background-position":"center center","background-size":"auto","background-attachment":"scroll","background-type":"","background-media":"","overlay-type":"","overlay-color":"","overlay-opacity":"","overlay-gradient":""},"tablet":{"background-color":"","background-image":"","background-repeat":"repeat","background-position":"center center","background-size":"auto","background-attachment":"scroll","background-type":"","background-media":"","overlay-type":"","overlay-color":"","overlay-opacity":"","overlay-gradient":""},"mobile":{"background-color":"","background-image":"","background-repeat":"repeat","background-position":"center center","background-size":"auto","background-attachment":"scroll","background-type":"","background-media":"","overlay-type":"","overlay-color":"","overlay-opacity":"","overlay-gradient":""}},"ast-content-background-meta":{"desktop":{"background-color":"var(--ast-global-color-5)","background-image":"","background-repeat":"repeat","background-position":"center center","background-size":"auto","background-attachment":"scroll","background-type":"","background-media":"","overlay-type":"","overlay-color":"","overlay-opacity":"","overlay-gradient":""},"tablet":{"background-color":"var(--ast-global-color-5)","background-image":"","background-repeat":"repeat","background-position":"center center","background-size":"auto","background-attachment":"scroll","background-type":"","background-media":"","overlay-type":"","overlay-color":"","overlay-opacity":"","overlay-gradient":""},"mobile":{"background-color":"var(--ast-global-color-5)","background-image":"","background-repeat":"repeat","background-position":"center center","background-size":"auto","background-attachment":"scroll","background-type":"","background-media":"","overlay-type":"","overlay-color":"","overlay-opacity":"","overlay-gradient":""}},"ngg_post_thumbnail":0,"footnotes":""},"class_list":["post-750","page","type-page","status-publish","hentry"],"_links":{"self":[{"href":"http:\/\/www2.unifap.br\/biologia\/wp-json\/wp\/v2\/pages\/750","targetHints":{"allow":["GET"]}}],"collection":[{"href":"http:\/\/www2.unifap.br\/biologia\/wp-json\/wp\/v2\/pages"}],"about":[{"href":"http:\/\/www2.unifap.br\/biologia\/wp-json\/wp\/v2\/types\/page"}],"author":[{"embeddable":true,"href":"http:\/\/www2.unifap.br\/biologia\/wp-json\/wp\/v2\/users\/142"}],"replies":[{"embeddable":true,"href":"http:\/\/www2.unifap.br\/biologia\/wp-json\/wp\/v2\/comments?post=750"}],"version-history":[{"count":3,"href":"http:\/\/www2.unifap.br\/biologia\/wp-json\/wp\/v2\/pages\/750\/revisions"}],"predecessor-version":[{"id":1829,"href":"http:\/\/www2.unifap.br\/biologia\/wp-json\/wp\/v2\/pages\/750\/revisions\/1829"}],"up":[{"embeddable":true,"href":"http:\/\/www2.unifap.br\/biologia\/wp-json\/wp\/v2\/pages\/364"}],"wp:attachment":[{"href":"http:\/\/www2.unifap.br\/biologia\/wp-json\/wp\/v2\/media?parent=750"}],"curies":[{"name":"wp","href":"https:\/\/api.w.org\/{rel}","templated":true}]}}