{"id":1307,"date":"2017-03-06T18:24:23","date_gmt":"2017-03-06T18:24:23","guid":{"rendered":"http:\/\/www2.unifap.br\/cambientais\/?page_id=1307"},"modified":"2025-01-06T13:21:18","modified_gmt":"2025-01-06T13:21:18","slug":"tcc-turma-2011","status":"publish","type":"page","link":"http:\/\/www2.unifap.br\/cambientais\/biblioteca-de-dissertacoes-e-teses\/tcc\/tcc-turma-2011\/","title":{"rendered":"TCC &#8211; Turma 2011"},"content":{"rendered":"\t\t<div data-elementor-type=\"wp-page\" data-elementor-id=\"1307\" class=\"elementor elementor-1307\">\n\t\t\t\t\t\t<section class=\"elementor-section elementor-top-section elementor-element elementor-element-3df1c4e2 elementor-section-boxed elementor-section-height-default elementor-section-height-default\" data-id=\"3df1c4e2\" data-element_type=\"section\" data-e-type=\"section\">\n\t\t\t\t\t\t<div class=\"elementor-container elementor-column-gap-default\">\n\t\t\t\t\t<div class=\"elementor-column elementor-col-100 elementor-top-column elementor-element elementor-element-10b19976\" data-id=\"10b19976\" data-element_type=\"column\" data-e-type=\"column\">\n\t\t\t<div class=\"elementor-widget-wrap elementor-element-populated\">\n\t\t\t\t\t\t<div class=\"elementor-element elementor-element-fe62ac4 elementor-widget elementor-widget-text-editor\" data-id=\"fe62ac4\" data-element_type=\"widget\" data-e-type=\"widget\" data-widget_type=\"text-editor.default\">\n\t\t\t\t<div class=\"elementor-widget-container\">\n\t\t\t\t\t\t\t\t\t<p>(Para fazer o download do TCC, clique no nome do autor)<\/p><p><a href=\"http:\/\/www2.unifap.br\/cambientais\/files\/2017\/03\/TCC-BRENDA-BARBOSA-2011.pdf\">BRENDA LET\u00cdCIA BARBOSA DE SOUSA<\/a>:\u00a0QUALIDADE DA \u00c1GUA DE ABASTECIMENTO P\u00daBLICO DAS POPULA\u00c7\u00d5ES DA ZONA URBANA DE MACAP\u00c1 \u2013 AP<\/p><p><a href=\"http:\/\/www2.unifap.br\/cambientais\/files\/2025\/01\/Carla_TCC-PARA-COORDENACAO.pdf\"><span style=\"color: #000000\">CARLA LUCILETE SILVA AGUIAR<\/span><\/a> &#8211;\u00a0 AN\u00c1LISE DOS PLANOS DE REMEDIA\u00c7\u00c3O DO ANTIGO LIX\u00c3O DO MUNIC\u00cdPIO DE SANTANA, ESTADO DO AMAP\u00c1.<\/p><p><a href=\"http:\/\/www2.unifap.br\/cambientais\/files\/2017\/03\/TCC-DANIELA-CONCEI\u00c7\u00c3O-2011.pdf\">DANIELA CONCEI\u00c7\u00c3O DE JESUS SOUZA<\/a>\u00a0&#8211;\u00a0DESENVOLVIMENTO VEGETATIVO E AC\u00daMULO DE NUTRIENTES EM LEGUMINOSAS.<\/p><p><a href=\"http:\/\/www2.unifap.br\/cambientais\/files\/2017\/03\/TCC-JONAS-CAMPOS-2011.pdf\">JONAS SILVA CAMPOS<\/a>\u00a0&#8211; BALNEABILIDADE E QUALIDADE AMBIENTAL DO BALNE\u00c1RIO DA FAZENDINHA, MACAP\u00c1-AP.<\/p><p><a href=\"http:\/\/www2.unifap.br\/cambientais\/files\/2017\/03\/TCC-LUIZ-CARLOS-DA-SILVA-ARA\u00daJO.pdf\">LUIZ CARLOS DA SILVA ARA\u00daJO<\/a>:\u00a0APLICABILIDADE DO PPRA EM EMPRESA P\u00daBLICA: ESTUDO DE CASO NA COMPANHIA DE \u00c1GUA E ESGOTO DO AMAP\u00c1-CAESA.<\/p><p><a href=\"http:\/\/www2.unifap.br\/cambientais\/files\/2017\/03\/TCC-MARCUS-FURTADO-2011.pdf\">MARCUS FURTADO DA SILVA<\/a>:\u00a0INTERDISCIPLINARIDADE NA PR\u00c1TICA DA EDUCA\u00c7\u00c3O AMBIENTAL NA ESCOLA ESTADUAL SANTINA RIOLI, AMAP\u00c1, BRASIL.<\/p><p><a href=\"http:\/\/www2.unifap.br\/cambientais\/files\/2017\/03\/TCC-PATRICIA-SOUSA-2011.pdf\">PATR\u00cdCIA SOUSA DA SILVA<\/a>\u00a0&#8211; CONCEP\u00c7\u00d5ES E PR\u00c1TICAS EM EDUCA\u00c7\u00c3O AMBIENTAL NO ENSINO\u00a0FUNDAMENTAL P\u00daBLICO DE MACAP\u00c1-AP: ESTUDO DE CASO NA EEEF MARIA BERNADETE ALMEIDA DO NASCIMENTO.<\/p><p><a href=\"http:\/\/www2.unifap.br\/cambientais\/files\/2017\/03\/TCC-RANIELLY-BARBOSA-2011.pdf\">RANIELLY COUTINHO BARBOSA<\/a>\u00a0&#8211; ESTUDO DO POTENCIAL DA PRODU\u00c7\u00c3O DE \u00d3LEO DE ANDIROBA (Carapa Guianensis Aubl.) NA FLORESTA NACIONAL DO AMAP\u00c1: ASPECTOS ECOL\u00d3GICO, ECON\u00d4MICO E SOCIAL.<\/p><p>AN\u00c1LISE DOS PLANOS DE REMEDIA\u00c7\u00c3O DO ANTIGO LIX\u00c3O DO MUNIC\u00cdPIO DE SANTANA, ESTADO DO AMAP\u00c1 <\/p>\t\t\t\t\t\t\t\t<\/div>\n\t\t\t\t<\/div>\n\t\t\t\t\t<\/div>\n\t\t<\/div>\n\t\t\t\t\t<\/div>\n\t\t<\/section>\n\t\t\t\t<\/div>\n\t\t","protected":false},"excerpt":{"rendered":"<p>(Para fazer o download do TCC, clique no nome do autor) BRENDA LET\u00cdCIA BARBOSA DE SOUSA:\u00a0QUALIDADE DA \u00c1GUA DE ABASTECIMENTO P\u00daBLICO DAS POPULA\u00c7\u00d5ES DA ZONA URBANA DE MACAP\u00c1 \u2013 AP CARLA LUCILETE SILVA AGUIAR &#8211;\u00a0 AN\u00c1LISE DOS PLANOS DE REMEDIA\u00c7\u00c3O DO ANTIGO LIX\u00c3O DO MUNIC\u00cdPIO DE SANTANA, ESTADO DO AMAP\u00c1. \u2026 <a class=\"continue-reading-link\" href=\"http:\/\/www2.unifap.br\/cambientais\/biblioteca-de-dissertacoes-e-teses\/tcc\/tcc-turma-2011\/\"> Continue Lendo <span class=\"meta-nav\">&rarr; <\/span><\/a><\/p>\n","protected":false},"author":918,"featured_media":0,"parent":503,"menu_order":0,"comment_status":"open","ping_status":"open","template":"","meta":{"inline_featured_image":false,"ngg_post_thumbnail":0,"footnotes":""},"class_list":["post-1307","page","type-page","status-publish","hentry"],"_links":{"self":[{"href":"http:\/\/www2.unifap.br\/cambientais\/wp-json\/wp\/v2\/pages\/1307","targetHints":{"allow":["GET"]}}],"collection":[{"href":"http:\/\/www2.unifap.br\/cambientais\/wp-json\/wp\/v2\/pages"}],"about":[{"href":"http:\/\/www2.unifap.br\/cambientais\/wp-json\/wp\/v2\/types\/page"}],"author":[{"embeddable":true,"href":"http:\/\/www2.unifap.br\/cambientais\/wp-json\/wp\/v2\/users\/918"}],"replies":[{"embeddable":true,"href":"http:\/\/www2.unifap.br\/cambientais\/wp-json\/wp\/v2\/comments?post=1307"}],"version-history":[{"count":9,"href":"http:\/\/www2.unifap.br\/cambientais\/wp-json\/wp\/v2\/pages\/1307\/revisions"}],"predecessor-version":[{"id":4600,"href":"http:\/\/www2.unifap.br\/cambientais\/wp-json\/wp\/v2\/pages\/1307\/revisions\/4600"}],"up":[{"embeddable":true,"href":"http:\/\/www2.unifap.br\/cambientais\/wp-json\/wp\/v2\/pages\/503"}],"wp:attachment":[{"href":"http:\/\/www2.unifap.br\/cambientais\/wp-json\/wp\/v2\/media?parent=1307"}],"curies":[{"name":"wp","href":"https:\/\/api.w.org\/{rel}","templated":true}]}}