{"id":1316,"date":"2017-03-06T18:47:52","date_gmt":"2017-03-06T18:47:52","guid":{"rendered":"http:\/\/www2.unifap.br\/cambientais\/?page_id=1316"},"modified":"2018-04-24T12:47:02","modified_gmt":"2018-04-24T12:47:02","slug":"tcc-turma-2012","status":"publish","type":"page","link":"http:\/\/www2.unifap.br\/cambientais\/biblioteca-de-dissertacoes-e-teses\/tcc\/tcc-turma-2012\/","title":{"rendered":"TCC &#8211; Turma 2012"},"content":{"rendered":"<p>(Para fazer o download do TCC, clique no nome do autor)<\/p>\n<p><a href=\"http:\/\/www2.unifap.br\/cambientais\/files\/2017\/03\/TCC_BRUNO-IMAR-2012.pdf\">BRUNO IMAR FONSECA NUNES<\/a>:\u00a0COMPOSI\u00c7\u00c3O FLOR\u00cdSTICA E FITOSSOCIOL\u00d3GIA EM MATA DE IGAP\u00d3 NA FLORESTA NACIONAL DO AMAP\u00c1.<\/p>\n<p><a href=\"http:\/\/www2.unifap.br\/cambientais\/files\/2017\/03\/TCC-Carlos-Henrique-2012.pdf\">CARLOS HENRIQUE DA SILVA TEIXEIRA<\/a>:\u00a0AVALIA\u00c7\u00c3O DO PROCEDIMENTO DE LICENCIAMENTO AMBIENTAL DO CULTIVO DE SOJA NO AMAP\u00c1 A PARTIR DA PERCEP\u00c7\u00c3O DOS PRINCIPAIS ATORES ENVOLVIDOS.<\/p>\n<p><a href=\"http:\/\/www2.unifap.br\/cambientais\/files\/2017\/03\/TCC_Elenildo-Luz-Silva-2012.pdf\">ELENILDO DA LUZ SILVA<\/a>\u00a0&#8211; PROPOSTA DO M\u00c9TODO DE VALORA\u00c7\u00c3O AMBIENTAL PARA O PARQUE<br \/>\nNACIONAL MONTANHAS DO TUMUCUMAQUE NO AMAP\u00c1.<\/p>\n<p><a href=\"http:\/\/www2.unifap.br\/cambientais\/files\/2017\/03\/TCC-JORGE_MIGUEL_BRITO_SALOM\u00c3O.pdf\">JORGE MIGUEL BRITO SALOM\u00c3O<\/a>:\u00a0COMPOSI\u00c7\u00c3O FLOR\u00cdSTICA E ESTRUTURA EM FLORESTA DE BAIXIO DE\u00a0TERRA FIRME NA FLORESTA NACIONAL DO AMAP\u00c1.<\/p>\n<p><a href=\"http:\/\/www2.unifap.br\/cambientais\/files\/2017\/03\/TCC_Jos\u00e9-Felix-2012.pdf\">JOS\u00c9 DA COSTA FELIX NETO<\/a>\u00a0&#8211; IMPACTOS DE VARIA\u00c7\u00d5ES HIDROCLIM\u00c1TICAS DE CURTO PRAZO NO PADR\u00c3O HIDRODIN\u00c2MICO EM RIO DE ESTU\u00c1RIO AMAZ\u00d4NICO, AMAP\u00c1-BRASIL.<\/p>\n<p><a href=\"http:\/\/www2.unifap.br\/cambientais\/files\/2017\/03\/TCC-JOSE_DOUGLAS_MONTEIRO_DA_COSTA.pdf\">JOS\u00c9 DOUGLAS MONTEIRO DA COSTA<\/a>:\u00a0AVALIA\u00c7\u00c3O DA DIN\u00c2MICA DO DESFLORESTAMENTO LEGAL NO ESTADO DO AMAP\u00c1 COM A UTILIZA\u00c7\u00c3O DE GEOTECNOLOGIAS.<\/p>\n<p><a href=\"http:\/\/www2.unifap.br\/cambientais\/files\/2017\/03\/TCC-EVELLYN-FA\u00c7ANHA-2012.pdf\">EVELLYN BRITO FA\u00c7ANHA<\/a>\u00a0&#8211; AVALIA\u00c7\u00c3O F\u00cdSICO-QU\u00cdMICA E MICROBIOL\u00d3GICA DA QUALIDADE DA<br \/>\n\u00c1GUA DE PO\u00c7O CONSUMIDA NO MUNIC\u00cdPIO DE MACAP\u00c1.<\/p>\n<p><a href=\"http:\/\/www2.unifap.br\/cambientais\/files\/2017\/03\/TCC-HELIDA-SANTOS-2012.pdf\">H\u00c9LIDA CORDEIRO PENNAFORT SANTOS<\/a>\u00a0&#8211; POL\u00cdTICA DE RESPONSABILIDADE SOCIOAMBIENTAL NO \u00c2MBITO DO\u00a0TRIBUNAL DE JUSTI\u00c7A DO ESTADO DO AMAP\u00c1: O PLANO DE LOG\u00cdSTICA<br \/>\nSUSTENT\u00c1VEL.<\/p>\n<p><a href=\"http:\/\/www2.unifap.br\/cambientais\/files\/2017\/03\/TCC-Lana_Carla_Peixoto-20121.pdf\">LANNA CARLA DA MATTA PEIXOTO<\/a>\u00a0&#8211; LEVANTAMENTO SOCIOECON\u00d4MICO E AMBIENTAL EM LOTES DE AGRICULTURA FAMILIAR NO MINIPOLO DE FAZENDINHA, MACAP\u00c1-AP, BRASIL.<\/p>\n<p><a href=\"http:\/\/www2.unifap.br\/cambientais\/files\/2017\/03\/TCC-NAT\u00c2NIA_NETO_COSTA.pdf\">NAT\u00c2NIA NETO COSTA<\/a>:\u00a0A PERCEP\u00c7\u00c3O AMBIENTAL COMO BASE PARA CONSERVA\u00c7\u00c3O DA BIODIVERSIDADE NA \u00c1REA DE PROTE\u00c7\u00c3O AMBIENTAL (APA) DO RIO CURIA\u00da.<\/p>\n<p><a href=\"https:\/\/drive.google.com\/file\/d\/16GVZ5PI-BSrl9fiu9MNMfdKFv4tBgAel\/view?usp=sharing\">PEDRO LOBATO DA SILVA<\/a>:\u00a0DIAGN\u00d3STICO DOS ESTOQUES DE RES\u00cdDUOS DE EQUIPAMENTOS\u00a0ELETROELETR\u00d4NICOS (REEEs) DO TJAP (2005 \u2013 2015).<\/p>\n<p><a href=\"http:\/\/www2.unifap.br\/cambientais\/files\/2017\/03\/TCC-Rafael-Neri-2012.pdf\">RAFAEL NERI FURTADO<\/a>\u00a0&#8211; AN\u00c1LISE F\u00cdSICO-QU\u00cdMICA E MICROBIOL\u00d3GICA DA \u00c1GUA TRATADA E\u00a0DISTRIBU\u00cdDA NO MUNIC\u00cdPIO DE SANTANA \u2013 AP.<\/p>\n<p>&nbsp;<\/p>\n","protected":false},"excerpt":{"rendered":"<p>(Para fazer o download do TCC, clique no nome do autor) BRUNO IMAR FONSECA NUNES:\u00a0COMPOSI\u00c7\u00c3O FLOR\u00cdSTICA E FITOSSOCIOL\u00d3GIA EM MATA DE IGAP\u00d3 NA FLORESTA NACIONAL DO AMAP\u00c1. CARLOS HENRIQUE DA SILVA TEIXEIRA:\u00a0AVALIA\u00c7\u00c3O DO PROCEDIMENTO DE LICENCIAMENTO AMBIENTAL DO CULTIVO DE SOJA NO AMAP\u00c1 A PARTIR DA PERCEP\u00c7\u00c3O DOS PRINCIPAIS ATORES \u2026 <a class=\"continue-reading-link\" href=\"http:\/\/www2.unifap.br\/cambientais\/biblioteca-de-dissertacoes-e-teses\/tcc\/tcc-turma-2012\/\"> Continue Lendo <span class=\"meta-nav\">&rarr; <\/span><\/a><\/p>\n","protected":false},"author":918,"featured_media":0,"parent":503,"menu_order":0,"comment_status":"open","ping_status":"open","template":"","meta":{"inline_featured_image":false,"ngg_post_thumbnail":0,"footnotes":""},"class_list":["post-1316","page","type-page","status-publish","hentry"],"_links":{"self":[{"href":"http:\/\/www2.unifap.br\/cambientais\/wp-json\/wp\/v2\/pages\/1316","targetHints":{"allow":["GET"]}}],"collection":[{"href":"http:\/\/www2.unifap.br\/cambientais\/wp-json\/wp\/v2\/pages"}],"about":[{"href":"http:\/\/www2.unifap.br\/cambientais\/wp-json\/wp\/v2\/types\/page"}],"author":[{"embeddable":true,"href":"http:\/\/www2.unifap.br\/cambientais\/wp-json\/wp\/v2\/users\/918"}],"replies":[{"embeddable":true,"href":"http:\/\/www2.unifap.br\/cambientais\/wp-json\/wp\/v2\/comments?post=1316"}],"version-history":[{"count":7,"href":"http:\/\/www2.unifap.br\/cambientais\/wp-json\/wp\/v2\/pages\/1316\/revisions"}],"predecessor-version":[{"id":1406,"href":"http:\/\/www2.unifap.br\/cambientais\/wp-json\/wp\/v2\/pages\/1316\/revisions\/1406"}],"up":[{"embeddable":true,"href":"http:\/\/www2.unifap.br\/cambientais\/wp-json\/wp\/v2\/pages\/503"}],"wp:attachment":[{"href":"http:\/\/www2.unifap.br\/cambientais\/wp-json\/wp\/v2\/media?parent=1316"}],"curies":[{"name":"wp","href":"https:\/\/api.w.org\/{rel}","templated":true}]}}