{"id":2472,"date":"2023-03-24T04:24:04","date_gmt":"2023-03-24T04:24:04","guid":{"rendered":"https:\/\/www2.unifap.br\/cambientais\/?page_id=2472"},"modified":"2023-03-24T04:49:12","modified_gmt":"2023-03-24T04:49:12","slug":"2021-2","status":"publish","type":"page","link":"http:\/\/www2.unifap.br\/cambientais\/2021-2\/","title":{"rendered":"2021"},"content":{"rendered":"\t\t<div data-elementor-type=\"wp-page\" data-elementor-id=\"2472\" class=\"elementor elementor-2472\">\n\t\t\t\t\t\t<section class=\"elementor-section elementor-top-section elementor-element elementor-element-3053b23 elementor-section-boxed elementor-section-height-default elementor-section-height-default\" data-id=\"3053b23\" data-element_type=\"section\" data-e-type=\"section\">\n\t\t\t\t\t\t<div class=\"elementor-container elementor-column-gap-default\">\n\t\t\t\t\t<div class=\"elementor-column elementor-col-100 elementor-top-column elementor-element elementor-element-3a19d6d\" data-id=\"3a19d6d\" data-element_type=\"column\" data-e-type=\"column\">\n\t\t\t<div class=\"elementor-widget-wrap elementor-element-populated\">\n\t\t\t\t\t\t<div class=\"elementor-element elementor-element-870f7d0 elementor-widget elementor-widget-text-editor\" data-id=\"870f7d0\" data-element_type=\"widget\" data-e-type=\"widget\" data-widget_type=\"text-editor.default\">\n\t\t\t\t<div class=\"elementor-widget-container\">\n\t\t\t\t\t\t\t\t\t<p>\u00a0<a href=\"http:\/\/www2.unifap.br\/cambientais\/files\/2023\/03\/Ata_reuniao5fev2021.pdf\">Ata_reuni\u00e3o5fev2021<\/a><\/p><p><a href=\"http:\/\/www2.unifap.br\/cambientais\/files\/2023\/03\/Ata_reuniao18mar2021.pdf\">Ata_reuni\u00e3o18mar2021<\/a><\/p><p><a href=\"http:\/\/www2.unifap.br\/cambientais\/files\/2023\/03\/Ata_reuniao26Jul2021.pdf\">Ata_reuni\u00e3o26Jul2021<\/a><\/p><p><a href=\"http:\/\/www2.unifap.br\/cambientais\/files\/2023\/03\/Ata_reuniao03Set2021.pdf\">Ata_reuni\u00e3o03Set2021<\/a><\/p><p><a href=\"http:\/\/www2.unifap.br\/cambientais\/files\/2023\/03\/Ata_reuniao12nov2021.pdf\">Ata_reuni\u00e3o12nov2021<\/a>\u00a0<\/p>\t\t\t\t\t\t\t\t<\/div>\n\t\t\t\t<\/div>\n\t\t\t\t\t<\/div>\n\t\t<\/div>\n\t\t\t\t\t<\/div>\n\t\t<\/section>\n\t\t\t\t<section class=\"elementor-section elementor-top-section elementor-element elementor-element-48cf453 elementor-section-boxed elementor-section-height-default elementor-section-height-default\" data-id=\"48cf453\" data-element_type=\"section\" data-e-type=\"section\">\n\t\t\t\t\t\t<div class=\"elementor-container elementor-column-gap-default\">\n\t\t\t\t\t<div class=\"elementor-column elementor-col-100 elementor-top-column elementor-element elementor-element-89b907b\" data-id=\"89b907b\" data-element_type=\"column\" data-e-type=\"column\">\n\t\t\t<div class=\"elementor-widget-wrap elementor-element-populated\">\n\t\t\t\t\t\t<div class=\"elementor-element elementor-element-9e0cf8b elementor-widget-divider--view-line elementor-widget elementor-widget-divider\" data-id=\"9e0cf8b\" data-element_type=\"widget\" data-e-type=\"widget\" data-widget_type=\"divider.default\">\n\t\t\t\t<div class=\"elementor-widget-container\">\n\t\t\t\t\t\t\t<div class=\"elementor-divider\">\n\t\t\t<span class=\"elementor-divider-separator\">\n\t\t\t\t\t\t<\/span>\n\t\t<\/div>\n\t\t\t\t\t\t<\/div>\n\t\t\t\t<\/div>\n\t\t\t\t\t<\/div>\n\t\t<\/div>\n\t\t\t\t\t<\/div>\n\t\t<\/section>\n\t\t\t\t<section class=\"elementor-section elementor-top-section elementor-element elementor-element-c9e030d elementor-section-boxed elementor-section-height-default elementor-section-height-default\" data-id=\"c9e030d\" data-element_type=\"section\" data-e-type=\"section\">\n\t\t\t\t\t\t<div class=\"elementor-container elementor-column-gap-default\">\n\t\t\t\t\t<div class=\"elementor-column elementor-col-100 elementor-top-column elementor-element elementor-element-b273ddc\" data-id=\"b273ddc\" data-element_type=\"column\" data-e-type=\"column\">\n\t\t\t<div class=\"elementor-widget-wrap elementor-element-populated\">\n\t\t\t\t\t\t<div class=\"elementor-element elementor-element-8a27a57 elementor-button-info elementor-widget elementor-widget-button\" data-id=\"8a27a57\" data-element_type=\"widget\" data-e-type=\"widget\" data-widget_type=\"button.default\">\n\t\t\t\t<div class=\"elementor-widget-container\">\n\t\t\t\t\t\t\t\t\t<div class=\"elementor-button-wrapper\">\n\t\t\t\t\t<a class=\"elementor-button elementor-button-link elementor-size-sm\" href=\"https:\/\/www2.unifap.br\/cambientais\/\">\n\t\t\t\t\t\t<span class=\"elementor-button-content-wrapper\">\n\t\t\t\t\t\t<span class=\"elementor-button-icon\">\n\t\t\t\t<i aria-hidden=\"true\" class=\"fas fa-home\"><\/i>\t\t\t<\/span>\n\t\t\t\t\t\t\t\t\t<span class=\"elementor-button-text\">In\u00edcio<\/span>\n\t\t\t\t\t<\/span>\n\t\t\t\t\t<\/a>\n\t\t\t\t<\/div>\n\t\t\t\t\t\t\t\t<\/div>\n\t\t\t\t<\/div>\n\t\t\t\t\t<\/div>\n\t\t<\/div>\n\t\t\t\t\t<\/div>\n\t\t<\/section>\n\t\t\t\t<\/div>\n\t\t","protected":false},"excerpt":{"rendered":"<p>\u00a0Ata_reuni\u00e3o5fev2021 Ata_reuni\u00e3o18mar2021 Ata_reuni\u00e3o26Jul2021 Ata_reuni\u00e3o03Set2021 Ata_reuni\u00e3o12nov2021\u00a0 In\u00edcio<\/p>\n","protected":false},"author":3976,"featured_media":0,"parent":0,"menu_order":0,"comment_status":"closed","ping_status":"closed","template":"","meta":{"inline_featured_image":false,"ngg_post_thumbnail":0,"footnotes":""},"class_list":["post-2472","page","type-page","status-publish","hentry"],"_links":{"self":[{"href":"http:\/\/www2.unifap.br\/cambientais\/wp-json\/wp\/v2\/pages\/2472","targetHints":{"allow":["GET"]}}],"collection":[{"href":"http:\/\/www2.unifap.br\/cambientais\/wp-json\/wp\/v2\/pages"}],"about":[{"href":"http:\/\/www2.unifap.br\/cambientais\/wp-json\/wp\/v2\/types\/page"}],"author":[{"embeddable":true,"href":"http:\/\/www2.unifap.br\/cambientais\/wp-json\/wp\/v2\/users\/3976"}],"replies":[{"embeddable":true,"href":"http:\/\/www2.unifap.br\/cambientais\/wp-json\/wp\/v2\/comments?post=2472"}],"version-history":[{"count":4,"href":"http:\/\/www2.unifap.br\/cambientais\/wp-json\/wp\/v2\/pages\/2472\/revisions"}],"predecessor-version":[{"id":2510,"href":"http:\/\/www2.unifap.br\/cambientais\/wp-json\/wp\/v2\/pages\/2472\/revisions\/2510"}],"wp:attachment":[{"href":"http:\/\/www2.unifap.br\/cambientais\/wp-json\/wp\/v2\/media?parent=2472"}],"curies":[{"name":"wp","href":"https:\/\/api.w.org\/{rel}","templated":true}]}}