{"id":2524,"date":"2023-03-24T05:02:26","date_gmt":"2023-03-24T05:02:26","guid":{"rendered":"https:\/\/www2.unifap.br\/cambientais\/?page_id=2524"},"modified":"2023-03-24T05:14:55","modified_gmt":"2023-03-24T05:14:55","slug":"2016-2","status":"publish","type":"page","link":"http:\/\/www2.unifap.br\/cambientais\/2016-2\/","title":{"rendered":"TCC &#8211; Turma 2016"},"content":{"rendered":"\t\t<div data-elementor-type=\"wp-page\" data-elementor-id=\"2524\" class=\"elementor elementor-2524\">\n\t\t\t\t\t\t<section class=\"elementor-section elementor-top-section elementor-element elementor-element-4232c89 elementor-section-boxed elementor-section-height-default elementor-section-height-default\" data-id=\"4232c89\" data-element_type=\"section\" data-e-type=\"section\">\n\t\t\t\t\t\t<div class=\"elementor-container elementor-column-gap-default\">\n\t\t\t\t\t<div class=\"elementor-column elementor-col-100 elementor-top-column elementor-element elementor-element-8749e79\" data-id=\"8749e79\" data-element_type=\"column\" data-e-type=\"column\">\n\t\t\t<div class=\"elementor-widget-wrap elementor-element-populated\">\n\t\t\t\t\t\t<div class=\"elementor-element elementor-element-477a703 elementor-widget elementor-widget-text-editor\" data-id=\"477a703\" data-element_type=\"widget\" data-e-type=\"widget\" data-widget_type=\"text-editor.default\">\n\t\t\t\t<div class=\"elementor-widget-container\">\n\t\t\t\t\t\t\t\t\t<p><span style=\"color: #000000\">(Para fazer o download do TCC, clique no nome dos autor(es))<\/span><\/p><p><span style=\"color: #000000\"><a style=\"color: #000000\" href=\"http:\/\/www2.unifap.br\/cambientais\/files\/2023\/03\/ELILIANE-DE-JESUS-BRITO-AVALIACAO-PRELIMINAR-DA-DEGRADACAO-AMBIENTAL-POR-SENSORIAMENTO-REMOTO-DAS-AREAS-DE-CONCESSAO-MINERAL-PARA-EXTRACAO-DE-OURO-NO-DISTRITO-GARIMPEIRO-DE-LOURENCOAP.pdf\">ELILIANE DE JESUS BRITO &#8211; AVALIA\u00c7\u00c3O PRELIMINAR DA DEGRADA\u00c7\u00c3O AMBIENTAL POR SENSORIAMENTO REMOTO DAS \u00c1REAS DE CONCESS\u00c3O MINERAL PARA EXTRA\u00c7\u00c3O DE OURO NO DISTRITO GARIMPEIRO DE LOUREN\u00c7OAP<\/a> <\/span><\/p><p><span style=\"color: #000000\"><a style=\"color: #000000\" href=\"http:\/\/www2.unifap.br\/cambientais\/files\/2023\/03\/GLEITON-TEIXEIRA-SANTOS-ACOES-DE-EDUCACAO-AMBIENTAL-COMO-PRATICA-EXTENSIONISTA-DO-CORPO-DE-BOMBEIROS-MILITAR-DO-AMAPA.pdf\">GLEITON TEIXEIRA SANTOS &#8211; A\u00c7\u00d5ES DE EDUCA\u00c7\u00c3O AMBIENTAL COMO PR\u00c1TICA EXTENSIONISTA DO CORPO DE BOMBEIROS MILITAR DO AMAP\u00c1<\/a> <\/span><\/p><p><span style=\"color: #000000\"><a style=\"color: #000000\" href=\"http:\/\/www2.unifap.br\/cambientais\/files\/2023\/03\/JESSICA-COSTA-MELO-DISTRIBUICAO-E-CARACTERIZACAO-ESPACIAL-DE-BARRAGENS-DE-REJEITO-NAS-AREAS-DE-MINERACAO-NO-ESTADO-DO-AMAPA.pdf\">J\u00c9SSICA COSTA MELO &#8211; DISTRIBUI\u00c7\u00c3O E CARACTERIZA\u00c7\u00c3O ESPACIAL DE BARRAGENS DE REJEITO NAS \u00c1REAS DE MINERA\u00c7\u00c3O NO ESTADO DO AMAP\u00c1<\/a><\/span><\/p><p><span style=\"color: #000000\"> <a style=\"color: #000000\" href=\"http:\/\/www2.unifap.br\/cambientais\/files\/2023\/03\/OZEAS-MENDES-LAMEIRA-JUNIOR-A-SOJA-E-AS-PERSPECTIVAS-SOCIOECONOMICAS-PARA-O-ESTADO-DO-AMAPA.pdf\">OZEAS MENDES LAMEIRA JUNIOR &#8211; A SOJA E AS PERSPECTIVAS SOCIOECON\u00d4MICAS PARA O ESTADO DO AMAP\u00c1<\/a> <\/span><\/p><p><span style=\"color: #000000\"><a style=\"color: #000000\" href=\"http:\/\/www2.unifap.br\/cambientais\/files\/2023\/03\/RENATA-MAYELLE-SOUSA-FIGUEIRA-CARACTERISTICAS-DOS-SEDIMENTOS-DO-ARQUIPELAGO-DO-BAILIQUE-COM-BASE-EM-ANALISES-GRANULOMETRICAS.pdf\">RENATA MAYELLE SOUSA FIGUEIRA &#8211; CARACTER\u00cdSTICAS DOS SEDIMENTOS DO ARQUIP\u00c9LAGO DO BAILIQUE COM BASE EM AN\u00c1LISES GRANULOM\u00c9TRICAS<\/a> <\/span><\/p><p><a href=\"http:\/\/www2.unifap.br\/cambientais\/files\/2023\/03\/TIAGO-MIRANDA-MARQUES-VARIACAO-ESPACO-TEMPORAL-DA-ASSEMBLEIA-DE-MORCEGOS-FILOSTOMIDEOS-EM-UM-MOSAICO-DE-SAVANA-FLORESTA-NO-NORDESTE-DA-AMAZONIA-BRASILEIRA.pdf\"><span style=\"color: #000000\">TIAGO MIRANDA MARQUES &#8211; VARIA\u00c7\u00c3O ESPA\u00c7O-TEMPORAL DA ASSEMBLEIA DE MORCEGOS FILOSTOM\u00cdDEOS EM UM MOSAICO DE SAVANA-FLORESTA NO NORDESTE<\/span> DA AMAZ\u00d4NIA BRASILEIRA<\/a><\/p>\t\t\t\t\t\t\t\t<\/div>\n\t\t\t\t<\/div>\n\t\t\t\t\t<\/div>\n\t\t<\/div>\n\t\t\t\t\t<\/div>\n\t\t<\/section>\n\t\t\t\t<section class=\"elementor-section elementor-top-section elementor-element elementor-element-71ceed6 elementor-section-boxed elementor-section-height-default elementor-section-height-default\" data-id=\"71ceed6\" data-element_type=\"section\" data-e-type=\"section\">\n\t\t\t\t\t\t<div class=\"elementor-container elementor-column-gap-default\">\n\t\t\t\t\t<div class=\"elementor-column elementor-col-100 elementor-top-column elementor-element elementor-element-9d999e6\" data-id=\"9d999e6\" data-element_type=\"column\" data-e-type=\"column\">\n\t\t\t<div class=\"elementor-widget-wrap elementor-element-populated\">\n\t\t\t\t\t\t<div class=\"elementor-element elementor-element-8163f85 elementor-widget-divider--view-line elementor-widget elementor-widget-divider\" data-id=\"8163f85\" data-element_type=\"widget\" data-e-type=\"widget\" data-widget_type=\"divider.default\">\n\t\t\t\t<div class=\"elementor-widget-container\">\n\t\t\t\t\t\t\t<div class=\"elementor-divider\">\n\t\t\t<span class=\"elementor-divider-separator\">\n\t\t\t\t\t\t<\/span>\n\t\t<\/div>\n\t\t\t\t\t\t<\/div>\n\t\t\t\t<\/div>\n\t\t\t\t\t<\/div>\n\t\t<\/div>\n\t\t\t\t\t<\/div>\n\t\t<\/section>\n\t\t\t\t<section class=\"elementor-section elementor-top-section elementor-element elementor-element-f63f1dd elementor-section-boxed elementor-section-height-default elementor-section-height-default\" data-id=\"f63f1dd\" data-element_type=\"section\" data-e-type=\"section\">\n\t\t\t\t\t\t<div class=\"elementor-container elementor-column-gap-default\">\n\t\t\t\t\t<div class=\"elementor-column elementor-col-100 elementor-top-column elementor-element elementor-element-c3f31f6\" data-id=\"c3f31f6\" data-element_type=\"column\" data-e-type=\"column\">\n\t\t\t<div class=\"elementor-widget-wrap elementor-element-populated\">\n\t\t\t\t\t\t<div class=\"elementor-element elementor-element-19819f2 elementor-button-info elementor-widget elementor-widget-button\" data-id=\"19819f2\" data-element_type=\"widget\" data-e-type=\"widget\" data-widget_type=\"button.default\">\n\t\t\t\t<div class=\"elementor-widget-container\">\n\t\t\t\t\t\t\t\t\t<div class=\"elementor-button-wrapper\">\n\t\t\t\t\t<a class=\"elementor-button elementor-button-link elementor-size-sm\" href=\"https:\/\/www2.unifap.br\/cambientais\/\">\n\t\t\t\t\t\t<span class=\"elementor-button-content-wrapper\">\n\t\t\t\t\t\t<span class=\"elementor-button-icon\">\n\t\t\t\t<i aria-hidden=\"true\" class=\"fas fa-home\"><\/i>\t\t\t<\/span>\n\t\t\t\t\t\t\t\t\t<span class=\"elementor-button-text\">In\u00edcio<\/span>\n\t\t\t\t\t<\/span>\n\t\t\t\t\t<\/a>\n\t\t\t\t<\/div>\n\t\t\t\t\t\t\t\t<\/div>\n\t\t\t\t<\/div>\n\t\t\t\t\t<\/div>\n\t\t<\/div>\n\t\t\t\t\t<\/div>\n\t\t<\/section>\n\t\t\t\t<\/div>\n\t\t","protected":false},"excerpt":{"rendered":"<p>(Para fazer o download do TCC, clique no nome dos autor(es)) ELILIANE DE JESUS BRITO &#8211; AVALIA\u00c7\u00c3O PRELIMINAR DA DEGRADA\u00c7\u00c3O AMBIENTAL POR SENSORIAMENTO REMOTO DAS \u00c1REAS DE CONCESS\u00c3O MINERAL PARA EXTRA\u00c7\u00c3O DE OURO NO DISTRITO GARIMPEIRO DE LOUREN\u00c7OAP GLEITON TEIXEIRA SANTOS &#8211; A\u00c7\u00d5ES DE EDUCA\u00c7\u00c3O AMBIENTAL COMO PR\u00c1TICA EXTENSIONISTA DO \u2026 <a class=\"continue-reading-link\" href=\"http:\/\/www2.unifap.br\/cambientais\/2016-2\/\"> Continue Lendo <span class=\"meta-nav\">&rarr; <\/span><\/a><\/p>\n","protected":false},"author":3976,"featured_media":0,"parent":0,"menu_order":0,"comment_status":"closed","ping_status":"closed","template":"","meta":{"inline_featured_image":false,"ngg_post_thumbnail":0,"footnotes":""},"class_list":["post-2524","page","type-page","status-publish","hentry"],"_links":{"self":[{"href":"http:\/\/www2.unifap.br\/cambientais\/wp-json\/wp\/v2\/pages\/2524","targetHints":{"allow":["GET"]}}],"collection":[{"href":"http:\/\/www2.unifap.br\/cambientais\/wp-json\/wp\/v2\/pages"}],"about":[{"href":"http:\/\/www2.unifap.br\/cambientais\/wp-json\/wp\/v2\/types\/page"}],"author":[{"embeddable":true,"href":"http:\/\/www2.unifap.br\/cambientais\/wp-json\/wp\/v2\/users\/3976"}],"replies":[{"embeddable":true,"href":"http:\/\/www2.unifap.br\/cambientais\/wp-json\/wp\/v2\/comments?post=2524"}],"version-history":[{"count":5,"href":"http:\/\/www2.unifap.br\/cambientais\/wp-json\/wp\/v2\/pages\/2524\/revisions"}],"predecessor-version":[{"id":2548,"href":"http:\/\/www2.unifap.br\/cambientais\/wp-json\/wp\/v2\/pages\/2524\/revisions\/2548"}],"wp:attachment":[{"href":"http:\/\/www2.unifap.br\/cambientais\/wp-json\/wp\/v2\/media?parent=2524"}],"curies":[{"name":"wp","href":"https:\/\/api.w.org\/{rel}","templated":true}]}}